{"id":1060,"date":"2025-05-15T08:54:05","date_gmt":"2025-05-15T07:54:05","guid":{"rendered":"https:\/\/marsizsolt.hu\/?page_id=1060"},"modified":"2025-10-14T07:47:33","modified_gmt":"2025-10-14T06:47:33","slug":"blog","status":"publish","type":"page","link":"https:\/\/marsizsolt.hu\/en\/blog\/","title":{"rendered":"Blog"},"content":{"rendered":"\t\t<div data-elementor-type=\"wp-page\" data-elementor-id=\"1060\" class=\"elementor elementor-1060\" data-elementor-post-type=\"page\">\n\t\t\t\t<div class=\"elementor-element elementor-element-49ec037 e-flex e-con-boxed e-con e-parent\" data-id=\"49ec037\" data-element_type=\"container\" data-e-type=\"container\" data-settings=\"{&quot;background_background&quot;:&quot;classic&quot;}\">\n\t\t\t\t\t<div class=\"e-con-inner\">\n\t\t<div class=\"elementor-element elementor-element-730c6fc e-con-full e-flex e-con e-child\" data-id=\"730c6fc\" data-element_type=\"container\" data-e-type=\"container\">\n\t\t\t\t<div class=\"elementor-element elementor-element-435b6dd elementor-widget elementor-widget-heading\" data-id=\"435b6dd\" data-element_type=\"widget\" data-e-type=\"widget\" data-widget_type=\"heading.default\">\n\t\t\t\t<div class=\"elementor-widget-container\">\n\t\t\t\t\t<h2 class=\"elementor-heading-title elementor-size-default\">\u00cdzek m\u00f6g\u00f6tti t\u00f6rt\u00e9netek<\/h2>\t\t\t\t<\/div>\n\t\t\t\t<\/div>\n\t\t\t\t<div class=\"elementor-element elementor-element-c35e4fe elementor-widget elementor-widget-text-editor\" data-id=\"c35e4fe\" data-element_type=\"widget\" data-e-type=\"widget\" data-widget_type=\"text-editor.default\">\n\t\t\t\t<div class=\"elementor-widget-container\">\n\t\t\t\t\t\t\t\t\t<p>Csatlakozz k\u00f6z\u00f6ss\u00e9g\u00fcnkh\u00f6z, \u00e9s l\u00e9gy mindig naprak\u00e9sz minden \u00fajdons\u00e1ggal kapcsolatban! Els\u0151k\u00e9nt \u00e9rtes\u00fclhetsz k\u00f6zelg\u0151 esem\u00e9nyeinkr\u0151l, k\u00fcl\u00f6nleges aj\u00e1nlatainkr\u00f3l \u00e9s friss h\u00edreinkr\u0151l, \u00edgy semmir\u0151l sem maradsz le. Bepillant\u00e1st nyerhetsz a kulissz\u00e1k m\u00f6g\u00e9 is: megmutatjuk a rendezv\u00e9nyek el\u0151k\u00e9sz\u00fcleteit, inspir\u00e1l\u00f3 pillanatokat \u00e9s a csapatunk mindennapjait. Legy\u00e9l r\u00e9szese a t\u00f6rt\u00e9net\u00fcnknek, \u00e9s fedezd fel vel\u00fcnk, mi zajlik a h\u00e1tt\u00e9rben!<\/p>\t\t\t\t\t\t\t\t<\/div>\n\t\t\t\t<\/div>\n\t\t\t\t<\/div>\n\t\t\t\t\t<\/div>\n\t\t\t\t<\/div>\n\t\t<div class=\"elementor-element elementor-element-8793217 e-flex e-con-boxed e-con e-parent\" data-id=\"8793217\" data-element_type=\"container\" data-e-type=\"container\" data-settings=\"{&quot;background_background&quot;:&quot;classic&quot;}\">\n\t\t\t\t\t<div class=\"e-con-inner\">\n\t\t<div class=\"elementor-element elementor-element-b288efe e-con-full e-flex e-con e-child\" data-id=\"b288efe\" data-element_type=\"container\" data-e-type=\"container\" data-settings=\"{&quot;background_background&quot;:&quot;classic&quot;}\">\n\t\t<div class=\"elementor-element elementor-element-f369486 e-con-full e-flex e-con e-child\" data-id=\"f369486\" data-element_type=\"container\" data-e-type=\"container\">\n\t\t\t\t<div class=\"elementor-element elementor-element-adf593d elementor-posts--align-left elementor-grid-3 elementor-grid-tablet-2 elementor-grid-mobile-1 elementor-posts--thumbnail-top elementor-widget elementor-widget-posts\" data-id=\"adf593d\" data-element_type=\"widget\" data-e-type=\"widget\" data-settings=\"{&quot;classic_columns&quot;:&quot;3&quot;,&quot;classic_columns_tablet&quot;:&quot;2&quot;,&quot;classic_columns_mobile&quot;:&quot;1&quot;,&quot;classic_row_gap&quot;:{&quot;unit&quot;:&quot;px&quot;,&quot;size&quot;:35,&quot;sizes&quot;:[]},&quot;classic_row_gap_widescreen&quot;:{&quot;unit&quot;:&quot;px&quot;,&quot;size&quot;:&quot;&quot;,&quot;sizes&quot;:[]},&quot;classic_row_gap_laptop&quot;:{&quot;unit&quot;:&quot;px&quot;,&quot;size&quot;:&quot;&quot;,&quot;sizes&quot;:[]},&quot;classic_row_gap_tablet_extra&quot;:{&quot;unit&quot;:&quot;px&quot;,&quot;size&quot;:&quot;&quot;,&quot;sizes&quot;:[]},&quot;classic_row_gap_tablet&quot;:{&quot;unit&quot;:&quot;px&quot;,&quot;size&quot;:&quot;&quot;,&quot;sizes&quot;:[]},&quot;classic_row_gap_mobile_extra&quot;:{&quot;unit&quot;:&quot;px&quot;,&quot;size&quot;:&quot;&quot;,&quot;sizes&quot;:[]},&quot;classic_row_gap_mobile&quot;:{&quot;unit&quot;:&quot;px&quot;,&quot;size&quot;:&quot;&quot;,&quot;sizes&quot;:[]}}\" data-widget_type=\"posts.classic\">\n\t\t\t\t<div class=\"elementor-widget-container\">\n\t\t\t\t\t\t\t<div class=\"elementor-posts-container elementor-posts elementor-posts--skin-classic elementor-grid\" role=\"list\">\n\t\t\t\t<article class=\"elementor-post elementor-grid-item post-1197 post type-post status-publish format-standard has-post-thumbnail hentry category-catering\" role=\"listitem\">\n\t\t\t\t<a class=\"elementor-post__thumbnail__link\" href=\"https:\/\/marsizsolt.hu\/en\/asztrogasztro-2025-bukki-csillagda\/\" tabindex=\"-1\" >\n\t\t\t<div class=\"elementor-post__thumbnail\"><img fetchpriority=\"high\" decoding=\"async\" width=\"768\" height=\"1024\" src=\"https:\/\/marsizsolt.hu\/wp-content\/uploads\/2025\/05\/bukki-csillagda-farkas-bertalan.webp\" class=\"attachment-large size-large wp-image-5773\" alt=\"\" srcset=\"https:\/\/marsizsolt.hu\/wp-content\/uploads\/2025\/05\/bukki-csillagda-farkas-bertalan.webp 1536w, https:\/\/marsizsolt.hu\/wp-content\/uploads\/2025\/05\/bukki-csillagda-farkas-bertalan-1200.webp 1200w, https:\/\/marsizsolt.hu\/wp-content\/uploads\/2025\/05\/bukki-csillagda-farkas-bertalan-600.webp 600w, https:\/\/marsizsolt.hu\/wp-content\/uploads\/2025\/05\/bukki-csillagda-farkas-bertalan-300.webp 300w, https:\/\/marsizsolt.hu\/wp-content\/uploads\/2025\/05\/bukki-csillagda-farkas-bertalan-150x150.webp 150w\" sizes=\"(max-width: 768px) 100vw, 768px\" \/><\/div>\n\t\t<\/a>\n\t\t\t\t<div class=\"elementor-post__text\">\n\t\t\t\t<h3 class=\"elementor-post__title\">\n\t\t\t<a href=\"https:\/\/marsizsolt.hu\/en\/asztrogasztro-2025-bukki-csillagda\/\" >\n\t\t\t\tAsztroGasztro 2025 B\u00fckki Csillagda\t\t\t<\/a>\n\t\t<\/h3>\n\t\t\t\t<div class=\"elementor-post__meta-data\">\n\t\t\t\t\t<span class=\"elementor-post-date\">\n\t\t\t2025-10-10\t\t<\/span>\n\t\t\t\t<\/div>\n\t\t\t\t<div class=\"elementor-post__excerpt\">\n\t\t\t<p>Vannak esem\u00e9nyek, amelyek nemcsak egy est\u00e9re sz\u00f3lnak \u2013 hanem \u00f6r\u00f6kre nyomot hagynak. A B\u00fckki Csillagd\u00e1ban megrendezett AsztroGasztro est pontosan ilyen volt.<\/p>\n\t\t<\/div>\n\t\t\n\t\t<a class=\"elementor-post__read-more\" href=\"https:\/\/marsizsolt.hu\/en\/asztrogasztro-2025-bukki-csillagda\/\" aria-label=\"Read more about AsztroGasztro 2025 B\u00fckki Csillagda\" tabindex=\"-1\" >\n\t\t\tTov\u00e1bb \u00bb\t\t<\/a>\n\n\t\t\t\t<\/div>\n\t\t\t\t<\/article>\n\t\t\t\t<article class=\"elementor-post elementor-grid-item post-5780 post type-post status-publish format-standard has-post-thumbnail hentry category-catering\" role=\"listitem\">\n\t\t\t\t<a class=\"elementor-post__thumbnail__link\" href=\"https:\/\/marsizsolt.hu\/en\/bor-es-gasztronomia-egy-tokeletes-talalkozas-az-egersoul-ban\/\" tabindex=\"-1\" >\n\t\t\t<div class=\"elementor-post__thumbnail\"><img decoding=\"async\" width=\"800\" height=\"516\" src=\"https:\/\/marsizsolt.hu\/wp-content\/uploads\/2025\/10\/egersoul-marsi-catering.webp\" class=\"attachment-large size-large wp-image-5781\" alt=\"Eleg\u00e1ns vacsoraasztal ter\u00edt\u00e9ke az EGERSOUL rendezv\u00e9nyhelysz\u00ednen\" srcset=\"https:\/\/marsizsolt.hu\/wp-content\/uploads\/2025\/10\/egersoul-marsi-catering.webp 1920w, https:\/\/marsizsolt.hu\/wp-content\/uploads\/2025\/10\/egersoul-marsi-catering-1200.webp 1200w, https:\/\/marsizsolt.hu\/wp-content\/uploads\/2025\/10\/egersoul-marsi-catering-600.webp 600w, https:\/\/marsizsolt.hu\/wp-content\/uploads\/2025\/10\/egersoul-marsi-catering-300.webp 300w, https:\/\/marsizsolt.hu\/wp-content\/uploads\/2025\/10\/egersoul-marsi-catering-150x150.webp 150w\" sizes=\"(max-width: 800px) 100vw, 800px\" \/><\/div>\n\t\t<\/a>\n\t\t\t\t<div class=\"elementor-post__text\">\n\t\t\t\t<h3 class=\"elementor-post__title\">\n\t\t\t<a href=\"https:\/\/marsizsolt.hu\/en\/bor-es-gasztronomia-egy-tokeletes-talalkozas-az-egersoul-ban\/\" >\n\t\t\t\tBor \u00e9s gasztron\u00f3mia \u2013 egy t\u00f6k\u00e9letes tal\u00e1lkoz\u00e1s az EGERSOUL-ban\t\t\t<\/a>\n\t\t<\/h3>\n\t\t\t\t<div class=\"elementor-post__meta-data\">\n\t\t\t\t\t<span class=\"elementor-post-date\">\n\t\t\t2025-10-08\t\t<\/span>\n\t\t\t\t<\/div>\n\t\t\t\t<div class=\"elementor-post__excerpt\">\n\t\t\t<p>Van az a pillanat, amikor minden a hely\u00e9re ker\u00fcl: a gondosan kiv\u00e1lasztott bor, az \u00edzek harm\u00f3ni\u00e1ja, a hangulat, a vend\u00e9gek, az \u00fczenet.<\/p>\n\t\t<\/div>\n\t\t\n\t\t<a class=\"elementor-post__read-more\" href=\"https:\/\/marsizsolt.hu\/en\/bor-es-gasztronomia-egy-tokeletes-talalkozas-az-egersoul-ban\/\" aria-label=\"Read more about Bor \u00e9s gasztron\u00f3mia \u2013 egy t\u00f6k\u00e9letes tal\u00e1lkoz\u00e1s az EGERSOUL-ban\" tabindex=\"-1\" >\n\t\t\tTov\u00e1bb \u00bb\t\t<\/a>\n\n\t\t\t\t<\/div>\n\t\t\t\t<\/article>\n\t\t\t\t<\/div>\n\t\t\n\t\t\t\t\t\t<\/div>\n\t\t\t\t<\/div>\n\t\t\t\t<\/div>\n\t\t\t\t<\/div>\n\t\t\t\t\t<\/div>\n\t\t\t\t<\/div>\n\t\t<div class=\"elementor-element elementor-element-c07ad0c e-flex e-con-boxed e-con e-parent\" data-id=\"c07ad0c\" data-element_type=\"container\" data-e-type=\"container\" data-settings=\"{&quot;background_background&quot;:&quot;classic&quot;}\">\n\t\t\t\t\t<div class=\"e-con-inner\">\n\t\t<div class=\"elementor-element elementor-element-5769f57 e-con-full e-flex e-con e-child\" data-id=\"5769f57\" data-element_type=\"container\" data-e-type=\"container\">\n\t\t<div class=\"elementor-element elementor-element-cc5f86b e-con-full e-flex e-con e-child\" data-id=\"cc5f86b\" data-element_type=\"container\" data-e-type=\"container\">\n\t\t\t\t<div class=\"elementor-element elementor-element-55ef5b9 elementor-widget elementor-widget-heading\" data-id=\"55ef5b9\" data-element_type=\"widget\" data-e-type=\"widget\" data-widget_type=\"heading.default\">\n\t\t\t\t<div class=\"elementor-widget-container\">\n\t\t\t\t\t<h2 class=\"elementor-heading-title elementor-size-default\">B\u00e9relj egyszer\u0171en!<\/h2>\t\t\t\t<\/div>\n\t\t\t\t<\/div>\n\t\t\t\t<\/div>\n\t\t<div class=\"elementor-element elementor-element-a4eb0e7 e-con-full e-flex e-con e-child\" data-id=\"a4eb0e7\" data-element_type=\"container\" data-e-type=\"container\">\n\t\t\t\t<div class=\"elementor-element elementor-element-039025e elementor-widget elementor-widget-text-editor\" data-id=\"039025e\" data-element_type=\"widget\" data-e-type=\"widget\" data-widget_type=\"text-editor.default\">\n\t\t\t\t<div class=\"elementor-widget-container\">\n\t\t\t\t\t\t\t\t\t<article class=\"text-token-text-primary w-full focus:outline-none [--shadow-height:45px] has-data-writing-block:pointer-events-none has-data-writing-block:-mt-(--shadow-height) has-data-writing-block:pt-(--shadow-height) [&amp;:has([data-writing-block])&gt;*]:pointer-events-auto [content-visibility:auto] supports-[content-visibility:auto]:[contain-intrinsic-size:auto_100lvh] scroll-mt-[calc(var(--header-height)+min(200px,max(70px,20svh)))]\" dir=\"auto\" tabindex=\"-1\" data-turn-id=\"request-WEB:d5810277-e033-4e61-bdee-5798dd977e93-1\" data-testid=\"conversation-turn-4\" data-scroll-anchor=\"false\" data-turn=\"assistant\"><p>\u00c1ll\u00edtsd \u00f6ssze egyszer\u0171en a rendezv\u00e9nyedhez sz\u00fcks\u00e9ges catering eszk\u00f6z\u00f6ket, ak\u00e1r vill\u00e1r\u00f3l vill\u00e1ra!<\/p><p>K\u00fcldd el a list\u00e1t, \u00e9s mi szem\u00e9lyre szabott \u00e1raj\u00e1nlatot k\u00e9sz\u00edt\u00fcnk neked \u2014 vagy l\u00e9pj vel\u00fcnk kapcsolatba, \u00e9s szak\u00e9rt\u0151 csapatunk \u00f6ssze\u00e1ll\u00edtja neked a sz\u00fcks\u00e9ges list\u00e1t.<\/p><\/article>\t\t\t\t\t\t\t\t<\/div>\n\t\t\t\t<\/div>\n\t\t<div class=\"elementor-element elementor-element-2a7be31 e-con-full e-flex e-con e-child\" data-id=\"2a7be31\" data-element_type=\"container\" data-e-type=\"container\">\n\t\t\t\t<div class=\"elementor-element elementor-element-db5cbde elementor-align-left elementor-widget__width-auto elementor-mobile-align-left elementor-invisible elementor-widget elementor-widget-button\" data-id=\"db5cbde\" data-element_type=\"widget\" data-e-type=\"widget\" data-settings=\"{&quot;_animation&quot;:&quot;fadeIn&quot;,&quot;_animation_delay&quot;:100}\" data-widget_type=\"button.default\">\n\t\t\t\t<div class=\"elementor-widget-container\">\n\t\t\t\t\t\t\t\t\t<div class=\"elementor-button-wrapper\">\n\t\t\t\t\t<a class=\"elementor-button elementor-button-link elementor-size-sm\" href=\"https:\/\/marsizsolt.hu\/eszkozeink\/\">\n\t\t\t\t\t\t<span class=\"elementor-button-content-wrapper\">\n\t\t\t\t\t\t\t\t\t<span class=\"elementor-button-text\">\u00d6ssze\u00e1ll\u00edtom most!<\/span>\n\t\t\t\t\t<\/span>\n\t\t\t\t\t<\/a>\n\t\t\t\t<\/div>\n\t\t\t\t\t\t\t\t<\/div>\n\t\t\t\t<\/div>\n\t\t\t\t<div class=\"elementor-element elementor-element-29e253b elementor-align-left elementor-widget__width-auto elementor-mobile-align-left elementor-invisible elementor-widget elementor-widget-button\" data-id=\"29e253b\" data-element_type=\"widget\" data-e-type=\"widget\" data-settings=\"{&quot;_animation&quot;:&quot;fadeIn&quot;,&quot;_animation_delay&quot;:100}\" data-widget_type=\"button.default\">\n\t\t\t\t<div class=\"elementor-widget-container\">\n\t\t\t\t\t\t\t\t\t<div class=\"elementor-button-wrapper\">\n\t\t\t\t\t<a class=\"elementor-button elementor-button-link elementor-size-sm\" href=\"https:\/\/marsizsolt.hu\/kapcsolat\/\">\n\t\t\t\t\t\t<span class=\"elementor-button-content-wrapper\">\n\t\t\t\t\t\t\t\t\t<span class=\"elementor-button-text\">Kapcsolat<\/span>\n\t\t\t\t\t<\/span>\n\t\t\t\t\t<\/a>\n\t\t\t\t<\/div>\n\t\t\t\t\t\t\t\t<\/div>\n\t\t\t\t<\/div>\n\t\t\t\t<\/div>\n\t\t\t\t<\/div>\n\t\t\t\t<\/div>\n\t\t\t\t\t<\/div>\n\t\t\t\t<\/div>\n\t\t\t\t<\/div>\n\t\t","protected":false},"excerpt":{"rendered":"<p>\u00cdzek m\u00f6g\u00f6tti t\u00f6rt\u00e9netek Csatlakozz k\u00f6z\u00f6ss\u00e9g\u00fcnkh\u00f6z, \u00e9s l\u00e9gy mindig naprak\u00e9sz minden \u00fajdons\u00e1ggal kapcsolatban! Els\u0151k\u00e9nt \u00e9rtes\u00fclhetsz k\u00f6zelg\u0151 esem\u00e9nyeinkr\u0151l, k\u00fcl\u00f6nleges aj\u00e1nlatainkr\u00f3l \u00e9s friss h\u00edreinkr\u0151l, \u00edgy semmir\u0151l sem maradsz le. Bepillant\u00e1st nyerhetsz a kulissz\u00e1k m\u00f6g\u00e9 is: megmutatjuk a rendezv\u00e9nyek el\u0151k\u00e9sz\u00fcleteit, inspir\u00e1l\u00f3 pillanatokat \u00e9s a csapatunk mindennapjait. Legy\u00e9l r\u00e9szese a t\u00f6rt\u00e9net\u00fcnknek, \u00e9s fedezd fel vel\u00fcnk, mi zajlik a h\u00e1tt\u00e9rben! B\u00e9relj [&hellip;]<\/p>\n","protected":false},"author":2,"featured_media":0,"parent":0,"menu_order":6,"comment_status":"closed","ping_status":"closed","template":"","meta":{"footnotes":""},"class_list":["post-1060","page","type-page","status-publish","hentry"],"yoast_head":"<!-- This site is optimized with the Yoast SEO plugin v27.4 - https:\/\/yoast.com\/product\/yoast-seo-wordpress\/ -->\n<title>Blog | Komplett catering szolg\u00e1ltat\u00e1s \u00e9s eszk\u00f6zpark<\/title>\n<meta name=\"robots\" content=\"index, follow, max-snippet:-1, max-image-preview:large, max-video-preview:-1\" \/>\n<link rel=\"canonical\" href=\"https:\/\/marsizsolt.hu\/en\/blog\/\" \/>\n<meta property=\"og:locale\" content=\"en_US\" \/>\n<meta property=\"og:type\" content=\"article\" \/>\n<meta property=\"og:title\" content=\"Blog | Komplett catering szolg\u00e1ltat\u00e1s \u00e9s eszk\u00f6zpark\" \/>\n<meta property=\"og:description\" content=\"\u00cdzek m\u00f6g\u00f6tti t\u00f6rt\u00e9netek Csatlakozz k\u00f6z\u00f6ss\u00e9g\u00fcnkh\u00f6z, \u00e9s l\u00e9gy mindig naprak\u00e9sz minden \u00fajdons\u00e1ggal kapcsolatban! Els\u0151k\u00e9nt \u00e9rtes\u00fclhetsz k\u00f6zelg\u0151 esem\u00e9nyeinkr\u0151l, k\u00fcl\u00f6nleges aj\u00e1nlatainkr\u00f3l \u00e9s friss h\u00edreinkr\u0151l, \u00edgy semmir\u0151l sem maradsz le. Bepillant\u00e1st nyerhetsz a kulissz\u00e1k m\u00f6g\u00e9 is: megmutatjuk a rendezv\u00e9nyek el\u0151k\u00e9sz\u00fcleteit, inspir\u00e1l\u00f3 pillanatokat \u00e9s a csapatunk mindennapjait. Legy\u00e9l r\u00e9szese a t\u00f6rt\u00e9net\u00fcnknek, \u00e9s fedezd fel vel\u00fcnk, mi zajlik a h\u00e1tt\u00e9rben! B\u00e9relj [&hellip;]\" \/>\n<meta property=\"og:url\" content=\"https:\/\/marsizsolt.hu\/en\/blog\/\" \/>\n<meta property=\"og:site_name\" content=\"Komplett catering szolg\u00e1ltat\u00e1s \u00e9s eszk\u00f6zpark\" \/>\n<meta property=\"article:publisher\" content=\"https:\/\/www.facebook.com\/gasztro.marsi\" \/>\n<meta property=\"article:modified_time\" content=\"2025-10-14T06:47:33+00:00\" \/>\n<meta name=\"twitter:card\" content=\"summary_large_image\" \/>\n<meta name=\"twitter:label1\" content=\"Est. reading time\" \/>\n\t<meta name=\"twitter:data1\" content=\"1 minute\" \/>\n<script type=\"application\/ld+json\" class=\"yoast-schema-graph\">{\"@context\":\"https:\\\/\\\/schema.org\",\"@graph\":[{\"@type\":\"WebPage\",\"@id\":\"https:\\\/\\\/marsizsolt.hu\\\/blog\\\/\",\"url\":\"https:\\\/\\\/marsizsolt.hu\\\/blog\\\/\",\"name\":\"Blog | Komplett catering szolg\u00e1ltat\u00e1s \u00e9s eszk\u00f6zpark\",\"isPartOf\":{\"@id\":\"https:\\\/\\\/marsizsolt.hu\\\/#website\"},\"datePublished\":\"2025-05-15T07:54:05+00:00\",\"dateModified\":\"2025-10-14T06:47:33+00:00\",\"breadcrumb\":{\"@id\":\"https:\\\/\\\/marsizsolt.hu\\\/blog\\\/#breadcrumb\"},\"inLanguage\":\"en-US\",\"potentialAction\":[{\"@type\":\"ReadAction\",\"target\":[\"https:\\\/\\\/marsizsolt.hu\\\/blog\\\/\"]}]},{\"@type\":\"BreadcrumbList\",\"@id\":\"https:\\\/\\\/marsizsolt.hu\\\/blog\\\/#breadcrumb\",\"itemListElement\":[{\"@type\":\"ListItem\",\"position\":1,\"name\":\"Home\",\"item\":\"https:\\\/\\\/marsizsolt.hu\\\/\"},{\"@type\":\"ListItem\",\"position\":2,\"name\":\"Blog\"}]},{\"@type\":\"WebSite\",\"@id\":\"https:\\\/\\\/marsizsolt.hu\\\/#website\",\"url\":\"https:\\\/\\\/marsizsolt.hu\\\/\",\"name\":\"marsizsolt.hu\",\"description\":\"Marsi Zsolt Catering &amp; Az Udvar \u2013 Az esem\u00e9nyed gasztron\u00f3miai h\u00e1ttere\",\"publisher\":{\"@id\":\"https:\\\/\\\/marsizsolt.hu\\\/#organization\"},\"potentialAction\":[{\"@type\":\"SearchAction\",\"target\":{\"@type\":\"EntryPoint\",\"urlTemplate\":\"https:\\\/\\\/marsizsolt.hu\\\/?s={search_term_string}\"},\"query-input\":{\"@type\":\"PropertyValueSpecification\",\"valueRequired\":true,\"valueName\":\"search_term_string\"}}],\"inLanguage\":\"en-US\"},{\"@type\":\"Organization\",\"@id\":\"https:\\\/\\\/marsizsolt.hu\\\/#organization\",\"name\":\"marsizsolt.hu\",\"url\":\"https:\\\/\\\/marsizsolt.hu\\\/\",\"logo\":{\"@type\":\"ImageObject\",\"inLanguage\":\"en-US\",\"@id\":\"https:\\\/\\\/marsizsolt.hu\\\/#\\\/schema\\\/logo\\\/image\\\/\",\"url\":\"https:\\\/\\\/marsizsolt.hu\\\/wp-content\\\/uploads\\\/2025\\\/04\\\/Catering.svg\",\"contentUrl\":\"https:\\\/\\\/marsizsolt.hu\\\/wp-content\\\/uploads\\\/2025\\\/04\\\/Catering.svg\",\"width\":132,\"height\":243,\"caption\":\"marsizsolt.hu\"},\"image\":{\"@id\":\"https:\\\/\\\/marsizsolt.hu\\\/#\\\/schema\\\/logo\\\/image\\\/\"},\"sameAs\":[\"https:\\\/\\\/www.facebook.com\\\/gasztro.marsi\",\"https:\\\/\\\/www.instagram.com\\\/gasztro.marsi\\\/\"]}]}<\/script>\n<!-- \/ Yoast SEO plugin. -->","yoast_head_json":{"title":"Blog | Komplett catering szolg\u00e1ltat\u00e1s \u00e9s eszk\u00f6zpark","robots":{"index":"index","follow":"follow","max-snippet":"max-snippet:-1","max-image-preview":"max-image-preview:large","max-video-preview":"max-video-preview:-1"},"canonical":"https:\/\/marsizsolt.hu\/en\/blog\/","og_locale":"en_US","og_type":"article","og_title":"Blog | Komplett catering szolg\u00e1ltat\u00e1s \u00e9s eszk\u00f6zpark","og_description":"\u00cdzek m\u00f6g\u00f6tti t\u00f6rt\u00e9netek Csatlakozz k\u00f6z\u00f6ss\u00e9g\u00fcnkh\u00f6z, \u00e9s l\u00e9gy mindig naprak\u00e9sz minden \u00fajdons\u00e1ggal kapcsolatban! Els\u0151k\u00e9nt \u00e9rtes\u00fclhetsz k\u00f6zelg\u0151 esem\u00e9nyeinkr\u0151l, k\u00fcl\u00f6nleges aj\u00e1nlatainkr\u00f3l \u00e9s friss h\u00edreinkr\u0151l, \u00edgy semmir\u0151l sem maradsz le. Bepillant\u00e1st nyerhetsz a kulissz\u00e1k m\u00f6g\u00e9 is: megmutatjuk a rendezv\u00e9nyek el\u0151k\u00e9sz\u00fcleteit, inspir\u00e1l\u00f3 pillanatokat \u00e9s a csapatunk mindennapjait. Legy\u00e9l r\u00e9szese a t\u00f6rt\u00e9net\u00fcnknek, \u00e9s fedezd fel vel\u00fcnk, mi zajlik a h\u00e1tt\u00e9rben! B\u00e9relj [&hellip;]","og_url":"https:\/\/marsizsolt.hu\/en\/blog\/","og_site_name":"Komplett catering szolg\u00e1ltat\u00e1s \u00e9s eszk\u00f6zpark","article_publisher":"https:\/\/www.facebook.com\/gasztro.marsi","article_modified_time":"2025-10-14T06:47:33+00:00","twitter_card":"summary_large_image","twitter_misc":{"Est. reading time":"1 minute"},"schema":{"@context":"https:\/\/schema.org","@graph":[{"@type":"WebPage","@id":"https:\/\/marsizsolt.hu\/blog\/","url":"https:\/\/marsizsolt.hu\/blog\/","name":"Blog | Komplett catering szolg\u00e1ltat\u00e1s \u00e9s eszk\u00f6zpark","isPartOf":{"@id":"https:\/\/marsizsolt.hu\/#website"},"datePublished":"2025-05-15T07:54:05+00:00","dateModified":"2025-10-14T06:47:33+00:00","breadcrumb":{"@id":"https:\/\/marsizsolt.hu\/blog\/#breadcrumb"},"inLanguage":"en-US","potentialAction":[{"@type":"ReadAction","target":["https:\/\/marsizsolt.hu\/blog\/"]}]},{"@type":"BreadcrumbList","@id":"https:\/\/marsizsolt.hu\/blog\/#breadcrumb","itemListElement":[{"@type":"ListItem","position":1,"name":"Home","item":"https:\/\/marsizsolt.hu\/"},{"@type":"ListItem","position":2,"name":"Blog"}]},{"@type":"WebSite","@id":"https:\/\/marsizsolt.hu\/#website","url":"https:\/\/marsizsolt.hu\/","name":"marsizsolt.hu","description":"Marsi Zsolt Catering &amp; Az Udvar \u2013 Az esem\u00e9nyed gasztron\u00f3miai h\u00e1ttere","publisher":{"@id":"https:\/\/marsizsolt.hu\/#organization"},"potentialAction":[{"@type":"SearchAction","target":{"@type":"EntryPoint","urlTemplate":"https:\/\/marsizsolt.hu\/?s={search_term_string}"},"query-input":{"@type":"PropertyValueSpecification","valueRequired":true,"valueName":"search_term_string"}}],"inLanguage":"en-US"},{"@type":"Organization","@id":"https:\/\/marsizsolt.hu\/#organization","name":"marsizsolt.hu","url":"https:\/\/marsizsolt.hu\/","logo":{"@type":"ImageObject","inLanguage":"en-US","@id":"https:\/\/marsizsolt.hu\/#\/schema\/logo\/image\/","url":"https:\/\/marsizsolt.hu\/wp-content\/uploads\/2025\/04\/Catering.svg","contentUrl":"https:\/\/marsizsolt.hu\/wp-content\/uploads\/2025\/04\/Catering.svg","width":132,"height":243,"caption":"marsizsolt.hu"},"image":{"@id":"https:\/\/marsizsolt.hu\/#\/schema\/logo\/image\/"},"sameAs":["https:\/\/www.facebook.com\/gasztro.marsi","https:\/\/www.instagram.com\/gasztro.marsi\/"]}]}},"_links":{"self":[{"href":"https:\/\/marsizsolt.hu\/en\/wp-json\/wp\/v2\/pages\/1060","targetHints":{"allow":["GET"]}}],"collection":[{"href":"https:\/\/marsizsolt.hu\/en\/wp-json\/wp\/v2\/pages"}],"about":[{"href":"https:\/\/marsizsolt.hu\/en\/wp-json\/wp\/v2\/types\/page"}],"author":[{"embeddable":true,"href":"https:\/\/marsizsolt.hu\/en\/wp-json\/wp\/v2\/users\/2"}],"replies":[{"embeddable":true,"href":"https:\/\/marsizsolt.hu\/en\/wp-json\/wp\/v2\/comments?post=1060"}],"version-history":[{"count":11,"href":"https:\/\/marsizsolt.hu\/en\/wp-json\/wp\/v2\/pages\/1060\/revisions"}],"predecessor-version":[{"id":5825,"href":"https:\/\/marsizsolt.hu\/en\/wp-json\/wp\/v2\/pages\/1060\/revisions\/5825"}],"wp:attachment":[{"href":"https:\/\/marsizsolt.hu\/en\/wp-json\/wp\/v2\/media?parent=1060"}],"curies":[{"name":"wp","href":"https:\/\/api.w.org\/{rel}","templated":true}]}}