{"id":2946,"date":"2025-07-17T16:08:40","date_gmt":"2025-07-17T15:08:40","guid":{"rendered":"https:\/\/marsizsolt.hu\/?page_id=2946"},"modified":"2025-11-11T21:46:34","modified_gmt":"2025-11-11T20:46:34","slug":"kosar","status":"publish","type":"page","link":"https:\/\/marsizsolt.hu\/en\/kosar\/","title":{"rendered":"Kos\u00e1r"},"content":{"rendered":"<div data-elementor-type=\"wp-page\" data-elementor-id=\"2946\" class=\"elementor elementor-2946\" data-elementor-post-type=\"page\">\n\t\t\t\t<div class=\"elementor-element elementor-element-5c2efe8 e-flex e-con-boxed e-con e-parent\" data-id=\"5c2efe8\" data-element_type=\"container\" data-e-type=\"container\">\n\t\t\t\t\t<div class=\"e-con-inner\">\n\t\t\t\t<div class=\"elementor-element elementor-element-21e7959 elementor-widget elementor-widget-html\" data-id=\"21e7959\" data-element_type=\"widget\" data-e-type=\"widget\" data-widget_type=\"html.default\">\n\t\t\t\t<div class=\"elementor-widget-container\">\n\t\t\t\t\t\t\t\t\t<\/div>\n\t\t\t\t<\/div>\n\t\t\t\t\t<\/div>\n\t\t\t\t<\/div>\n\t\t\t\t<\/div>","protected":false},"excerpt":{"rendered":"","protected":false},"author":3,"featured_media":0,"parent":0,"menu_order":10,"comment_status":"closed","ping_status":"closed","template":"","meta":{"footnotes":""},"class_list":["post-2946","page","type-page","status-publish","hentry"],"yoast_head":"<!-- This site is optimized with the Yoast SEO plugin v27.4 - https:\/\/yoast.com\/product\/yoast-seo-wordpress\/ -->\n<title>Kos\u00e1r | Komplett catering szolg\u00e1ltat\u00e1s \u00e9s eszk\u00f6zpark<\/title>\n<meta name=\"robots\" content=\"index, follow, max-snippet:-1, max-image-preview:large, max-video-preview:-1\" \/>\n<link rel=\"canonical\" href=\"https:\/\/marsizsolt.hu\/en\/kosar\/\" \/>\n<meta property=\"og:locale\" content=\"en_US\" \/>\n<meta property=\"og:type\" content=\"article\" \/>\n<meta property=\"og:title\" content=\"Kos\u00e1r | Komplett catering szolg\u00e1ltat\u00e1s \u00e9s eszk\u00f6zpark\" \/>\n<meta property=\"og:url\" content=\"https:\/\/marsizsolt.hu\/en\/kosar\/\" \/>\n<meta property=\"og:site_name\" content=\"Komplett catering szolg\u00e1ltat\u00e1s \u00e9s eszk\u00f6zpark\" \/>\n<meta property=\"article:publisher\" content=\"https:\/\/www.facebook.com\/gasztro.marsi\" \/>\n<meta property=\"article:modified_time\" content=\"2025-11-11T20:46:34+00:00\" \/>\n<meta name=\"twitter:card\" content=\"summary_large_image\" \/>\n<meta name=\"twitter:label1\" content=\"Est. reading time\" \/>\n\t<meta name=\"twitter:data1\" content=\"1 minute\" \/>\n<script type=\"application\/ld+json\" class=\"yoast-schema-graph\">{\"@context\":\"https:\\\/\\\/schema.org\",\"@graph\":[{\"@type\":\"WebPage\",\"@id\":\"https:\\\/\\\/marsizsolt.hu\\\/kosar\\\/\",\"url\":\"https:\\\/\\\/marsizsolt.hu\\\/kosar\\\/\",\"name\":\"Kos\u00e1r | Komplett catering szolg\u00e1ltat\u00e1s \u00e9s eszk\u00f6zpark\",\"isPartOf\":{\"@id\":\"https:\\\/\\\/marsizsolt.hu\\\/#website\"},\"datePublished\":\"2025-07-17T15:08:40+00:00\",\"dateModified\":\"2025-11-11T20:46:34+00:00\",\"breadcrumb\":{\"@id\":\"https:\\\/\\\/marsizsolt.hu\\\/kosar\\\/#breadcrumb\"},\"inLanguage\":\"en-US\",\"potentialAction\":[{\"@type\":\"ReadAction\",\"target\":[\"https:\\\/\\\/marsizsolt.hu\\\/kosar\\\/\"]}]},{\"@type\":\"BreadcrumbList\",\"@id\":\"https:\\\/\\\/marsizsolt.hu\\\/kosar\\\/#breadcrumb\",\"itemListElement\":[{\"@type\":\"ListItem\",\"position\":1,\"name\":\"Home\",\"item\":\"https:\\\/\\\/marsizsolt.hu\\\/\"},{\"@type\":\"ListItem\",\"position\":2,\"name\":\"Kos\u00e1r\"}]},{\"@type\":\"WebSite\",\"@id\":\"https:\\\/\\\/marsizsolt.hu\\\/#website\",\"url\":\"https:\\\/\\\/marsizsolt.hu\\\/\",\"name\":\"marsizsolt.hu\",\"description\":\"Marsi Zsolt Catering &amp; Az Udvar \u2013 Az esem\u00e9nyed gasztron\u00f3miai h\u00e1ttere\",\"publisher\":{\"@id\":\"https:\\\/\\\/marsizsolt.hu\\\/#organization\"},\"potentialAction\":[{\"@type\":\"SearchAction\",\"target\":{\"@type\":\"EntryPoint\",\"urlTemplate\":\"https:\\\/\\\/marsizsolt.hu\\\/?s={search_term_string}\"},\"query-input\":{\"@type\":\"PropertyValueSpecification\",\"valueRequired\":true,\"valueName\":\"search_term_string\"}}],\"inLanguage\":\"en-US\"},{\"@type\":\"Organization\",\"@id\":\"https:\\\/\\\/marsizsolt.hu\\\/#organization\",\"name\":\"marsizsolt.hu\",\"url\":\"https:\\\/\\\/marsizsolt.hu\\\/\",\"logo\":{\"@type\":\"ImageObject\",\"inLanguage\":\"en-US\",\"@id\":\"https:\\\/\\\/marsizsolt.hu\\\/#\\\/schema\\\/logo\\\/image\\\/\",\"url\":\"https:\\\/\\\/marsizsolt.hu\\\/wp-content\\\/uploads\\\/2025\\\/04\\\/Catering.svg\",\"contentUrl\":\"https:\\\/\\\/marsizsolt.hu\\\/wp-content\\\/uploads\\\/2025\\\/04\\\/Catering.svg\",\"width\":132,\"height\":243,\"caption\":\"marsizsolt.hu\"},\"image\":{\"@id\":\"https:\\\/\\\/marsizsolt.hu\\\/#\\\/schema\\\/logo\\\/image\\\/\"},\"sameAs\":[\"https:\\\/\\\/www.facebook.com\\\/gasztro.marsi\",\"https:\\\/\\\/www.instagram.com\\\/gasztro.marsi\\\/\"]}]}<\/script>\n<!-- \/ Yoast SEO plugin. -->","yoast_head_json":{"title":"Kos\u00e1r | Komplett catering szolg\u00e1ltat\u00e1s \u00e9s eszk\u00f6zpark","robots":{"index":"index","follow":"follow","max-snippet":"max-snippet:-1","max-image-preview":"max-image-preview:large","max-video-preview":"max-video-preview:-1"},"canonical":"https:\/\/marsizsolt.hu\/en\/kosar\/","og_locale":"en_US","og_type":"article","og_title":"Kos\u00e1r | Komplett catering szolg\u00e1ltat\u00e1s \u00e9s eszk\u00f6zpark","og_url":"https:\/\/marsizsolt.hu\/en\/kosar\/","og_site_name":"Komplett catering szolg\u00e1ltat\u00e1s \u00e9s eszk\u00f6zpark","article_publisher":"https:\/\/www.facebook.com\/gasztro.marsi","article_modified_time":"2025-11-11T20:46:34+00:00","twitter_card":"summary_large_image","twitter_misc":{"Est. reading time":"1 minute"},"schema":{"@context":"https:\/\/schema.org","@graph":[{"@type":"WebPage","@id":"https:\/\/marsizsolt.hu\/kosar\/","url":"https:\/\/marsizsolt.hu\/kosar\/","name":"Kos\u00e1r | Komplett catering szolg\u00e1ltat\u00e1s \u00e9s eszk\u00f6zpark","isPartOf":{"@id":"https:\/\/marsizsolt.hu\/#website"},"datePublished":"2025-07-17T15:08:40+00:00","dateModified":"2025-11-11T20:46:34+00:00","breadcrumb":{"@id":"https:\/\/marsizsolt.hu\/kosar\/#breadcrumb"},"inLanguage":"en-US","potentialAction":[{"@type":"ReadAction","target":["https:\/\/marsizsolt.hu\/kosar\/"]}]},{"@type":"BreadcrumbList","@id":"https:\/\/marsizsolt.hu\/kosar\/#breadcrumb","itemListElement":[{"@type":"ListItem","position":1,"name":"Home","item":"https:\/\/marsizsolt.hu\/"},{"@type":"ListItem","position":2,"name":"Kos\u00e1r"}]},{"@type":"WebSite","@id":"https:\/\/marsizsolt.hu\/#website","url":"https:\/\/marsizsolt.hu\/","name":"marsizsolt.hu","description":"Marsi Zsolt Catering &amp; Az Udvar \u2013 Az esem\u00e9nyed gasztron\u00f3miai h\u00e1ttere","publisher":{"@id":"https:\/\/marsizsolt.hu\/#organization"},"potentialAction":[{"@type":"SearchAction","target":{"@type":"EntryPoint","urlTemplate":"https:\/\/marsizsolt.hu\/?s={search_term_string}"},"query-input":{"@type":"PropertyValueSpecification","valueRequired":true,"valueName":"search_term_string"}}],"inLanguage":"en-US"},{"@type":"Organization","@id":"https:\/\/marsizsolt.hu\/#organization","name":"marsizsolt.hu","url":"https:\/\/marsizsolt.hu\/","logo":{"@type":"ImageObject","inLanguage":"en-US","@id":"https:\/\/marsizsolt.hu\/#\/schema\/logo\/image\/","url":"https:\/\/marsizsolt.hu\/wp-content\/uploads\/2025\/04\/Catering.svg","contentUrl":"https:\/\/marsizsolt.hu\/wp-content\/uploads\/2025\/04\/Catering.svg","width":132,"height":243,"caption":"marsizsolt.hu"},"image":{"@id":"https:\/\/marsizsolt.hu\/#\/schema\/logo\/image\/"},"sameAs":["https:\/\/www.facebook.com\/gasztro.marsi","https:\/\/www.instagram.com\/gasztro.marsi\/"]}]}},"_links":{"self":[{"href":"https:\/\/marsizsolt.hu\/en\/wp-json\/wp\/v2\/pages\/2946","targetHints":{"allow":["GET"]}}],"collection":[{"href":"https:\/\/marsizsolt.hu\/en\/wp-json\/wp\/v2\/pages"}],"about":[{"href":"https:\/\/marsizsolt.hu\/en\/wp-json\/wp\/v2\/types\/page"}],"author":[{"embeddable":true,"href":"https:\/\/marsizsolt.hu\/en\/wp-json\/wp\/v2\/users\/3"}],"replies":[{"embeddable":true,"href":"https:\/\/marsizsolt.hu\/en\/wp-json\/wp\/v2\/comments?post=2946"}],"version-history":[{"count":111,"href":"https:\/\/marsizsolt.hu\/en\/wp-json\/wp\/v2\/pages\/2946\/revisions"}],"predecessor-version":[{"id":6213,"href":"https:\/\/marsizsolt.hu\/en\/wp-json\/wp\/v2\/pages\/2946\/revisions\/6213"}],"wp:attachment":[{"href":"https:\/\/marsizsolt.hu\/en\/wp-json\/wp\/v2\/media?parent=2946"}],"curies":[{"name":"wp","href":"https:\/\/api.w.org\/{rel}","templated":true}]}}