{"id":3012,"date":"2025-07-18T06:27:43","date_gmt":"2025-07-18T05:27:43","guid":{"rendered":"https:\/\/marsizsolt.hu\/?page_id=3012"},"modified":"2025-10-14T09:44:37","modified_gmt":"2025-10-14T08:44:37","slug":"adatvedelmi-iranyelvek","status":"publish","type":"page","link":"https:\/\/marsizsolt.hu\/en\/adatvedelmi-iranyelvek\/","title":{"rendered":"Privacy Policy"},"content":{"rendered":"<div data-elementor-type=\"wp-page\" data-elementor-id=\"3012\" class=\"elementor elementor-3012\" data-elementor-post-type=\"page\">\n\t\t\t\t<div class=\"elementor-element elementor-element-f6c2722 e-flex e-con-boxed e-con e-parent\" data-id=\"f6c2722\" data-element_type=\"container\" data-e-type=\"container\" data-settings=\"{&quot;background_background&quot;:&quot;classic&quot;}\">\n\t\t\t\t\t<div class=\"e-con-inner\">\n\t\t<div class=\"elementor-element elementor-element-7da3c8c e-con-full e-flex e-con e-child\" data-id=\"7da3c8c\" data-element_type=\"container\" data-e-type=\"container\">\n\t\t\t\t<div class=\"elementor-element elementor-element-62905dd elementor-widget elementor-widget-heading\" data-id=\"62905dd\" data-element_type=\"widget\" data-e-type=\"widget\" data-widget_type=\"heading.default\">\n\t\t\t\t<div class=\"elementor-widget-container\">\n\t\t\t\t\t<h2 class=\"elementor-heading-title elementor-size-default\">Privacy Policy<\/h2>\t\t\t\t<\/div>\n\t\t\t\t<\/div>\n\t\t\t\t<\/div>\n\t\t\t\t\t<\/div>\n\t\t\t\t<\/div>\n\t\t<div class=\"elementor-element elementor-element-e583308 e-con-full e-flex e-con e-parent\" data-id=\"e583308\" data-element_type=\"container\" data-e-type=\"container\" data-settings=\"{&quot;background_background&quot;:&quot;classic&quot;}\">\n\t\t<div class=\"elementor-element elementor-element-3192062 e-con-full e-flex e-con e-child\" data-id=\"3192062\" data-element_type=\"container\" data-e-type=\"container\" data-settings=\"{&quot;background_background&quot;:&quot;classic&quot;}\">\n\t\t<div class=\"elementor-element elementor-element-82886ca e-con-full e-flex e-con e-child\" data-id=\"82886ca\" data-element_type=\"container\" data-e-type=\"container\">\n\t\t\t\t<div class=\"elementor-element elementor-element-0f5f117 elementor-widget elementor-widget-text-editor\" data-id=\"0f5f117\" data-element_type=\"widget\" data-e-type=\"widget\" data-widget_type=\"text-editor.default\">\n\t\t\t\t<div class=\"elementor-widget-container\">\n\t\t\t\t\t\t\t\t\t<section>\n<h1><span style=\"font-size: 16px;\">Ez az Adatv\u00e9delmi T\u00e1j\u00e9koztat\u00f3 a <\/span><a href=\"http:\/\/www.marsizsolt.hu\" target=\"_blank\" style=\"font-size: 16px; background-color: rgb(255, 255, 255);\" rel=\"noopener noreferrer nofollow\">www.marsizsolt.hu<\/a><span style=\"font-size: 16px;\"> weboldalt l\u00e1togat\u00f3kra \u00e9s felhaszn\u00e1l\u00f3kra vonatkozik.<\/span><\/h1>\n<h2>1. Az Adatkezel\u0151 adatai<\/h2>\n<p><strong>N\u00e9v:<\/strong> Marsi Zsolt Gasztron\u00f3mia Szolg\u00e1ltat\u00f3 Kft.<br>     <strong>Sz\u00e9khely:<\/strong> 3326, Ostoros, Egri \u00fat 67.<br>     <strong>C\u00e9gjegyz\u00e9ksz\u00e1m:<\/strong> 10-09-039064<br>     <strong>Ad\u00f3sz\u00e1m:<\/strong> 27467332-2-10<br>     <strong>K\u00e9pviseli:<\/strong> Marsi J\u00f3zsef Zsolt<br>     <strong>Email:<\/strong> <a href=\"mailto:gasztro.marsi@gmail.com\">gasztro.marsi@gmail.com<\/a><br>     <strong>Weboldal:<\/strong> <a href=\"http:\/\/www.marsizsolt.hu\" target=\"_blank\" rel=\"noopener noreferrer nofollow\">www.marsizsolt.hu<\/a><\/p>\n<h2>2. Jogszab\u00e1lyi h\u00e1tt\u00e9r<\/h2>\n<p>Adatkezel\u00e9s\u00fcnk sor\u00e1n a vonatkoz\u00f3 hat\u00e1lyos jogszab\u00e1lyoknak megfelel\u0151en j\u00e1runk el, k\u00fcl\u00f6n\u00f6sen:<\/p>\n<ul>\n<li>az Eur\u00f3pai Parlament \u00e9s a Tan\u00e1cs (EU) 2016\/679 rendelete (GDPR)<\/li>\n<li>\u00e9s a 2011. \u00e9vi CXII. t\u00f6rv\u00e9ny (Infotv.)<\/li>\n<\/ul>\n<h2>3. Adatkezel\u00e9si elvek<\/h2>\n<p>Adatkezel\u00e9s\u00fcnk sor\u00e1n betartjuk az al\u00e1bbi alapelveket: c\u00e9lhoz k\u00f6t\u00f6tts\u00e9g, jogszer\u0171s\u00e9g, \u00e1tl\u00e1that\u00f3s\u00e1g, adatminimaliz\u00e1l\u00e1s, pontoss\u00e1g, korl\u00e1tozott t\u00e1rolhat\u00f3s\u00e1g, biztons\u00e1g \u00e9s v\u00e9delem.<\/p>\n<h2>4. A kezelt adatok k\u00f6re \u00e9s az adatkezel\u00e9s c\u00e9lja<\/h2>\n<h3>4.1. Kapcsolati \u00e9s aj\u00e1nlatk\u00e9r\u0151 \u0171rlap<\/h3>\n<p><strong>Kezelt adatok:<\/strong> n\u00e9v, e-mail c\u00edm, telefonsz\u00e1m, t\u00e1rgy, \u00fczenet tartalma<br>     <strong>C\u00e9l:<\/strong> kapcsolatfelv\u00e9tel, aj\u00e1nlatk\u00e9r\u00e9s, \u00fcgyf\u00e9lszolg\u00e1lati kommunik\u00e1ci\u00f3<br>     <strong>Jogalap:<\/strong> az \u00e9rintett hozz\u00e1j\u00e1rul\u00e1sa (GDPR 6. cikk (1) a) pont)<\/p>\n<h3>4.2. E-mailes kapcsolatfelv\u00e9tel<\/h3>\n<p>Amennyiben e-mailben l\u00e9p vel\u00fcnk kapcsolatba, adatait kiz\u00e1r\u00f3lag a kommunik\u00e1ci\u00f3 lebonyol\u00edt\u00e1sa \u00e9rdek\u00e9ben kezelj\u00fck. Az \u00fczenetek tartalm\u00e1t \u00e9s a kapcsol\u00f3d\u00f3 adatokat az emailfi\u00f3kban t\u00e1roljuk, id\u0151korl\u00e1t n\u00e9lk\u00fcl, ameddig az sz\u00fcks\u00e9ges vagy jogszer\u0171.<\/p>\n<h2>5. Cookie-k kezel\u00e9se<\/h2>\n<p>Weboldalunk a Complianz b\u0151v\u00edtm\u00e9nyt haszn\u00e1lja a s\u00fctik kezel\u00e9s\u00e9re, amely biztos\u00edtja a megfelel\u0151 hozz\u00e1j\u00e1rul\u00e1s bek\u00e9r\u00e9s\u00e9t \u00e9s az ehhez kapcsol\u00f3d\u00f3 be\u00e1ll\u00edt\u00e1sokat. Remarketing c\u00e9l\u00fa s\u00fctik nem ker\u00fclnek alkalmaz\u00e1sra. Google Analytics haszn\u00e1latban van.<\/p>\n<h2>6. Adatt\u00e1rol\u00e1s \u00e9s adatbiztons\u00e1g<\/h2>\n<p>Nem v\u00e9gz\u00fcnk tudatos adatt\u00e1rol\u00e1st, \u00e9s nem m\u0171k\u00f6dtet\u00fcnk adatb\u00e1zist marketing vagy egy\u00e9b c\u00e9lra. A megadott adatok csak az adott \u00fcgyint\u00e9z\u00e9shez ker\u00fclnek felhaszn\u00e1l\u00e1sra. A weboldal t\u00e1rhely\u00e9t \u00e9s karbantart\u00e1s\u00e1t a <strong>Webzeer<\/strong> v\u00e9gzi technikai fel\u00fcgyelettel, amely mag\u00e1ban foglalja a rendszeres friss\u00edt\u00e9st, ment\u00e9seket \u00e9s biztons\u00e1gi ellen\u0151rz\u00e9seket.<\/p>\n<h2>7. Adattov\u00e1bb\u00edt\u00e1s<\/h2>\n<p>Az adatokat harmadik f\u00e9l r\u00e9sz\u00e9re nem tov\u00e1bb\u00edtjuk, azokat kiz\u00e1r\u00f3lag az Adatkezel\u0151 haszn\u00e1lja fel a megadott c\u00e9lokra.<\/p>\n<h2>8. Az \u00e9rintettek jogai<\/h2>\n<p>\u00d6n jogosult:<\/p>\n<ul>\n<li>hozz\u00e1f\u00e9r\u00e9st k\u00e9rni az \u00d6nr\u0151l t\u00e1rolt adatokhoz,<\/li>\n<li>az adatok helyesb\u00edt\u00e9s\u00e9t k\u00e9rni,<\/li>\n<li>az adatok t\u00f6rl\u00e9s\u00e9t k\u00e9rni (a jogszab\u00e1lyban meghat\u00e1rozott esetekben),<\/li>\n<li>az adatkezel\u00e9s korl\u00e1toz\u00e1s\u00e1t k\u00e9rni,<\/li>\n<li>adathordozhat\u00f3s\u00e1ghoz val\u00f3 jog\u00e1t gyakorolni,<\/li>\n<li>illetve panaszt tenni a <a href=\"https:\/\/naih.hu\" target=\"_blank\" rel=\"noopener noreferrer nofollow\">Nemzeti Adatv\u00e9delmi \u00e9s Inform\u00e1ci\u00f3szabads\u00e1g Hat\u00f3s\u00e1gn\u00e1l<\/a>.<\/li>\n<\/ul>\n<h2>9. Az adatkezel\u00e9si t\u00e1j\u00e9koztat\u00f3 m\u00f3dos\u00edt\u00e1sa<\/h2>\n<p>Fenntartjuk a jogot, hogy jelen t\u00e1j\u00e9koztat\u00f3t b\u00e1rmikor m\u00f3dos\u00edtsuk. Az aktu\u00e1lis v\u00e1ltozat mindig el\u00e9rhet\u0151 a weboldalon az <strong>Privacy Policy<\/strong> men\u00fcpontban.<\/p>\n<\/section>\t\t\t\t\t\t\t\t<\/div>\n\t\t\t\t<\/div>\n\t\t\t\t<\/div>\n\t\t\t\t<\/div>\n\t\t\t\t<\/div>\n\t\t\t\t<\/div>","protected":false},"excerpt":{"rendered":"<p>Adatv\u00e9delmi ir\u00e1nyelvek Ez az Adatv\u00e9delmi T\u00e1j\u00e9koztat\u00f3 a www.marsizsolt.hu weboldalt l\u00e1togat\u00f3kra \u00e9s felhaszn\u00e1l\u00f3kra vonatkozik. 1. Az Adatkezel\u0151 adatai N\u00e9v: Marsi Zsolt Gasztron\u00f3mia Szolg\u00e1ltat\u00f3 Kft. Sz\u00e9khely: 3326, Ostoros, Egri \u00fat 67. C\u00e9gjegyz\u00e9ksz\u00e1m: 10-09-039064 Ad\u00f3sz\u00e1m: 27467332-2-10 K\u00e9pviseli: Marsi J\u00f3zsef Zsolt Email: gasztro.marsi@gmail.com Weboldal: www.marsizsolt.hu 2. Jogszab\u00e1lyi h\u00e1tt\u00e9r Adatkezel\u00e9s\u00fcnk sor\u00e1n a vonatkoz\u00f3 hat\u00e1lyos jogszab\u00e1lyoknak megfelel\u0151en j\u00e1runk el, k\u00fcl\u00f6n\u00f6sen: az [&hellip;]<\/p>\n","protected":false},"author":2,"featured_media":0,"parent":0,"menu_order":15,"comment_status":"closed","ping_status":"closed","template":"","meta":{"footnotes":""},"class_list":["post-3012","page","type-page","status-publish","hentry"],"yoast_head":"<!-- This site is optimized with the Yoast SEO plugin v27.4 - https:\/\/yoast.com\/product\/yoast-seo-wordpress\/ -->\n<title>Adatv\u00e9delmi ir\u00e1nyelvek | Komplett catering szolg\u00e1ltat\u00e1s \u00e9s eszk\u00f6zpark<\/title>\n<meta name=\"robots\" content=\"index, follow, max-snippet:-1, max-image-preview:large, max-video-preview:-1\" \/>\n<link rel=\"canonical\" href=\"https:\/\/marsizsolt.hu\/en\/adatvedelmi-iranyelvek\/\" \/>\n<meta property=\"og:locale\" content=\"en_US\" \/>\n<meta property=\"og:type\" content=\"article\" \/>\n<meta property=\"og:title\" content=\"Adatv\u00e9delmi ir\u00e1nyelvek | Komplett catering szolg\u00e1ltat\u00e1s \u00e9s eszk\u00f6zpark\" \/>\n<meta property=\"og:description\" content=\"Adatv\u00e9delmi ir\u00e1nyelvek Ez az Adatv\u00e9delmi T\u00e1j\u00e9koztat\u00f3 a www.marsizsolt.hu weboldalt l\u00e1togat\u00f3kra \u00e9s felhaszn\u00e1l\u00f3kra vonatkozik. 1. Az Adatkezel\u0151 adatai N\u00e9v: Marsi Zsolt Gasztron\u00f3mia Szolg\u00e1ltat\u00f3 Kft. Sz\u00e9khely: 3326, Ostoros, Egri \u00fat 67. C\u00e9gjegyz\u00e9ksz\u00e1m: 10-09-039064 Ad\u00f3sz\u00e1m: 27467332-2-10 K\u00e9pviseli: Marsi J\u00f3zsef Zsolt Email: gasztro.marsi@gmail.com Weboldal: www.marsizsolt.hu 2. Jogszab\u00e1lyi h\u00e1tt\u00e9r Adatkezel\u00e9s\u00fcnk sor\u00e1n a vonatkoz\u00f3 hat\u00e1lyos jogszab\u00e1lyoknak megfelel\u0151en j\u00e1runk el, k\u00fcl\u00f6n\u00f6sen: az [&hellip;]\" \/>\n<meta property=\"og:url\" content=\"https:\/\/marsizsolt.hu\/en\/adatvedelmi-iranyelvek\/\" \/>\n<meta property=\"og:site_name\" content=\"Komplett catering szolg\u00e1ltat\u00e1s \u00e9s eszk\u00f6zpark\" \/>\n<meta property=\"article:publisher\" content=\"https:\/\/www.facebook.com\/gasztro.marsi\" \/>\n<meta property=\"article:modified_time\" content=\"2025-10-14T08:44:37+00:00\" \/>\n<meta name=\"twitter:card\" content=\"summary_large_image\" \/>\n<meta name=\"twitter:label1\" content=\"Est. reading time\" \/>\n\t<meta name=\"twitter:data1\" content=\"3 minutes\" \/>\n<script type=\"application\/ld+json\" class=\"yoast-schema-graph\">{\"@context\":\"https:\\\/\\\/schema.org\",\"@graph\":[{\"@type\":\"WebPage\",\"@id\":\"https:\\\/\\\/marsizsolt.hu\\\/adatvedelmi-iranyelvek\\\/\",\"url\":\"https:\\\/\\\/marsizsolt.hu\\\/adatvedelmi-iranyelvek\\\/\",\"name\":\"Adatv\u00e9delmi ir\u00e1nyelvek | Komplett catering szolg\u00e1ltat\u00e1s \u00e9s eszk\u00f6zpark\",\"isPartOf\":{\"@id\":\"https:\\\/\\\/marsizsolt.hu\\\/#website\"},\"datePublished\":\"2025-07-18T05:27:43+00:00\",\"dateModified\":\"2025-10-14T08:44:37+00:00\",\"breadcrumb\":{\"@id\":\"https:\\\/\\\/marsizsolt.hu\\\/adatvedelmi-iranyelvek\\\/#breadcrumb\"},\"inLanguage\":\"en-US\",\"potentialAction\":[{\"@type\":\"ReadAction\",\"target\":[\"https:\\\/\\\/marsizsolt.hu\\\/adatvedelmi-iranyelvek\\\/\"]}]},{\"@type\":\"BreadcrumbList\",\"@id\":\"https:\\\/\\\/marsizsolt.hu\\\/adatvedelmi-iranyelvek\\\/#breadcrumb\",\"itemListElement\":[{\"@type\":\"ListItem\",\"position\":1,\"name\":\"Home\",\"item\":\"https:\\\/\\\/marsizsolt.hu\\\/\"},{\"@type\":\"ListItem\",\"position\":2,\"name\":\"Adatv\u00e9delmi ir\u00e1nyelvek\"}]},{\"@type\":\"WebSite\",\"@id\":\"https:\\\/\\\/marsizsolt.hu\\\/#website\",\"url\":\"https:\\\/\\\/marsizsolt.hu\\\/\",\"name\":\"marsizsolt.hu\",\"description\":\"Marsi Zsolt Catering &amp; Az Udvar \u2013 Az esem\u00e9nyed gasztron\u00f3miai h\u00e1ttere\",\"publisher\":{\"@id\":\"https:\\\/\\\/marsizsolt.hu\\\/#organization\"},\"potentialAction\":[{\"@type\":\"SearchAction\",\"target\":{\"@type\":\"EntryPoint\",\"urlTemplate\":\"https:\\\/\\\/marsizsolt.hu\\\/?s={search_term_string}\"},\"query-input\":{\"@type\":\"PropertyValueSpecification\",\"valueRequired\":true,\"valueName\":\"search_term_string\"}}],\"inLanguage\":\"en-US\"},{\"@type\":\"Organization\",\"@id\":\"https:\\\/\\\/marsizsolt.hu\\\/#organization\",\"name\":\"marsizsolt.hu\",\"url\":\"https:\\\/\\\/marsizsolt.hu\\\/\",\"logo\":{\"@type\":\"ImageObject\",\"inLanguage\":\"en-US\",\"@id\":\"https:\\\/\\\/marsizsolt.hu\\\/#\\\/schema\\\/logo\\\/image\\\/\",\"url\":\"https:\\\/\\\/marsizsolt.hu\\\/wp-content\\\/uploads\\\/2025\\\/04\\\/Catering.svg\",\"contentUrl\":\"https:\\\/\\\/marsizsolt.hu\\\/wp-content\\\/uploads\\\/2025\\\/04\\\/Catering.svg\",\"width\":132,\"height\":243,\"caption\":\"marsizsolt.hu\"},\"image\":{\"@id\":\"https:\\\/\\\/marsizsolt.hu\\\/#\\\/schema\\\/logo\\\/image\\\/\"},\"sameAs\":[\"https:\\\/\\\/www.facebook.com\\\/gasztro.marsi\",\"https:\\\/\\\/www.instagram.com\\\/gasztro.marsi\\\/\"]}]}<\/script>\n<!-- \/ Yoast SEO plugin. -->","yoast_head_json":{"title":"Adatv\u00e9delmi ir\u00e1nyelvek | Komplett catering szolg\u00e1ltat\u00e1s \u00e9s eszk\u00f6zpark","robots":{"index":"index","follow":"follow","max-snippet":"max-snippet:-1","max-image-preview":"max-image-preview:large","max-video-preview":"max-video-preview:-1"},"canonical":"https:\/\/marsizsolt.hu\/en\/adatvedelmi-iranyelvek\/","og_locale":"en_US","og_type":"article","og_title":"Adatv\u00e9delmi ir\u00e1nyelvek | Komplett catering szolg\u00e1ltat\u00e1s \u00e9s eszk\u00f6zpark","og_description":"Adatv\u00e9delmi ir\u00e1nyelvek Ez az Adatv\u00e9delmi T\u00e1j\u00e9koztat\u00f3 a www.marsizsolt.hu weboldalt l\u00e1togat\u00f3kra \u00e9s felhaszn\u00e1l\u00f3kra vonatkozik. 1. Az Adatkezel\u0151 adatai N\u00e9v: Marsi Zsolt Gasztron\u00f3mia Szolg\u00e1ltat\u00f3 Kft. Sz\u00e9khely: 3326, Ostoros, Egri \u00fat 67. C\u00e9gjegyz\u00e9ksz\u00e1m: 10-09-039064 Ad\u00f3sz\u00e1m: 27467332-2-10 K\u00e9pviseli: Marsi J\u00f3zsef Zsolt Email: gasztro.marsi@gmail.com Weboldal: www.marsizsolt.hu 2. Jogszab\u00e1lyi h\u00e1tt\u00e9r Adatkezel\u00e9s\u00fcnk sor\u00e1n a vonatkoz\u00f3 hat\u00e1lyos jogszab\u00e1lyoknak megfelel\u0151en j\u00e1runk el, k\u00fcl\u00f6n\u00f6sen: az [&hellip;]","og_url":"https:\/\/marsizsolt.hu\/en\/adatvedelmi-iranyelvek\/","og_site_name":"Komplett catering szolg\u00e1ltat\u00e1s \u00e9s eszk\u00f6zpark","article_publisher":"https:\/\/www.facebook.com\/gasztro.marsi","article_modified_time":"2025-10-14T08:44:37+00:00","twitter_card":"summary_large_image","twitter_misc":{"Est. reading time":"3 minutes"},"schema":{"@context":"https:\/\/schema.org","@graph":[{"@type":"WebPage","@id":"https:\/\/marsizsolt.hu\/adatvedelmi-iranyelvek\/","url":"https:\/\/marsizsolt.hu\/adatvedelmi-iranyelvek\/","name":"Adatv\u00e9delmi ir\u00e1nyelvek | Komplett catering szolg\u00e1ltat\u00e1s \u00e9s eszk\u00f6zpark","isPartOf":{"@id":"https:\/\/marsizsolt.hu\/#website"},"datePublished":"2025-07-18T05:27:43+00:00","dateModified":"2025-10-14T08:44:37+00:00","breadcrumb":{"@id":"https:\/\/marsizsolt.hu\/adatvedelmi-iranyelvek\/#breadcrumb"},"inLanguage":"en-US","potentialAction":[{"@type":"ReadAction","target":["https:\/\/marsizsolt.hu\/adatvedelmi-iranyelvek\/"]}]},{"@type":"BreadcrumbList","@id":"https:\/\/marsizsolt.hu\/adatvedelmi-iranyelvek\/#breadcrumb","itemListElement":[{"@type":"ListItem","position":1,"name":"Home","item":"https:\/\/marsizsolt.hu\/"},{"@type":"ListItem","position":2,"name":"Adatv\u00e9delmi ir\u00e1nyelvek"}]},{"@type":"WebSite","@id":"https:\/\/marsizsolt.hu\/#website","url":"https:\/\/marsizsolt.hu\/","name":"marsizsolt.hu","description":"Marsi Zsolt Catering &amp; Az Udvar \u2013 Az esem\u00e9nyed gasztron\u00f3miai h\u00e1ttere","publisher":{"@id":"https:\/\/marsizsolt.hu\/#organization"},"potentialAction":[{"@type":"SearchAction","target":{"@type":"EntryPoint","urlTemplate":"https:\/\/marsizsolt.hu\/?s={search_term_string}"},"query-input":{"@type":"PropertyValueSpecification","valueRequired":true,"valueName":"search_term_string"}}],"inLanguage":"en-US"},{"@type":"Organization","@id":"https:\/\/marsizsolt.hu\/#organization","name":"marsizsolt.hu","url":"https:\/\/marsizsolt.hu\/","logo":{"@type":"ImageObject","inLanguage":"en-US","@id":"https:\/\/marsizsolt.hu\/#\/schema\/logo\/image\/","url":"https:\/\/marsizsolt.hu\/wp-content\/uploads\/2025\/04\/Catering.svg","contentUrl":"https:\/\/marsizsolt.hu\/wp-content\/uploads\/2025\/04\/Catering.svg","width":132,"height":243,"caption":"marsizsolt.hu"},"image":{"@id":"https:\/\/marsizsolt.hu\/#\/schema\/logo\/image\/"},"sameAs":["https:\/\/www.facebook.com\/gasztro.marsi","https:\/\/www.instagram.com\/gasztro.marsi\/"]}]}},"_links":{"self":[{"href":"https:\/\/marsizsolt.hu\/en\/wp-json\/wp\/v2\/pages\/3012","targetHints":{"allow":["GET"]}}],"collection":[{"href":"https:\/\/marsizsolt.hu\/en\/wp-json\/wp\/v2\/pages"}],"about":[{"href":"https:\/\/marsizsolt.hu\/en\/wp-json\/wp\/v2\/types\/page"}],"author":[{"embeddable":true,"href":"https:\/\/marsizsolt.hu\/en\/wp-json\/wp\/v2\/users\/2"}],"replies":[{"embeddable":true,"href":"https:\/\/marsizsolt.hu\/en\/wp-json\/wp\/v2\/comments?post=3012"}],"version-history":[{"count":11,"href":"https:\/\/marsizsolt.hu\/en\/wp-json\/wp\/v2\/pages\/3012\/revisions"}],"predecessor-version":[{"id":5847,"href":"https:\/\/marsizsolt.hu\/en\/wp-json\/wp\/v2\/pages\/3012\/revisions\/5847"}],"wp:attachment":[{"href":"https:\/\/marsizsolt.hu\/en\/wp-json\/wp\/v2\/media?parent=3012"}],"curies":[{"name":"wp","href":"https:\/\/api.w.org\/{rel}","templated":true}]}}