{"id":3018,"date":"2025-07-18T06:31:38","date_gmt":"2025-07-18T05:31:38","guid":{"rendered":"https:\/\/marsizsolt.hu\/?page_id=3018"},"modified":"2025-10-14T10:08:04","modified_gmt":"2025-10-14T09:08:04","slug":"suti-szabalyzat","status":"publish","type":"page","link":"https:\/\/marsizsolt.hu\/en\/suti-szabalyzat\/","title":{"rendered":"Cookie Policy"},"content":{"rendered":"<div data-elementor-type=\"wp-page\" data-elementor-id=\"3018\" class=\"elementor elementor-3018\" data-elementor-post-type=\"page\">\n\t\t\t\t<div class=\"elementor-element elementor-element-46cce1b e-flex e-con-boxed e-con e-parent\" data-id=\"46cce1b\" data-element_type=\"container\" data-e-type=\"container\" data-settings=\"{&quot;background_background&quot;:&quot;classic&quot;}\">\n\t\t\t\t\t<div class=\"e-con-inner\">\n\t\t<div class=\"elementor-element elementor-element-ce6bd12 e-con-full e-flex e-con e-child\" data-id=\"ce6bd12\" data-element_type=\"container\" data-e-type=\"container\">\n\t\t\t\t<div class=\"elementor-element elementor-element-56aafbb elementor-widget elementor-widget-heading\" data-id=\"56aafbb\" data-element_type=\"widget\" data-e-type=\"widget\" data-widget_type=\"heading.default\">\n\t\t\t\t<div class=\"elementor-widget-container\">\n\t\t\t\t\t<h2 class=\"elementor-heading-title elementor-size-default\">Cookie Policy<\/h2>\t\t\t\t<\/div>\n\t\t\t\t<\/div>\n\t\t\t\t<\/div>\n\t\t\t\t\t<\/div>\n\t\t\t\t<\/div>\n\t\t<div class=\"elementor-element elementor-element-933462f e-con-full e-flex e-con e-parent\" data-id=\"933462f\" data-element_type=\"container\" data-e-type=\"container\" data-settings=\"{&quot;background_background&quot;:&quot;classic&quot;}\">\n\t\t<div class=\"elementor-element elementor-element-2b46317 e-con-full e-flex e-con e-child\" data-id=\"2b46317\" data-element_type=\"container\" data-e-type=\"container\" data-settings=\"{&quot;background_background&quot;:&quot;classic&quot;}\">\n\t\t<div class=\"elementor-element elementor-element-3c22310 e-con-full e-flex e-con e-child\" data-id=\"3c22310\" data-element_type=\"container\" data-e-type=\"container\">\n\t\t\t\t<div class=\"elementor-element elementor-element-2282d66 elementor-widget elementor-widget-text-editor\" data-id=\"2282d66\" data-element_type=\"widget\" data-e-type=\"widget\" data-widget_type=\"text-editor.default\">\n\t\t\t\t<div class=\"elementor-widget-container\">\n\t\t\t\t\t\t\t\t\t<section>\n\n<p>Ez a s\u00fcti szab\u00e1lyzat a <a href=\"https:\/\/www.marsizsolt.hu\" target=\"_blank\" rel=\"noopener noreferrer nofollow\">marsizsolt.hu<\/a> weboldalra vonatkozik, \u00e9s r\u00e9szletesen bemutatja, hogyan haszn\u00e1ljuk a s\u00fctiket, illetve milyen lehet\u0151s\u00e9gei vannak a l\u00e1togat\u00f3knak ezen f\u00e1jlok kezel\u00e9s\u00e9re.<\/p>\n<h2>1. Mik azok a s\u00fctik?<\/h2>\n<p>A s\u00fctik (cookie-k) kis sz\u00f6vegf\u00e1jlok, amelyeket a b\u00f6ng\u00e9sz\u0151 ment el az \u00d6n sz\u00e1m\u00edt\u00f3g\u00e9p\u00e9re vagy mobileszk\u00f6z\u00e9re, amikor megl\u00e1togat egy weboldalt. Ezek seg\u00edts\u00e9g\u00e9vel a weboldal \u201eeml\u00e9kszik\u201d a felhaszn\u00e1l\u00f3 tev\u00e9kenys\u00e9g\u00e9re \u00e9s be\u00e1ll\u00edt\u00e1saira egy bizonyos ideig (pl. bejelentkez\u00e9s, nyelv, bet\u0171m\u00e9ret), \u00edgy azokat nem kell \u00fajra megadni minden l\u00e1togat\u00e1skor.<\/p>\n<h2>2. Milyen s\u00fctiket haszn\u00e1lunk?<\/h2>\n<p>Weboldalunk a k\u00f6vetkez\u0151 t\u00edpus\u00fa s\u00fctiket haszn\u00e1lja:<\/p>\n<ul>\n<li><strong>Elengedhetetlen (m\u0171k\u00f6d\u00e9si) s\u00fctik:<\/strong> Ezek a s\u00fctik a weboldal alapvet\u0151 m\u0171k\u00f6d\u00e9s\u00e9hez sz\u00fcks\u00e9gesek, p\u00e9ld\u00e1ul a navig\u00e1ci\u00f3hoz \u00e9s a biztons\u00e1gos ter\u00fcletekhez val\u00f3 hozz\u00e1f\u00e9r\u00e9shez.<\/li>\n<li><strong>Statisztikai c\u00e9l\u00fa s\u00fctik:<\/strong> Ezek a s\u00fctik anonim m\u00f3don gy\u0171jtenek adatokat a l\u00e1togat\u00f3k viselked\u00e9s\u00e9r\u0151l a weboldalon, p\u00e9ld\u00e1ul a Google Analytics seg\u00edts\u00e9g\u00e9vel. Az IP-c\u00edmek anonimiz\u00e1lva ker\u00fclnek r\u00f6gz\u00edt\u00e9sre.<\/li>\n<\/ul>\n<p><strong>Rekl\u00e1m- vagy remarketing s\u00fctiket nem haszn\u00e1lunk.<\/strong><\/p>\n<h2>3. Harmadik f\u00e9l \u00e1ltal elhelyezett s\u00fctik<\/h2>\n<p>A Google Analytics szolg\u00e1ltat\u00e1son k\u00edv\u00fcl nem haszn\u00e1lunk harmadik f\u00e9lt\u0151l sz\u00e1rmaz\u00f3 s\u00fctiket. Az Analytics szolg\u00e1ltat\u00e1s sor\u00e1n az IP-c\u00edmek anonimiz\u00e1lt form\u00e1ban ker\u00fclnek r\u00f6gz\u00edt\u00e9sre, \u00edgy az nem min\u0151s\u00fcl szem\u00e9lyes adatnak a jelen szab\u00e1lyzat alapj\u00e1n.<\/p>\n<h2>4. S\u00fcti be\u00e1ll\u00edt\u00e1sok kezel\u00e9se<\/h2>\n<p>Amikor el\u0151sz\u00f6r l\u00e1togat a weboldalunkra, egy s\u00fcti banner jelenik meg, ahol eld\u00f6ntheti, hogy elfogadja-e a statisztikai c\u00e9l\u00fa s\u00fctiket vagy sem. Ezt a funkci\u00f3t a Complianz s\u00fctihozz\u00e1j\u00e1rul\u00e1s-kezel\u0151 biztos\u00edtja.<\/p>\n<p>K\u00e9s\u0151bb b\u00e1rmikor megv\u00e1ltoztathatja s\u00fctihozz\u00e1j\u00e1rul\u00e1si be\u00e1ll\u00edt\u00e1sait a weboldal alj\u00e1n tal\u00e1lhat\u00f3 \u201eS\u00fcti be\u00e1ll\u00edt\u00e1sok\u201d link seg\u00edts\u00e9g\u00e9vel.<\/p>\n<h2>5. Hogyan t\u00f6r\u00f6lheti vagy tilthatja le a s\u00fctiket?<\/h2>\n<p>Be\u00e1ll\u00edthatja b\u00f6ng\u00e9sz\u0151j\u00e9t \u00fagy, hogy az automatikusan elutas\u00edtson minden s\u00fctit, vagy figyelmeztet\u00e9st k\u00fcldj\u00f6n, amikor s\u00fctit k\u00fcld a rendszer. A s\u00fctik letilt\u00e1sa azonban befoly\u00e1solhatja a weboldal egyes funkci\u00f3inak m\u0171k\u00f6d\u00e9s\u00e9t. A leggyakoribb b\u00f6ng\u00e9sz\u0151k be\u00e1ll\u00edt\u00e1sair\u00f3l itt tal\u00e1l inform\u00e1ci\u00f3t:<\/p>\n<ul>\n<li><a href=\"https:\/\/support.google.com\/chrome\/answer\/95647\" target=\"_blank\" rel=\"noopener noreferrer nofollow\">Google Chrome<\/a><\/li>\n<li><a href=\"https:\/\/support.mozilla.org\/hu\/kb\/sutik-engedelyezese-es-tiltasa\" target=\"_blank\" rel=\"noopener noreferrer nofollow\">Mozilla Firefox<\/a><\/li>\n<li><a href=\"https:\/\/support.apple.com\/hu-hu\/guide\/safari\/sfri11471\/mac\" target=\"_blank\" rel=\"noopener noreferrer nofollow\">Safari<\/a><\/li>\n<li><a href=\"https:\/\/support.microsoft.com\/hu-hu\/help\/17442\/windows-internet-explorer-delete-manage-cookies\" target=\"_blank\" rel=\"noopener noreferrer nofollow\">Microsoft Edge \/ Internet Explorer<\/a><\/li>\n<\/ul>\n<h2>6. A szab\u00e1lyzat m\u00f3dos\u00edt\u00e1sa<\/h2>\n<p>Fenntartjuk a jogot, hogy jelen S\u00fcti Szab\u00e1lyzatot b\u00e1rmikor m\u00f3dos\u00edtsuk. Az aktu\u00e1lis verzi\u00f3 mindig el\u00e9rhet\u0151 az oldalon a \u201eS\u00fcti szab\u00e1lyzat\u201d men\u00fcponton kereszt\u00fcl.<\/p>\n<\/section>\t\t\t\t\t\t\t\t<\/div>\n\t\t\t\t<\/div>\n\t\t\t\t<\/div>\n\t\t\t\t<\/div>\n\t\t\t\t<\/div>\n\t\t\t\t<\/div>","protected":false},"excerpt":{"rendered":"<p>S\u00fcti szab\u00e1lyzat Ez a s\u00fcti szab\u00e1lyzat a marsizsolt.hu weboldalra vonatkozik, \u00e9s r\u00e9szletesen bemutatja, hogyan haszn\u00e1ljuk a s\u00fctiket, illetve milyen lehet\u0151s\u00e9gei vannak a l\u00e1togat\u00f3knak ezen f\u00e1jlok kezel\u00e9s\u00e9re. 1. Mik azok a s\u00fctik? A s\u00fctik (cookie-k) kis sz\u00f6vegf\u00e1jlok, amelyeket a b\u00f6ng\u00e9sz\u0151 ment el az \u00d6n sz\u00e1m\u00edt\u00f3g\u00e9p\u00e9re vagy mobileszk\u00f6z\u00e9re, amikor megl\u00e1togat egy weboldalt. Ezek seg\u00edts\u00e9g\u00e9vel a weboldal \u201eeml\u00e9kszik\u201d [&hellip;]<\/p>\n","protected":false},"author":2,"featured_media":0,"parent":0,"menu_order":14,"comment_status":"closed","ping_status":"closed","template":"","meta":{"footnotes":""},"class_list":["post-3018","page","type-page","status-publish","hentry"],"yoast_head":"<!-- This site is optimized with the Yoast SEO plugin v27.4 - https:\/\/yoast.com\/product\/yoast-seo-wordpress\/ -->\n<title>S\u00fcti szab\u00e1lyzat | Komplett catering szolg\u00e1ltat\u00e1s \u00e9s eszk\u00f6zpark<\/title>\n<meta name=\"robots\" content=\"index, follow, max-snippet:-1, max-image-preview:large, max-video-preview:-1\" \/>\n<link rel=\"canonical\" href=\"https:\/\/marsizsolt.hu\/en\/suti-szabalyzat\/\" \/>\n<meta property=\"og:locale\" content=\"en_US\" \/>\n<meta property=\"og:type\" content=\"article\" \/>\n<meta property=\"og:title\" content=\"S\u00fcti szab\u00e1lyzat | Komplett catering szolg\u00e1ltat\u00e1s \u00e9s eszk\u00f6zpark\" \/>\n<meta property=\"og:description\" content=\"S\u00fcti szab\u00e1lyzat Ez a s\u00fcti szab\u00e1lyzat a marsizsolt.hu weboldalra vonatkozik, \u00e9s r\u00e9szletesen bemutatja, hogyan haszn\u00e1ljuk a s\u00fctiket, illetve milyen lehet\u0151s\u00e9gei vannak a l\u00e1togat\u00f3knak ezen f\u00e1jlok kezel\u00e9s\u00e9re. 1. Mik azok a s\u00fctik? A s\u00fctik (cookie-k) kis sz\u00f6vegf\u00e1jlok, amelyeket a b\u00f6ng\u00e9sz\u0151 ment el az \u00d6n sz\u00e1m\u00edt\u00f3g\u00e9p\u00e9re vagy mobileszk\u00f6z\u00e9re, amikor megl\u00e1togat egy weboldalt. Ezek seg\u00edts\u00e9g\u00e9vel a weboldal \u201eeml\u00e9kszik\u201d [&hellip;]\" \/>\n<meta property=\"og:url\" content=\"https:\/\/marsizsolt.hu\/en\/suti-szabalyzat\/\" \/>\n<meta property=\"og:site_name\" content=\"Komplett catering szolg\u00e1ltat\u00e1s \u00e9s eszk\u00f6zpark\" \/>\n<meta property=\"article:publisher\" content=\"https:\/\/www.facebook.com\/gasztro.marsi\" \/>\n<meta property=\"article:modified_time\" content=\"2025-10-14T09:08:04+00:00\" \/>\n<meta name=\"twitter:card\" content=\"summary_large_image\" \/>\n<meta name=\"twitter:label1\" content=\"Est. reading time\" \/>\n\t<meta name=\"twitter:data1\" content=\"2 minutes\" \/>\n<script type=\"application\/ld+json\" class=\"yoast-schema-graph\">{\"@context\":\"https:\\\/\\\/schema.org\",\"@graph\":[{\"@type\":\"WebPage\",\"@id\":\"https:\\\/\\\/marsizsolt.hu\\\/suti-szabalyzat\\\/\",\"url\":\"https:\\\/\\\/marsizsolt.hu\\\/suti-szabalyzat\\\/\",\"name\":\"S\u00fcti szab\u00e1lyzat | Komplett catering szolg\u00e1ltat\u00e1s \u00e9s eszk\u00f6zpark\",\"isPartOf\":{\"@id\":\"https:\\\/\\\/marsizsolt.hu\\\/#website\"},\"datePublished\":\"2025-07-18T05:31:38+00:00\",\"dateModified\":\"2025-10-14T09:08:04+00:00\",\"breadcrumb\":{\"@id\":\"https:\\\/\\\/marsizsolt.hu\\\/suti-szabalyzat\\\/#breadcrumb\"},\"inLanguage\":\"en-US\",\"potentialAction\":[{\"@type\":\"ReadAction\",\"target\":[\"https:\\\/\\\/marsizsolt.hu\\\/suti-szabalyzat\\\/\"]}]},{\"@type\":\"BreadcrumbList\",\"@id\":\"https:\\\/\\\/marsizsolt.hu\\\/suti-szabalyzat\\\/#breadcrumb\",\"itemListElement\":[{\"@type\":\"ListItem\",\"position\":1,\"name\":\"Home\",\"item\":\"https:\\\/\\\/marsizsolt.hu\\\/\"},{\"@type\":\"ListItem\",\"position\":2,\"name\":\"S\u00fcti szab\u00e1lyzat\"}]},{\"@type\":\"WebSite\",\"@id\":\"https:\\\/\\\/marsizsolt.hu\\\/#website\",\"url\":\"https:\\\/\\\/marsizsolt.hu\\\/\",\"name\":\"marsizsolt.hu\",\"description\":\"Marsi Zsolt Catering &amp; Az Udvar \u2013 Az esem\u00e9nyed gasztron\u00f3miai h\u00e1ttere\",\"publisher\":{\"@id\":\"https:\\\/\\\/marsizsolt.hu\\\/#organization\"},\"potentialAction\":[{\"@type\":\"SearchAction\",\"target\":{\"@type\":\"EntryPoint\",\"urlTemplate\":\"https:\\\/\\\/marsizsolt.hu\\\/?s={search_term_string}\"},\"query-input\":{\"@type\":\"PropertyValueSpecification\",\"valueRequired\":true,\"valueName\":\"search_term_string\"}}],\"inLanguage\":\"en-US\"},{\"@type\":\"Organization\",\"@id\":\"https:\\\/\\\/marsizsolt.hu\\\/#organization\",\"name\":\"marsizsolt.hu\",\"url\":\"https:\\\/\\\/marsizsolt.hu\\\/\",\"logo\":{\"@type\":\"ImageObject\",\"inLanguage\":\"en-US\",\"@id\":\"https:\\\/\\\/marsizsolt.hu\\\/#\\\/schema\\\/logo\\\/image\\\/\",\"url\":\"https:\\\/\\\/marsizsolt.hu\\\/wp-content\\\/uploads\\\/2025\\\/04\\\/Catering.svg\",\"contentUrl\":\"https:\\\/\\\/marsizsolt.hu\\\/wp-content\\\/uploads\\\/2025\\\/04\\\/Catering.svg\",\"width\":132,\"height\":243,\"caption\":\"marsizsolt.hu\"},\"image\":{\"@id\":\"https:\\\/\\\/marsizsolt.hu\\\/#\\\/schema\\\/logo\\\/image\\\/\"},\"sameAs\":[\"https:\\\/\\\/www.facebook.com\\\/gasztro.marsi\",\"https:\\\/\\\/www.instagram.com\\\/gasztro.marsi\\\/\"]}]}<\/script>\n<!-- \/ Yoast SEO plugin. -->","yoast_head_json":{"title":"S\u00fcti szab\u00e1lyzat | Komplett catering szolg\u00e1ltat\u00e1s \u00e9s eszk\u00f6zpark","robots":{"index":"index","follow":"follow","max-snippet":"max-snippet:-1","max-image-preview":"max-image-preview:large","max-video-preview":"max-video-preview:-1"},"canonical":"https:\/\/marsizsolt.hu\/en\/suti-szabalyzat\/","og_locale":"en_US","og_type":"article","og_title":"S\u00fcti szab\u00e1lyzat | Komplett catering szolg\u00e1ltat\u00e1s \u00e9s eszk\u00f6zpark","og_description":"S\u00fcti szab\u00e1lyzat Ez a s\u00fcti szab\u00e1lyzat a marsizsolt.hu weboldalra vonatkozik, \u00e9s r\u00e9szletesen bemutatja, hogyan haszn\u00e1ljuk a s\u00fctiket, illetve milyen lehet\u0151s\u00e9gei vannak a l\u00e1togat\u00f3knak ezen f\u00e1jlok kezel\u00e9s\u00e9re. 1. Mik azok a s\u00fctik? A s\u00fctik (cookie-k) kis sz\u00f6vegf\u00e1jlok, amelyeket a b\u00f6ng\u00e9sz\u0151 ment el az \u00d6n sz\u00e1m\u00edt\u00f3g\u00e9p\u00e9re vagy mobileszk\u00f6z\u00e9re, amikor megl\u00e1togat egy weboldalt. Ezek seg\u00edts\u00e9g\u00e9vel a weboldal \u201eeml\u00e9kszik\u201d [&hellip;]","og_url":"https:\/\/marsizsolt.hu\/en\/suti-szabalyzat\/","og_site_name":"Komplett catering szolg\u00e1ltat\u00e1s \u00e9s eszk\u00f6zpark","article_publisher":"https:\/\/www.facebook.com\/gasztro.marsi","article_modified_time":"2025-10-14T09:08:04+00:00","twitter_card":"summary_large_image","twitter_misc":{"Est. reading time":"2 minutes"},"schema":{"@context":"https:\/\/schema.org","@graph":[{"@type":"WebPage","@id":"https:\/\/marsizsolt.hu\/suti-szabalyzat\/","url":"https:\/\/marsizsolt.hu\/suti-szabalyzat\/","name":"S\u00fcti szab\u00e1lyzat | Komplett catering szolg\u00e1ltat\u00e1s \u00e9s eszk\u00f6zpark","isPartOf":{"@id":"https:\/\/marsizsolt.hu\/#website"},"datePublished":"2025-07-18T05:31:38+00:00","dateModified":"2025-10-14T09:08:04+00:00","breadcrumb":{"@id":"https:\/\/marsizsolt.hu\/suti-szabalyzat\/#breadcrumb"},"inLanguage":"en-US","potentialAction":[{"@type":"ReadAction","target":["https:\/\/marsizsolt.hu\/suti-szabalyzat\/"]}]},{"@type":"BreadcrumbList","@id":"https:\/\/marsizsolt.hu\/suti-szabalyzat\/#breadcrumb","itemListElement":[{"@type":"ListItem","position":1,"name":"Home","item":"https:\/\/marsizsolt.hu\/"},{"@type":"ListItem","position":2,"name":"S\u00fcti szab\u00e1lyzat"}]},{"@type":"WebSite","@id":"https:\/\/marsizsolt.hu\/#website","url":"https:\/\/marsizsolt.hu\/","name":"marsizsolt.hu","description":"Marsi Zsolt Catering &amp; Az Udvar \u2013 Az esem\u00e9nyed gasztron\u00f3miai h\u00e1ttere","publisher":{"@id":"https:\/\/marsizsolt.hu\/#organization"},"potentialAction":[{"@type":"SearchAction","target":{"@type":"EntryPoint","urlTemplate":"https:\/\/marsizsolt.hu\/?s={search_term_string}"},"query-input":{"@type":"PropertyValueSpecification","valueRequired":true,"valueName":"search_term_string"}}],"inLanguage":"en-US"},{"@type":"Organization","@id":"https:\/\/marsizsolt.hu\/#organization","name":"marsizsolt.hu","url":"https:\/\/marsizsolt.hu\/","logo":{"@type":"ImageObject","inLanguage":"en-US","@id":"https:\/\/marsizsolt.hu\/#\/schema\/logo\/image\/","url":"https:\/\/marsizsolt.hu\/wp-content\/uploads\/2025\/04\/Catering.svg","contentUrl":"https:\/\/marsizsolt.hu\/wp-content\/uploads\/2025\/04\/Catering.svg","width":132,"height":243,"caption":"marsizsolt.hu"},"image":{"@id":"https:\/\/marsizsolt.hu\/#\/schema\/logo\/image\/"},"sameAs":["https:\/\/www.facebook.com\/gasztro.marsi","https:\/\/www.instagram.com\/gasztro.marsi\/"]}]}},"_links":{"self":[{"href":"https:\/\/marsizsolt.hu\/en\/wp-json\/wp\/v2\/pages\/3018","targetHints":{"allow":["GET"]}}],"collection":[{"href":"https:\/\/marsizsolt.hu\/en\/wp-json\/wp\/v2\/pages"}],"about":[{"href":"https:\/\/marsizsolt.hu\/en\/wp-json\/wp\/v2\/types\/page"}],"author":[{"embeddable":true,"href":"https:\/\/marsizsolt.hu\/en\/wp-json\/wp\/v2\/users\/2"}],"replies":[{"embeddable":true,"href":"https:\/\/marsizsolt.hu\/en\/wp-json\/wp\/v2\/comments?post=3018"}],"version-history":[{"count":11,"href":"https:\/\/marsizsolt.hu\/en\/wp-json\/wp\/v2\/pages\/3018\/revisions"}],"predecessor-version":[{"id":5850,"href":"https:\/\/marsizsolt.hu\/en\/wp-json\/wp\/v2\/pages\/3018\/revisions\/5850"}],"wp:attachment":[{"href":"https:\/\/marsizsolt.hu\/en\/wp-json\/wp\/v2\/media?parent=3018"}],"curies":[{"name":"wp","href":"https:\/\/api.w.org\/{rel}","templated":true}]}}