{"id":487,"date":"2025-04-24T12:34:55","date_gmt":"2025-04-24T11:34:55","guid":{"rendered":"https:\/\/marsizsolt.hu\/?page_id=487"},"modified":"2026-01-30T11:41:14","modified_gmt":"2026-01-30T10:41:14","slug":"contact-2","status":"publish","type":"page","link":"https:\/\/marsizsolt.hu\/en\/kapcsolat\/","title":{"rendered":"Contact"},"content":{"rendered":"\t\t<div data-elementor-type=\"wp-page\" data-elementor-id=\"487\" class=\"elementor elementor-487\" data-elementor-post-type=\"page\">\n\t\t\t\t<div class=\"elementor-element elementor-element-58faca2 e-flex e-con-boxed e-con e-parent\" data-id=\"58faca2\" data-element_type=\"container\" data-e-type=\"container\" data-settings=\"{&quot;background_background&quot;:&quot;classic&quot;}\">\n\t\t\t\t\t<div class=\"e-con-inner\">\n\t\t<div class=\"elementor-element elementor-element-55ebc10 e-con-full e-flex e-con e-child\" data-id=\"55ebc10\" data-element_type=\"container\" data-e-type=\"container\">\n\t\t<div class=\"elementor-element elementor-element-503ea6b e-con-full e-flex e-con e-child\" data-id=\"503ea6b\" data-element_type=\"container\" data-e-type=\"container\">\n\t\t<div class=\"elementor-element elementor-element-d259efa e-con-full e-flex e-con e-child\" data-id=\"d259efa\" data-element_type=\"container\" data-e-type=\"container\" data-settings=\"{&quot;background_background&quot;:&quot;classic&quot;}\">\n\t\t<div class=\"elementor-element elementor-element-cd01909 e-con-full e-flex e-con e-child\" data-id=\"cd01909\" data-element_type=\"container\" data-e-type=\"container\">\n\t\t<div class=\"elementor-element elementor-element-a109bb7 e-con-full e-flex e-con e-child\" data-id=\"a109bb7\" data-element_type=\"container\" data-e-type=\"container\">\n\t\t\t\t<div class=\"elementor-element elementor-element-57dd8a7 elementor-widget elementor-widget-heading\" data-id=\"57dd8a7\" data-element_type=\"widget\" data-e-type=\"widget\" data-widget_type=\"heading.default\">\n\t\t\t\t<div class=\"elementor-widget-container\">\n\t\t\t\t\t<h3 class=\"elementor-heading-title elementor-size-default\">Kapcsolat<\/h3>\t\t\t\t<\/div>\n\t\t\t\t<\/div>\n\t\t\t\t<div class=\"elementor-element elementor-element-c55cfa6 elementor-widget elementor-widget-heading\" data-id=\"c55cfa6\" data-element_type=\"widget\" data-e-type=\"widget\" data-widget_type=\"heading.default\">\n\t\t\t\t<div class=\"elementor-widget-container\">\n\t\t\t\t\t<h2 class=\"elementor-heading-title elementor-size-default\">Rendezn\u00e9l valamit? <br>\nMi benne vagyunk!<\/h2>\t\t\t\t<\/div>\n\t\t\t\t<\/div>\n\t\t\t\t<div class=\"elementor-element elementor-element-dfc2406 elementor-widget elementor-widget-text-editor\" data-id=\"dfc2406\" data-element_type=\"widget\" data-e-type=\"widget\" data-widget_type=\"text-editor.default\">\n\t\t\t\t<div class=\"elementor-widget-container\">\n\t\t\t\t\t\t\t\t\t<p>Az Udvar rendezv\u00e9nyhelysz\u00edn\u00fcnk Ostoroson tal\u00e1lhat\u00f3, Eger mellett \u2013 de ne agg\u00f3dj, orsz\u00e1gosan v\u00e1llalunk cateringet \u00e9s kitelep\u00fcl\u00e9st is. Ak\u00e1r esk\u00fcv\u0151t, c\u00e9ges rendezv\u00e9nyt vagy csal\u00e1di \u00fcnnepet szervezel, keress minket b\u00e1tran!<\/p><p>Ezen az \u0171rlapon gyorsan \u00e9s egyszer\u0171en fel tudod venni vel\u00fcnk a kapcsolatot \u2013 hamarosan visszajelz\u00fcnk.<\/p>\t\t\t\t\t\t\t\t<\/div>\n\t\t\t\t<\/div>\n\t\t\t\t<\/div>\n\t\t<div class=\"elementor-element elementor-element-7f5199d e-con-full e-flex e-con e-child\" data-id=\"7f5199d\" data-element_type=\"container\" data-e-type=\"container\">\n\t\t<div class=\"elementor-element elementor-element-9ea5b44 e-con-full e-flex e-con e-child\" data-id=\"9ea5b44\" data-element_type=\"container\" data-e-type=\"container\">\n\t\t\t\t<div class=\"elementor-element elementor-element-c714124 elementor-widget elementor-widget-heading\" data-id=\"c714124\" data-element_type=\"widget\" data-e-type=\"widget\" data-widget_type=\"heading.default\">\n\t\t\t\t<div class=\"elementor-widget-container\">\n\t\t\t\t\t<h3 class=\"elementor-heading-title elementor-size-default\">Az udvar<\/h3>\t\t\t\t<\/div>\n\t\t\t\t<\/div>\n\t\t\t\t<div class=\"elementor-element elementor-element-4e94f62 elementor-widget elementor-widget-text-editor\" data-id=\"4e94f62\" data-element_type=\"widget\" data-e-type=\"widget\" data-widget_type=\"text-editor.default\">\n\t\t\t\t<div class=\"elementor-widget-container\">\n\t\t\t\t\t\t\t\t\t<p>Egri \u00fat 67.<br \/>3326 Ostoros<\/p>\t\t\t\t\t\t\t\t<\/div>\n\t\t\t\t<\/div>\n\t\t\t\t<\/div>\n\t\t<div class=\"elementor-element elementor-element-5c0de1a e-con-full e-flex e-con e-child\" data-id=\"5c0de1a\" data-element_type=\"container\" data-e-type=\"container\">\n\t\t\t\t<div class=\"elementor-element elementor-element-5094688 elementor-widget elementor-widget-heading\" data-id=\"5094688\" data-element_type=\"widget\" data-e-type=\"widget\" data-widget_type=\"heading.default\">\n\t\t\t\t<div class=\"elementor-widget-container\">\n\t\t\t\t\t<h3 class=\"elementor-heading-title elementor-size-default\">El\u00e9rhet\u0151s\u00e9g<\/h3>\t\t\t\t<\/div>\n\t\t\t\t<\/div>\n\t\t\t\t<div class=\"elementor-element elementor-element-63a128d elementor-icon-list--layout-traditional elementor-list-item-link-full_width elementor-widget elementor-widget-icon-list\" data-id=\"63a128d\" data-element_type=\"widget\" data-e-type=\"widget\" data-widget_type=\"icon-list.default\">\n\t\t\t\t<div class=\"elementor-widget-container\">\n\t\t\t\t\t\t\t<ul class=\"elementor-icon-list-items\">\n\t\t\t\t\t\t\t<li class=\"elementor-icon-list-item\">\n\t\t\t\t\t\t\t\t\t\t\t<a href=\"mailto:gasztro.marsi@gmail.com\">\n\n\t\t\t\t\t\t\t\t\t\t\t<span class=\"elementor-icon-list-text\">gasztro.marsi@gmail.com<\/span>\n\t\t\t\t\t\t\t\t\t\t\t<\/a>\n\t\t\t\t\t\t\t\t\t<\/li>\n\t\t\t\t\t\t\t\t<li class=\"elementor-icon-list-item\">\n\t\t\t\t\t\t\t\t\t\t\t<a href=\"tel:+36%2030%20352%204449\">\n\n\t\t\t\t\t\t\t\t\t\t\t<span class=\"elementor-icon-list-text\">+36 30 352 4449<\/span>\n\t\t\t\t\t\t\t\t\t\t\t<\/a>\n\t\t\t\t\t\t\t\t\t<\/li>\n\t\t\t\t\t\t<\/ul>\n\t\t\t\t\t\t<\/div>\n\t\t\t\t<\/div>\n\t\t\t\t<\/div>\n\t\t\t\t<\/div>\n\t\t\t\t<\/div>\n\t\t\t\t<\/div>\n\t\t<div class=\"elementor-element elementor-element-ae8fdb3 e-con-full e-flex e-con e-child\" data-id=\"ae8fdb3\" data-element_type=\"container\" data-e-type=\"container\" data-settings=\"{&quot;background_background&quot;:&quot;classic&quot;}\">\n\t\t<div class=\"elementor-element elementor-element-4aa99d0 e-con-full e-flex e-con e-child\" data-id=\"4aa99d0\" data-element_type=\"container\" data-e-type=\"container\">\n\t\t\t\t<div class=\"elementor-element elementor-element-cd82c05 elementor-widget elementor-widget-heading\" data-id=\"cd82c05\" data-element_type=\"widget\" data-e-type=\"widget\" data-widget_type=\"heading.default\">\n\t\t\t\t<div class=\"elementor-widget-container\">\n\t\t\t\t\t<h2 class=\"elementor-heading-title elementor-size-default\">\u00cdrj nek\u00fcnk<\/h2>\t\t\t\t<\/div>\n\t\t\t\t<\/div>\n\t\t\t\t<div class=\"elementor-element elementor-element-b27dc46 elementor-button-align-stretch elementor-widget elementor-widget-form\" data-id=\"b27dc46\" data-element_type=\"widget\" data-e-type=\"widget\" data-settings=\"{&quot;step_next_label&quot;:&quot;Next&quot;,&quot;step_previous_label&quot;:&quot;Previous&quot;,&quot;button_width&quot;:&quot;100&quot;,&quot;step_type&quot;:&quot;number_text&quot;,&quot;step_icon_shape&quot;:&quot;circle&quot;}\" data-widget_type=\"form.default\">\n\t\t\t\t<div class=\"elementor-widget-container\">\n\t\t\t\t\t\t\t<form class=\"elementor-form\" method=\"post\" name=\"Contact Form\" aria-label=\"Contact Form\">\n\t\t\t<input type=\"hidden\" name=\"post_id\" value=\"487\"\/>\n\t\t\t<input type=\"hidden\" name=\"form_id\" value=\"b27dc46\"\/>\n\t\t\t<input type=\"hidden\" name=\"referer_title\" value=\"Kapcsolat | Komplett catering szolg\u00e1ltat\u00e1s \u00e9s eszk\u00f6zpark\" \/>\n\n\t\t\t\t\t\t\t<input type=\"hidden\" name=\"queried_id\" value=\"487\"\/>\n\t\t\t\n\t\t\t<div class=\"elementor-form-fields-wrapper elementor-labels-\">\n\t\t\t\t\t\t\t\t<div class=\"elementor-field-type-text elementor-field-group elementor-column elementor-field-group-name elementor-col-50 elementor-field-required\">\n\t\t\t\t\t\t\t\t\t\t\t\t<label for=\"form-field-name\" class=\"elementor-field-label elementor-screen-only\">\n\t\t\t\t\t\t\t\tVezet\u00e9kn\u00e9v\t\t\t\t\t\t\t<\/label>\n\t\t\t\t\t\t\t\t\t\t\t\t\t\t<input size=\"1\" type=\"text\" name=\"form_fields[name]\" id=\"form-field-name\" class=\"elementor-field elementor-size-md  elementor-field-textual\" placeholder=\"Vezet\u00e9kn\u00e9v\" required=\"required\">\n\t\t\t\t\t\t\t\t\t\t\t<\/div>\n\t\t\t\t\t\t\t\t<div class=\"elementor-field-type-text elementor-field-group elementor-column elementor-field-group-field_1 elementor-col-50 elementor-field-required\">\n\t\t\t\t\t\t\t\t\t\t\t\t<label for=\"form-field-field_1\" class=\"elementor-field-label elementor-screen-only\">\n\t\t\t\t\t\t\t\tKeresztn\u00e9v\t\t\t\t\t\t\t<\/label>\n\t\t\t\t\t\t\t\t\t\t\t\t\t\t<input size=\"1\" type=\"text\" name=\"form_fields[field_1]\" id=\"form-field-field_1\" class=\"elementor-field elementor-size-md  elementor-field-textual\" placeholder=\"Keresztn\u00e9v\" required=\"required\">\n\t\t\t\t\t\t\t\t\t\t\t<\/div>\n\t\t\t\t\t\t\t\t<div class=\"elementor-field-type-email elementor-field-group elementor-column elementor-field-group-email elementor-col-50 elementor-field-required\">\n\t\t\t\t\t\t\t\t\t\t\t\t<label for=\"form-field-email\" class=\"elementor-field-label elementor-screen-only\">\n\t\t\t\t\t\t\t\tEmail\t\t\t\t\t\t\t<\/label>\n\t\t\t\t\t\t\t\t\t\t\t\t\t\t<input size=\"1\" type=\"email\" name=\"form_fields[email]\" id=\"form-field-email\" class=\"elementor-field elementor-size-md  elementor-field-textual\" placeholder=\"Email\" required=\"required\">\n\t\t\t\t\t\t\t\t\t\t\t<\/div>\n\t\t\t\t\t\t\t\t<div class=\"elementor-field-type-tel elementor-field-group elementor-column elementor-field-group-field_2 elementor-col-50 elementor-field-required\">\n\t\t\t\t\t\t\t\t\t\t\t\t<label for=\"form-field-field_2\" class=\"elementor-field-label elementor-screen-only\">\n\t\t\t\t\t\t\t\tTelefonsz\u00e1m\t\t\t\t\t\t\t<\/label>\n\t\t\t\t\t\t\t\t<input size=\"1\" type=\"tel\" name=\"form_fields[field_2]\" id=\"form-field-field_2\" class=\"elementor-field elementor-size-md  elementor-field-textual\" placeholder=\"Telefonsz\u00e1m\" required=\"required\" pattern=\"[0-9()#&amp;+*-=.]+\" title=\"Only numbers and phone characters (#, -, *, etc) are accepted.\">\n\n\t\t\t\t\t\t<\/div>\n\t\t\t\t\t\t\t\t<div class=\"elementor-field-type-textarea elementor-field-group elementor-column elementor-field-group-message elementor-col-100 elementor-field-required\">\n\t\t\t\t\t\t\t\t\t\t\t\t<label for=\"form-field-message\" class=\"elementor-field-label elementor-screen-only\">\n\t\t\t\t\t\t\t\t\u00dczenet\t\t\t\t\t\t\t<\/label>\n\t\t\t\t\t\t<textarea class=\"elementor-field-textual elementor-field  elementor-size-md\" name=\"form_fields[message]\" id=\"form-field-message\" rows=\"7\" placeholder=\"\u00dczenet...\" required=\"required\"><\/textarea>\t\t\t\t<\/div>\n\t\t\t\t\t\t\t\t<div class=\"elementor-field-group elementor-column elementor-field-type-submit elementor-col-100 e-form__buttons\">\n\t\t\t\t\t<button class=\"elementor-button elementor-size-md\" type=\"submit\">\n\t\t\t\t\t\t<span class=\"elementor-button-content-wrapper\">\n\t\t\t\t\t\t\t\t\t\t\t\t\t\t\t\t\t\t\t\t\t\t<span class=\"elementor-button-text\">K\u00fcld\u00e9s<\/span>\n\t\t\t\t\t\t\t\t\t\t\t\t\t<\/span>\n\t\t\t\t\t<\/button>\n\t\t\t\t<\/div>\n\t\t\t<\/div>\n\t\t<\/form>\n\t\t\t\t\t\t<\/div>\n\t\t\t\t<\/div>\n\t\t\t\t<\/div>\n\t\t\t\t<\/div>\n\t\t\t\t<\/div>\n\t\t<div class=\"elementor-element elementor-element-9c64330 e-con-full e-flex e-con e-child\" data-id=\"9c64330\" data-element_type=\"container\" data-e-type=\"container\">\n\t\t\t\t<div class=\"elementor-element elementor-element-b370edf elementor-widget elementor-widget-google_maps\" data-id=\"b370edf\" data-element_type=\"widget\" data-e-type=\"widget\" data-widget_type=\"google_maps.default\">\n\t\t\t\t<div class=\"elementor-widget-container\">\n\t\t\t\t\t\t\t<div class=\"elementor-custom-embed\">\n\t\t\t<iframe loading=\"lazy\"\n\t\t\t\t\tsrc=\"https:\/\/www.google.com\/maps\/embed\/v1\/place?key=AIzaSyA4HHrrPydAiI0W56ivprnKJPif2tQm1rc&#038;q=Marsi%20Zsolt%20Catering%20%26%20Az%20Udvar&#038;zoom=18\"\n\t\t\t\t\ttitle=\"Marsi Zsolt Catering &amp; Az Udvar\"\n\t\t\t\t\taria-label=\"Marsi Zsolt Catering &amp; Az Udvar\"\n\t\t\t><\/iframe>\n\t\t<\/div>\n\t\t\t\t\t\t<\/div>\n\t\t\t\t<\/div>\n\t\t\t\t<\/div>\n\t\t\t\t<\/div>\n\t\t\t\t\t<\/div>\n\t\t\t\t<\/div>\n\t\t<div class=\"elementor-element elementor-element-732d1bf e-flex e-con-boxed e-con e-parent\" data-id=\"732d1bf\" data-element_type=\"container\" data-e-type=\"container\" data-settings=\"{&quot;background_background&quot;:&quot;classic&quot;}\">\n\t\t\t\t\t<div class=\"e-con-inner\">\n\t\t<div class=\"elementor-element elementor-element-0247d3f e-con-full e-flex e-con e-child\" data-id=\"0247d3f\" data-element_type=\"container\" data-e-type=\"container\">\n\t\t<div class=\"elementor-element elementor-element-18d7ced e-con-full e-flex e-con e-child\" data-id=\"18d7ced\" data-element_type=\"container\" data-e-type=\"container\">\n\t\t\t\t<div class=\"elementor-element elementor-element-3e2b224 elementor-widget elementor-widget-heading\" data-id=\"3e2b224\" data-element_type=\"widget\" data-e-type=\"widget\" data-widget_type=\"heading.default\">\n\t\t\t\t<div class=\"elementor-widget-container\">\n\t\t\t\t\t<h2 class=\"elementor-heading-title elementor-size-default\">B\u00e9relj egyszer\u0171en!<\/h2>\t\t\t\t<\/div>\n\t\t\t\t<\/div>\n\t\t\t\t<\/div>\n\t\t<div class=\"elementor-element elementor-element-affe2d1 e-con-full e-flex e-con e-child\" data-id=\"affe2d1\" data-element_type=\"container\" data-e-type=\"container\">\n\t\t\t\t<div class=\"elementor-element elementor-element-a0cc046 elementor-widget elementor-widget-text-editor\" data-id=\"a0cc046\" data-element_type=\"widget\" data-e-type=\"widget\" data-widget_type=\"text-editor.default\">\n\t\t\t\t<div class=\"elementor-widget-container\">\n\t\t\t\t\t\t\t\t\t<article class=\"text-token-text-primary w-full focus:outline-none [--shadow-height:45px] has-data-writing-block:pointer-events-none has-data-writing-block:-mt-(--shadow-height) has-data-writing-block:pt-(--shadow-height) [&amp;:has([data-writing-block])&gt;*]:pointer-events-auto [content-visibility:auto] supports-[content-visibility:auto]:[contain-intrinsic-size:auto_100lvh] scroll-mt-[calc(var(--header-height)+min(200px,max(70px,20svh)))]\" dir=\"auto\" tabindex=\"-1\" data-turn-id=\"request-WEB:d5810277-e033-4e61-bdee-5798dd977e93-1\" data-testid=\"conversation-turn-4\" data-scroll-anchor=\"false\" data-turn=\"assistant\"><p>\u00c1ll\u00edtsd \u00f6ssze egyszer\u0171en a rendezv\u00e9nyedhez sz\u00fcks\u00e9ges catering eszk\u00f6z\u00f6ket, ak\u00e1r vill\u00e1r\u00f3l vill\u00e1ra!<\/p><p>K\u00fcldd el a list\u00e1t, \u00e9s mi szem\u00e9lyre szabott \u00e1raj\u00e1nlatot k\u00e9sz\u00edt\u00fcnk neked \u2014 vagy l\u00e9pj vel\u00fcnk kapcsolatba, \u00e9s szak\u00e9rt\u0151 csapatunk \u00f6ssze\u00e1ll\u00edtja neked a sz\u00fcks\u00e9ges list\u00e1t.<\/p><\/article>\t\t\t\t\t\t\t\t<\/div>\n\t\t\t\t<\/div>\n\t\t<div class=\"elementor-element elementor-element-8b000f0 e-con-full e-flex e-con e-child\" data-id=\"8b000f0\" data-element_type=\"container\" data-e-type=\"container\">\n\t\t\t\t<div class=\"elementor-element elementor-element-478196d elementor-align-left elementor-widget__width-auto elementor-mobile-align-left elementor-invisible elementor-widget elementor-widget-button\" data-id=\"478196d\" data-element_type=\"widget\" data-e-type=\"widget\" data-settings=\"{&quot;_animation&quot;:&quot;fadeIn&quot;,&quot;_animation_delay&quot;:100}\" data-widget_type=\"button.default\">\n\t\t\t\t<div class=\"elementor-widget-container\">\n\t\t\t\t\t\t\t\t\t<div class=\"elementor-button-wrapper\">\n\t\t\t\t\t<a class=\"elementor-button elementor-button-link elementor-size-sm\" href=\"https:\/\/marsizsolt.hu\/eszkozeink\/\">\n\t\t\t\t\t\t<span class=\"elementor-button-content-wrapper\">\n\t\t\t\t\t\t\t\t\t<span class=\"elementor-button-text\">\u00d6ssze\u00e1ll\u00edtom most!<\/span>\n\t\t\t\t\t<\/span>\n\t\t\t\t\t<\/a>\n\t\t\t\t<\/div>\n\t\t\t\t\t\t\t\t<\/div>\n\t\t\t\t<\/div>\n\t\t\t\t<\/div>\n\t\t\t\t<\/div>\n\t\t\t\t<\/div>\n\t\t\t\t\t<\/div>\n\t\t\t\t<\/div>\n\t\t\t\t<\/div>\n\t\t","protected":false},"excerpt":{"rendered":"<p>Kapcsolat Rendezn\u00e9l valamit? Mi benne vagyunk! Az Udvar rendezv\u00e9nyhelysz\u00edn\u00fcnk Ostoroson tal\u00e1lhat\u00f3, Eger mellett \u2013 de ne agg\u00f3dj, orsz\u00e1gosan v\u00e1llalunk cateringet \u00e9s kitelep\u00fcl\u00e9st is. Ak\u00e1r esk\u00fcv\u0151t, c\u00e9ges rendezv\u00e9nyt vagy csal\u00e1di \u00fcnnepet szervezel, keress minket b\u00e1tran! Ezen az \u0171rlapon gyorsan \u00e9s egyszer\u0171en fel tudod venni vel\u00fcnk a kapcsolatot \u2013 hamarosan visszajelz\u00fcnk. Az udvar Egri \u00fat 67.3326 Ostoros [&hellip;]<\/p>\n","protected":false},"author":2,"featured_media":0,"parent":0,"menu_order":7,"comment_status":"closed","ping_status":"closed","template":"","meta":{"footnotes":""},"class_list":["post-487","page","type-page","status-publish","hentry"],"yoast_head":"<!-- This site is optimized with the Yoast SEO plugin v27.4 - https:\/\/yoast.com\/product\/yoast-seo-wordpress\/ -->\n<title>Kapcsolat | Komplett catering szolg\u00e1ltat\u00e1s \u00e9s eszk\u00f6zpark<\/title>\n<meta name=\"robots\" content=\"index, follow, max-snippet:-1, max-image-preview:large, max-video-preview:-1\" \/>\n<link rel=\"canonical\" href=\"https:\/\/marsizsolt.hu\/en\/contact-2\/\" \/>\n<meta property=\"og:locale\" content=\"en_US\" \/>\n<meta property=\"og:type\" content=\"article\" \/>\n<meta property=\"og:title\" content=\"Kapcsolat | Komplett catering szolg\u00e1ltat\u00e1s \u00e9s eszk\u00f6zpark\" \/>\n<meta property=\"og:description\" content=\"Kapcsolat Rendezn\u00e9l valamit? Mi benne vagyunk! Az Udvar rendezv\u00e9nyhelysz\u00edn\u00fcnk Ostoroson tal\u00e1lhat\u00f3, Eger mellett \u2013 de ne agg\u00f3dj, orsz\u00e1gosan v\u00e1llalunk cateringet \u00e9s kitelep\u00fcl\u00e9st is. Ak\u00e1r esk\u00fcv\u0151t, c\u00e9ges rendezv\u00e9nyt vagy csal\u00e1di \u00fcnnepet szervezel, keress minket b\u00e1tran! Ezen az \u0171rlapon gyorsan \u00e9s egyszer\u0171en fel tudod venni vel\u00fcnk a kapcsolatot \u2013 hamarosan visszajelz\u00fcnk. Az udvar Egri \u00fat 67.3326 Ostoros [&hellip;]\" \/>\n<meta property=\"og:url\" content=\"https:\/\/marsizsolt.hu\/en\/contact-2\/\" \/>\n<meta property=\"og:site_name\" content=\"Komplett catering szolg\u00e1ltat\u00e1s \u00e9s eszk\u00f6zpark\" \/>\n<meta property=\"article:publisher\" content=\"https:\/\/www.facebook.com\/gasztro.marsi\" \/>\n<meta property=\"article:modified_time\" content=\"2026-01-30T10:41:14+00:00\" \/>\n<meta name=\"twitter:card\" content=\"summary_large_image\" \/>\n<meta name=\"twitter:label1\" content=\"Est. reading time\" \/>\n\t<meta name=\"twitter:data1\" content=\"1 minute\" \/>\n<script type=\"application\/ld+json\" class=\"yoast-schema-graph\">{\"@context\":\"https:\\\/\\\/schema.org\",\"@graph\":[{\"@type\":\"WebPage\",\"@id\":\"https:\\\/\\\/marsizsolt.hu\\\/kapcsolat\\\/\",\"url\":\"https:\\\/\\\/marsizsolt.hu\\\/kapcsolat\\\/\",\"name\":\"Kapcsolat | Komplett catering szolg\u00e1ltat\u00e1s \u00e9s eszk\u00f6zpark\",\"isPartOf\":{\"@id\":\"https:\\\/\\\/marsizsolt.hu\\\/#website\"},\"datePublished\":\"2025-04-24T11:34:55+00:00\",\"dateModified\":\"2026-01-30T10:41:14+00:00\",\"breadcrumb\":{\"@id\":\"https:\\\/\\\/marsizsolt.hu\\\/kapcsolat\\\/#breadcrumb\"},\"inLanguage\":\"en-US\",\"potentialAction\":[{\"@type\":\"ReadAction\",\"target\":[\"https:\\\/\\\/marsizsolt.hu\\\/kapcsolat\\\/\"]}]},{\"@type\":\"BreadcrumbList\",\"@id\":\"https:\\\/\\\/marsizsolt.hu\\\/kapcsolat\\\/#breadcrumb\",\"itemListElement\":[{\"@type\":\"ListItem\",\"position\":1,\"name\":\"Home\",\"item\":\"https:\\\/\\\/marsizsolt.hu\\\/\"},{\"@type\":\"ListItem\",\"position\":2,\"name\":\"Kapcsolat\"}]},{\"@type\":\"WebSite\",\"@id\":\"https:\\\/\\\/marsizsolt.hu\\\/#website\",\"url\":\"https:\\\/\\\/marsizsolt.hu\\\/\",\"name\":\"marsizsolt.hu\",\"description\":\"Marsi Zsolt Catering &amp; Az Udvar \u2013 Az esem\u00e9nyed gasztron\u00f3miai h\u00e1ttere\",\"publisher\":{\"@id\":\"https:\\\/\\\/marsizsolt.hu\\\/#organization\"},\"potentialAction\":[{\"@type\":\"SearchAction\",\"target\":{\"@type\":\"EntryPoint\",\"urlTemplate\":\"https:\\\/\\\/marsizsolt.hu\\\/?s={search_term_string}\"},\"query-input\":{\"@type\":\"PropertyValueSpecification\",\"valueRequired\":true,\"valueName\":\"search_term_string\"}}],\"inLanguage\":\"en-US\"},{\"@type\":\"Organization\",\"@id\":\"https:\\\/\\\/marsizsolt.hu\\\/#organization\",\"name\":\"marsizsolt.hu\",\"url\":\"https:\\\/\\\/marsizsolt.hu\\\/\",\"logo\":{\"@type\":\"ImageObject\",\"inLanguage\":\"en-US\",\"@id\":\"https:\\\/\\\/marsizsolt.hu\\\/#\\\/schema\\\/logo\\\/image\\\/\",\"url\":\"https:\\\/\\\/marsizsolt.hu\\\/wp-content\\\/uploads\\\/2025\\\/04\\\/Catering.svg\",\"contentUrl\":\"https:\\\/\\\/marsizsolt.hu\\\/wp-content\\\/uploads\\\/2025\\\/04\\\/Catering.svg\",\"width\":132,\"height\":243,\"caption\":\"marsizsolt.hu\"},\"image\":{\"@id\":\"https:\\\/\\\/marsizsolt.hu\\\/#\\\/schema\\\/logo\\\/image\\\/\"},\"sameAs\":[\"https:\\\/\\\/www.facebook.com\\\/gasztro.marsi\",\"https:\\\/\\\/www.instagram.com\\\/gasztro.marsi\\\/\"]}]}<\/script>\n<!-- \/ Yoast SEO plugin. -->","yoast_head_json":{"title":"Kapcsolat | Komplett catering szolg\u00e1ltat\u00e1s \u00e9s eszk\u00f6zpark","robots":{"index":"index","follow":"follow","max-snippet":"max-snippet:-1","max-image-preview":"max-image-preview:large","max-video-preview":"max-video-preview:-1"},"canonical":"https:\/\/marsizsolt.hu\/en\/contact-2\/","og_locale":"en_US","og_type":"article","og_title":"Kapcsolat | Komplett catering szolg\u00e1ltat\u00e1s \u00e9s eszk\u00f6zpark","og_description":"Kapcsolat Rendezn\u00e9l valamit? Mi benne vagyunk! Az Udvar rendezv\u00e9nyhelysz\u00edn\u00fcnk Ostoroson tal\u00e1lhat\u00f3, Eger mellett \u2013 de ne agg\u00f3dj, orsz\u00e1gosan v\u00e1llalunk cateringet \u00e9s kitelep\u00fcl\u00e9st is. Ak\u00e1r esk\u00fcv\u0151t, c\u00e9ges rendezv\u00e9nyt vagy csal\u00e1di \u00fcnnepet szervezel, keress minket b\u00e1tran! Ezen az \u0171rlapon gyorsan \u00e9s egyszer\u0171en fel tudod venni vel\u00fcnk a kapcsolatot \u2013 hamarosan visszajelz\u00fcnk. Az udvar Egri \u00fat 67.3326 Ostoros [&hellip;]","og_url":"https:\/\/marsizsolt.hu\/en\/contact-2\/","og_site_name":"Komplett catering szolg\u00e1ltat\u00e1s \u00e9s eszk\u00f6zpark","article_publisher":"https:\/\/www.facebook.com\/gasztro.marsi","article_modified_time":"2026-01-30T10:41:14+00:00","twitter_card":"summary_large_image","twitter_misc":{"Est. reading time":"1 minute"},"schema":{"@context":"https:\/\/schema.org","@graph":[{"@type":"WebPage","@id":"https:\/\/marsizsolt.hu\/kapcsolat\/","url":"https:\/\/marsizsolt.hu\/kapcsolat\/","name":"Kapcsolat | Komplett catering szolg\u00e1ltat\u00e1s \u00e9s eszk\u00f6zpark","isPartOf":{"@id":"https:\/\/marsizsolt.hu\/#website"},"datePublished":"2025-04-24T11:34:55+00:00","dateModified":"2026-01-30T10:41:14+00:00","breadcrumb":{"@id":"https:\/\/marsizsolt.hu\/kapcsolat\/#breadcrumb"},"inLanguage":"en-US","potentialAction":[{"@type":"ReadAction","target":["https:\/\/marsizsolt.hu\/kapcsolat\/"]}]},{"@type":"BreadcrumbList","@id":"https:\/\/marsizsolt.hu\/kapcsolat\/#breadcrumb","itemListElement":[{"@type":"ListItem","position":1,"name":"Home","item":"https:\/\/marsizsolt.hu\/"},{"@type":"ListItem","position":2,"name":"Kapcsolat"}]},{"@type":"WebSite","@id":"https:\/\/marsizsolt.hu\/#website","url":"https:\/\/marsizsolt.hu\/","name":"marsizsolt.hu","description":"Marsi Zsolt Catering &amp; Az Udvar \u2013 Az esem\u00e9nyed gasztron\u00f3miai h\u00e1ttere","publisher":{"@id":"https:\/\/marsizsolt.hu\/#organization"},"potentialAction":[{"@type":"SearchAction","target":{"@type":"EntryPoint","urlTemplate":"https:\/\/marsizsolt.hu\/?s={search_term_string}"},"query-input":{"@type":"PropertyValueSpecification","valueRequired":true,"valueName":"search_term_string"}}],"inLanguage":"en-US"},{"@type":"Organization","@id":"https:\/\/marsizsolt.hu\/#organization","name":"marsizsolt.hu","url":"https:\/\/marsizsolt.hu\/","logo":{"@type":"ImageObject","inLanguage":"en-US","@id":"https:\/\/marsizsolt.hu\/#\/schema\/logo\/image\/","url":"https:\/\/marsizsolt.hu\/wp-content\/uploads\/2025\/04\/Catering.svg","contentUrl":"https:\/\/marsizsolt.hu\/wp-content\/uploads\/2025\/04\/Catering.svg","width":132,"height":243,"caption":"marsizsolt.hu"},"image":{"@id":"https:\/\/marsizsolt.hu\/#\/schema\/logo\/image\/"},"sameAs":["https:\/\/www.facebook.com\/gasztro.marsi","https:\/\/www.instagram.com\/gasztro.marsi\/"]}]}},"_links":{"self":[{"href":"https:\/\/marsizsolt.hu\/en\/wp-json\/wp\/v2\/pages\/487","targetHints":{"allow":["GET"]}}],"collection":[{"href":"https:\/\/marsizsolt.hu\/en\/wp-json\/wp\/v2\/pages"}],"about":[{"href":"https:\/\/marsizsolt.hu\/en\/wp-json\/wp\/v2\/types\/page"}],"author":[{"embeddable":true,"href":"https:\/\/marsizsolt.hu\/en\/wp-json\/wp\/v2\/users\/2"}],"replies":[{"embeddable":true,"href":"https:\/\/marsizsolt.hu\/en\/wp-json\/wp\/v2\/comments?post=487"}],"version-history":[{"count":104,"href":"https:\/\/marsizsolt.hu\/en\/wp-json\/wp\/v2\/pages\/487\/revisions"}],"predecessor-version":[{"id":6382,"href":"https:\/\/marsizsolt.hu\/en\/wp-json\/wp\/v2\/pages\/487\/revisions\/6382"}],"wp:attachment":[{"href":"https:\/\/marsizsolt.hu\/en\/wp-json\/wp\/v2\/media?parent=487"}],"curies":[{"name":"wp","href":"https:\/\/api.w.org\/{rel}","templated":true}]}}