{"id":3325,"date":"2025-08-26T12:51:18","date_gmt":"2025-08-26T11:51:18","guid":{"rendered":"https:\/\/marsizsolt.hu\/?post_type=product&#038;p=3325"},"modified":"2025-08-27T18:40:31","modified_gmt":"2025-08-27T17:40:31","slug":"asztalszoknya-acelkek-73-x-570-cm","status":"publish","type":"product","link":"https:\/\/marsizsolt.hu\/en\/product\/asztalszoknya-acelkek-73-x-570-cm\/","title":{"rendered":"Steel blue table skirt, 73 x 570 cm"},"content":{"rendered":"<p>Az ac\u00e9lk\u00e9k asztalszokny\u00e1k modern \u00e9s kifinomult hangulatot teremtenek. H\u0171v\u00f6s, m\u00e9gis eleg\u00e1ns sz\u00edn\u00fckkel j\u00f3l illeszkednek form\u00e1lisabb esem\u00e9nyekhez, c\u00e9ges rendezv\u00e9nyekhez vagy olyan dekor\u00e1ci\u00f3hoz, ahol a k\u00e9k \u00e1rnyalatai kapnak szerepet.<\/p>","protected":false},"excerpt":{"rendered":"<p>Az ac\u00e9lk\u00e9k asztalszokny\u00e1k modern \u00e9s kifinomult hangulatot teremtenek. H\u0171v\u00f6s, m\u00e9gis eleg\u00e1ns sz\u00edn\u00fckkel j\u00f3l illeszkednek form\u00e1lisabb esem\u00e9nyekhez, c\u00e9ges rendezv\u00e9nyekhez vagy olyan dekor\u00e1ci\u00f3hoz, ahol a k\u00e9k \u00e1rnyalatai kapnak szerepet.<\/p>","protected":false},"featured_media":3705,"template":"","meta":[],"product_brand":[],"product_cat":[34],"product_tag":[],"class_list":{"0":"post-3325","1":"product","2":"type-product","3":"status-publish","4":"has-post-thumbnail","6":"product_cat-ettermi-textiliak","8":"first","9":"instock","10":"shipping-taxable","11":"purchasable","12":"product-type-simple"},"yoast_head":"<!-- This site is optimized with the Yoast SEO plugin v27.0 - https:\/\/yoast.com\/product\/yoast-seo-wordpress\/ -->\n<title>Asztalszoknya ac\u00e9lk\u00e9k 73 x 570 cm | Komplett catering szolg\u00e1ltat\u00e1s \u00e9s eszk\u00f6zpark<\/title>\n<meta name=\"robots\" content=\"index, follow, max-snippet:-1, max-image-preview:large, max-video-preview:-1\" \/>\n<link rel=\"canonical\" href=\"https:\/\/marsizsolt.hu\/en\/product\/asztalszoknya-acelkek-73-x-570-cm\/\" \/>\n<meta property=\"og:locale\" content=\"en_US\" \/>\n<meta property=\"og:type\" content=\"article\" \/>\n<meta property=\"og:title\" content=\"Asztalszoknya ac\u00e9lk\u00e9k 73 x 570 cm | Komplett catering szolg\u00e1ltat\u00e1s \u00e9s eszk\u00f6zpark\" \/>\n<meta property=\"og:description\" content=\"Az ac\u00e9lk\u00e9k asztalszokny\u00e1k modern \u00e9s kifinomult hangulatot teremtenek. H\u0171v\u00f6s, m\u00e9gis eleg\u00e1ns sz\u00edn\u00fckkel j\u00f3l illeszkednek form\u00e1lisabb esem\u00e9nyekhez, c\u00e9ges rendezv\u00e9nyekhez vagy olyan dekor\u00e1ci\u00f3hoz, ahol a k\u00e9k \u00e1rnyalatai kapnak szerepet.\" \/>\n<meta property=\"og:url\" content=\"https:\/\/marsizsolt.hu\/en\/product\/asztalszoknya-acelkek-73-x-570-cm\/\" \/>\n<meta property=\"og:site_name\" content=\"Komplett catering szolg\u00e1ltat\u00e1s \u00e9s eszk\u00f6zpark\" \/>\n<meta property=\"article:publisher\" content=\"https:\/\/www.facebook.com\/gasztro.marsi\" \/>\n<meta property=\"article:modified_time\" content=\"2025-08-27T17:40:31+00:00\" \/>\n<meta property=\"og:image\" content=\"https:\/\/marsizsolt.hu\/wp-content\/uploads\/2025\/08\/4212-asztalszoknya-acelkek-73-x-570-cm.webp\" \/>\n\t<meta property=\"og:image:width\" content=\"1920\" \/>\n\t<meta property=\"og:image:height\" content=\"2880\" \/>\n\t<meta property=\"og:image:type\" content=\"image\/webp\" \/>\n<meta name=\"twitter:card\" content=\"summary_large_image\" \/>\n<script type=\"application\/ld+json\" class=\"yoast-schema-graph\">{\"@context\":\"https:\/\/schema.org\",\"@graph\":[{\"@type\":\"WebPage\",\"@id\":\"https:\/\/marsizsolt.hu\/product\/asztalszoknya-acelkek-73-x-570-cm\/\",\"url\":\"https:\/\/marsizsolt.hu\/product\/asztalszoknya-acelkek-73-x-570-cm\/\",\"name\":\"Asztalszoknya ac\u00e9lk\u00e9k 73 x 570 cm | Komplett catering szolg\u00e1ltat\u00e1s \u00e9s eszk\u00f6zpark\",\"isPartOf\":{\"@id\":\"https:\/\/marsizsolt.hu\/#website\"},\"primaryImageOfPage\":{\"@id\":\"https:\/\/marsizsolt.hu\/product\/asztalszoknya-acelkek-73-x-570-cm\/#primaryimage\"},\"image\":{\"@id\":\"https:\/\/marsizsolt.hu\/product\/asztalszoknya-acelkek-73-x-570-cm\/#primaryimage\"},\"thumbnailUrl\":\"https:\/\/marsizsolt.hu\/wp-content\/uploads\/2025\/08\/4212-asztalszoknya-acelkek-73-x-570-cm.webp\",\"datePublished\":\"2025-08-26T11:51:18+00:00\",\"dateModified\":\"2025-08-27T17:40:31+00:00\",\"breadcrumb\":{\"@id\":\"https:\/\/marsizsolt.hu\/product\/asztalszoknya-acelkek-73-x-570-cm\/#breadcrumb\"},\"inLanguage\":\"en-US\",\"potentialAction\":[{\"@type\":\"ReadAction\",\"target\":[\"https:\/\/marsizsolt.hu\/product\/asztalszoknya-acelkek-73-x-570-cm\/\"]}]},{\"@type\":\"ImageObject\",\"inLanguage\":\"en-US\",\"@id\":\"https:\/\/marsizsolt.hu\/product\/asztalszoknya-acelkek-73-x-570-cm\/#primaryimage\",\"url\":\"https:\/\/marsizsolt.hu\/wp-content\/uploads\/2025\/08\/4212-asztalszoknya-acelkek-73-x-570-cm.webp\",\"contentUrl\":\"https:\/\/marsizsolt.hu\/wp-content\/uploads\/2025\/08\/4212-asztalszoknya-acelkek-73-x-570-cm.webp\",\"width\":1920,\"height\":2880},{\"@type\":\"BreadcrumbList\",\"@id\":\"https:\/\/marsizsolt.hu\/product\/asztalszoknya-acelkek-73-x-570-cm\/#breadcrumb\",\"itemListElement\":[{\"@type\":\"ListItem\",\"position\":1,\"name\":\"Home\",\"item\":\"https:\/\/marsizsolt.hu\/\"},{\"@type\":\"ListItem\",\"position\":2,\"name\":\"Shop\",\"item\":\"https:\/\/marsizsolt.hu\/shop\/\"},{\"@type\":\"ListItem\",\"position\":3,\"name\":\"Asztalszoknya ac\u00e9lk\u00e9k 73 x 570 cm\"}]},{\"@type\":\"WebSite\",\"@id\":\"https:\/\/marsizsolt.hu\/#website\",\"url\":\"https:\/\/marsizsolt.hu\/\",\"name\":\"marsizsolt.hu\",\"description\":\"Marsi Zsolt Catering &amp; Az Udvar \u2013 Az esem\u00e9nyed gasztron\u00f3miai h\u00e1ttere\",\"publisher\":{\"@id\":\"https:\/\/marsizsolt.hu\/#organization\"},\"potentialAction\":[{\"@type\":\"SearchAction\",\"target\":{\"@type\":\"EntryPoint\",\"urlTemplate\":\"https:\/\/marsizsolt.hu\/?s={search_term_string}\"},\"query-input\":{\"@type\":\"PropertyValueSpecification\",\"valueRequired\":true,\"valueName\":\"search_term_string\"}}],\"inLanguage\":\"en-US\"},{\"@type\":\"Organization\",\"@id\":\"https:\/\/marsizsolt.hu\/#organization\",\"name\":\"marsizsolt.hu\",\"url\":\"https:\/\/marsizsolt.hu\/\",\"logo\":{\"@type\":\"ImageObject\",\"inLanguage\":\"en-US\",\"@id\":\"https:\/\/marsizsolt.hu\/#\/schema\/logo\/image\/\",\"url\":\"https:\/\/marsizsolt.hu\/wp-content\/uploads\/2025\/04\/Catering.svg\",\"contentUrl\":\"https:\/\/marsizsolt.hu\/wp-content\/uploads\/2025\/04\/Catering.svg\",\"width\":132,\"height\":243,\"caption\":\"marsizsolt.hu\"},\"image\":{\"@id\":\"https:\/\/marsizsolt.hu\/#\/schema\/logo\/image\/\"},\"sameAs\":[\"https:\/\/www.facebook.com\/gasztro.marsi\",\"https:\/\/www.instagram.com\/gasztro.marsi\/\"]}]}<\/script>\n<!-- \/ Yoast SEO plugin. -->","yoast_head_json":{"title":"Asztalszoknya ac\u00e9lk\u00e9k 73 x 570 cm | Komplett catering szolg\u00e1ltat\u00e1s \u00e9s eszk\u00f6zpark","robots":{"index":"index","follow":"follow","max-snippet":"max-snippet:-1","max-image-preview":"max-image-preview:large","max-video-preview":"max-video-preview:-1"},"canonical":"https:\/\/marsizsolt.hu\/en\/product\/asztalszoknya-acelkek-73-x-570-cm\/","og_locale":"en_US","og_type":"article","og_title":"Asztalszoknya ac\u00e9lk\u00e9k 73 x 570 cm | Komplett catering szolg\u00e1ltat\u00e1s \u00e9s eszk\u00f6zpark","og_description":"Az ac\u00e9lk\u00e9k asztalszokny\u00e1k modern \u00e9s kifinomult hangulatot teremtenek. H\u0171v\u00f6s, m\u00e9gis eleg\u00e1ns sz\u00edn\u00fckkel j\u00f3l illeszkednek form\u00e1lisabb esem\u00e9nyekhez, c\u00e9ges rendezv\u00e9nyekhez vagy olyan dekor\u00e1ci\u00f3hoz, ahol a k\u00e9k \u00e1rnyalatai kapnak szerepet.","og_url":"https:\/\/marsizsolt.hu\/en\/product\/asztalszoknya-acelkek-73-x-570-cm\/","og_site_name":"Komplett catering szolg\u00e1ltat\u00e1s \u00e9s eszk\u00f6zpark","article_publisher":"https:\/\/www.facebook.com\/gasztro.marsi","article_modified_time":"2025-08-27T17:40:31+00:00","og_image":[{"width":1920,"height":2880,"url":"https:\/\/marsizsolt.hu\/wp-content\/uploads\/2025\/08\/4212-asztalszoknya-acelkek-73-x-570-cm.webp","type":"image\/webp"}],"twitter_card":"summary_large_image","schema":{"@context":"https:\/\/schema.org","@graph":[{"@type":"WebPage","@id":"https:\/\/marsizsolt.hu\/product\/asztalszoknya-acelkek-73-x-570-cm\/","url":"https:\/\/marsizsolt.hu\/product\/asztalszoknya-acelkek-73-x-570-cm\/","name":"Asztalszoknya ac\u00e9lk\u00e9k 73 x 570 cm | Komplett catering szolg\u00e1ltat\u00e1s \u00e9s eszk\u00f6zpark","isPartOf":{"@id":"https:\/\/marsizsolt.hu\/#website"},"primaryImageOfPage":{"@id":"https:\/\/marsizsolt.hu\/product\/asztalszoknya-acelkek-73-x-570-cm\/#primaryimage"},"image":{"@id":"https:\/\/marsizsolt.hu\/product\/asztalszoknya-acelkek-73-x-570-cm\/#primaryimage"},"thumbnailUrl":"https:\/\/marsizsolt.hu\/wp-content\/uploads\/2025\/08\/4212-asztalszoknya-acelkek-73-x-570-cm.webp","datePublished":"2025-08-26T11:51:18+00:00","dateModified":"2025-08-27T17:40:31+00:00","breadcrumb":{"@id":"https:\/\/marsizsolt.hu\/product\/asztalszoknya-acelkek-73-x-570-cm\/#breadcrumb"},"inLanguage":"en-US","potentialAction":[{"@type":"ReadAction","target":["https:\/\/marsizsolt.hu\/product\/asztalszoknya-acelkek-73-x-570-cm\/"]}]},{"@type":"ImageObject","inLanguage":"en-US","@id":"https:\/\/marsizsolt.hu\/product\/asztalszoknya-acelkek-73-x-570-cm\/#primaryimage","url":"https:\/\/marsizsolt.hu\/wp-content\/uploads\/2025\/08\/4212-asztalszoknya-acelkek-73-x-570-cm.webp","contentUrl":"https:\/\/marsizsolt.hu\/wp-content\/uploads\/2025\/08\/4212-asztalszoknya-acelkek-73-x-570-cm.webp","width":1920,"height":2880},{"@type":"BreadcrumbList","@id":"https:\/\/marsizsolt.hu\/product\/asztalszoknya-acelkek-73-x-570-cm\/#breadcrumb","itemListElement":[{"@type":"ListItem","position":1,"name":"Home","item":"https:\/\/marsizsolt.hu\/"},{"@type":"ListItem","position":2,"name":"Shop","item":"https:\/\/marsizsolt.hu\/shop\/"},{"@type":"ListItem","position":3,"name":"Asztalszoknya ac\u00e9lk\u00e9k 73 x 570 cm"}]},{"@type":"WebSite","@id":"https:\/\/marsizsolt.hu\/#website","url":"https:\/\/marsizsolt.hu\/","name":"marsizsolt.hu","description":"Marsi Zsolt Catering &amp; Az Udvar \u2013 Az esem\u00e9nyed gasztron\u00f3miai h\u00e1ttere","publisher":{"@id":"https:\/\/marsizsolt.hu\/#organization"},"potentialAction":[{"@type":"SearchAction","target":{"@type":"EntryPoint","urlTemplate":"https:\/\/marsizsolt.hu\/?s={search_term_string}"},"query-input":{"@type":"PropertyValueSpecification","valueRequired":true,"valueName":"search_term_string"}}],"inLanguage":"en-US"},{"@type":"Organization","@id":"https:\/\/marsizsolt.hu\/#organization","name":"marsizsolt.hu","url":"https:\/\/marsizsolt.hu\/","logo":{"@type":"ImageObject","inLanguage":"en-US","@id":"https:\/\/marsizsolt.hu\/#\/schema\/logo\/image\/","url":"https:\/\/marsizsolt.hu\/wp-content\/uploads\/2025\/04\/Catering.svg","contentUrl":"https:\/\/marsizsolt.hu\/wp-content\/uploads\/2025\/04\/Catering.svg","width":132,"height":243,"caption":"marsizsolt.hu"},"image":{"@id":"https:\/\/marsizsolt.hu\/#\/schema\/logo\/image\/"},"sameAs":["https:\/\/www.facebook.com\/gasztro.marsi","https:\/\/www.instagram.com\/gasztro.marsi\/"]}]}},"_links":{"self":[{"href":"https:\/\/marsizsolt.hu\/en\/wp-json\/wp\/v2\/product\/3325","targetHints":{"allow":["GET"]}}],"collection":[{"href":"https:\/\/marsizsolt.hu\/en\/wp-json\/wp\/v2\/product"}],"about":[{"href":"https:\/\/marsizsolt.hu\/en\/wp-json\/wp\/v2\/types\/product"}],"wp:featuredmedia":[{"embeddable":true,"href":"https:\/\/marsizsolt.hu\/en\/wp-json\/wp\/v2\/media\/3705"}],"wp:attachment":[{"href":"https:\/\/marsizsolt.hu\/en\/wp-json\/wp\/v2\/media?parent=3325"}],"wp:term":[{"taxonomy":"product_brand","embeddable":true,"href":"https:\/\/marsizsolt.hu\/en\/wp-json\/wp\/v2\/product_brand?post=3325"},{"taxonomy":"product_cat","embeddable":true,"href":"https:\/\/marsizsolt.hu\/en\/wp-json\/wp\/v2\/product_cat?post=3325"},{"taxonomy":"product_tag","embeddable":true,"href":"https:\/\/marsizsolt.hu\/en\/wp-json\/wp\/v2\/product_tag?post=3325"}],"curies":[{"name":"wp","href":"https:\/\/api.w.org\/{rel}","templated":true}]}}