{"id":3366,"date":"2025-08-26T12:51:24","date_gmt":"2025-08-26T11:51:24","guid":{"rendered":"https:\/\/marsizsolt.hu\/?post_type=product&#038;p=3366"},"modified":"2025-08-27T06:51:02","modified_gmt":"2025-08-27T05:51:02","slug":"koktelasztal-rozsdamentes-labbal-80-cm-m112-cm","status":"publish","type":"product","link":"https:\/\/marsizsolt.hu\/en\/product\/koktelasztal-rozsdamentes-labbal-80-cm-m112-cm\/","title":{"rendered":"Cocktail table with stainless steel base, 80 cm diameter, 112 cm height"},"content":{"rendered":"<p>Ez a kokt\u00e9lasztal ide\u00e1lis \u00e1ll\u00f3fogad\u00e1sokra, partikra vagy rendezv\u00e9nyekre, ahol a vend\u00e9gek \u00e1llva fogyasztj\u00e1k el italaikat \u00e9s \u00e9teleiket.<\/p>","protected":false},"excerpt":{"rendered":"<p>Ez a kokt\u00e9lasztal ide\u00e1lis \u00e1ll\u00f3fogad\u00e1sokra, partikra vagy rendezv\u00e9nyekre, ahol a vend\u00e9gek \u00e1llva fogyasztj\u00e1k el italaikat \u00e9s \u00e9teleiket.<\/p>","protected":false},"featured_media":3739,"template":"","meta":[],"product_brand":[],"product_cat":[36],"product_tag":[],"class_list":{"0":"post-3366","1":"product","2":"type-product","3":"status-publish","4":"has-post-thumbnail","6":"product_cat-satrak-butorok","8":"first","9":"instock","10":"shipping-taxable","11":"purchasable","12":"product-type-simple"},"yoast_head":"<!-- This site is optimized with the Yoast SEO plugin v27.4 - https:\/\/yoast.com\/product\/yoast-seo-wordpress\/ -->\n<title>Kokt\u00e9lasztal rozsdamentes l\u00e1bbal 80 cm, m:112 cm | Komplett catering szolg\u00e1ltat\u00e1s \u00e9s eszk\u00f6zpark<\/title>\n<meta name=\"robots\" content=\"index, follow, max-snippet:-1, max-image-preview:large, max-video-preview:-1\" \/>\n<link rel=\"canonical\" href=\"https:\/\/marsizsolt.hu\/en\/product\/koktelasztal-rozsdamentes-labbal-80-cm-m112-cm\/\" \/>\n<meta property=\"og:locale\" content=\"en_US\" \/>\n<meta property=\"og:type\" content=\"article\" \/>\n<meta property=\"og:title\" content=\"Kokt\u00e9lasztal rozsdamentes l\u00e1bbal 80 cm, m:112 cm | Komplett catering szolg\u00e1ltat\u00e1s \u00e9s eszk\u00f6zpark\" \/>\n<meta property=\"og:description\" content=\"Ez a kokt\u00e9lasztal ide\u00e1lis \u00e1ll\u00f3fogad\u00e1sokra, partikra vagy rendezv\u00e9nyekre, ahol a vend\u00e9gek \u00e1llva fogyasztj\u00e1k el italaikat \u00e9s \u00e9teleiket.\" \/>\n<meta property=\"og:url\" content=\"https:\/\/marsizsolt.hu\/en\/product\/koktelasztal-rozsdamentes-labbal-80-cm-m112-cm\/\" \/>\n<meta property=\"og:site_name\" content=\"Komplett catering szolg\u00e1ltat\u00e1s \u00e9s eszk\u00f6zpark\" \/>\n<meta property=\"article:publisher\" content=\"https:\/\/www.facebook.com\/gasztro.marsi\" \/>\n<meta property=\"article:modified_time\" content=\"2025-08-27T05:51:02+00:00\" \/>\n<meta property=\"og:image\" content=\"https:\/\/marsizsolt.hu\/wp-content\/uploads\/2025\/08\/6101-koktelasztal-rozsdamentes-labbal-80-cm-m-112-cm-.webp\" \/>\n\t<meta property=\"og:image:width\" content=\"1600\" \/>\n\t<meta property=\"og:image:height\" content=\"1600\" \/>\n\t<meta property=\"og:image:type\" content=\"image\/webp\" \/>\n<meta name=\"twitter:card\" content=\"summary_large_image\" \/>\n<script type=\"application\/ld+json\" class=\"yoast-schema-graph\">{\"@context\":\"https:\\\/\\\/schema.org\",\"@graph\":[{\"@type\":\"WebPage\",\"@id\":\"https:\\\/\\\/marsizsolt.hu\\\/product\\\/koktelasztal-rozsdamentes-labbal-80-cm-m112-cm\\\/\",\"url\":\"https:\\\/\\\/marsizsolt.hu\\\/product\\\/koktelasztal-rozsdamentes-labbal-80-cm-m112-cm\\\/\",\"name\":\"Kokt\u00e9lasztal rozsdamentes l\u00e1bbal 80 cm, m:112 cm | Komplett catering szolg\u00e1ltat\u00e1s \u00e9s eszk\u00f6zpark\",\"isPartOf\":{\"@id\":\"https:\\\/\\\/marsizsolt.hu\\\/#website\"},\"primaryImageOfPage\":{\"@id\":\"https:\\\/\\\/marsizsolt.hu\\\/product\\\/koktelasztal-rozsdamentes-labbal-80-cm-m112-cm\\\/#primaryimage\"},\"image\":{\"@id\":\"https:\\\/\\\/marsizsolt.hu\\\/product\\\/koktelasztal-rozsdamentes-labbal-80-cm-m112-cm\\\/#primaryimage\"},\"thumbnailUrl\":\"https:\\\/\\\/marsizsolt.hu\\\/wp-content\\\/uploads\\\/2025\\\/08\\\/6101-koktelasztal-rozsdamentes-labbal-80-cm-m-112-cm-.webp\",\"datePublished\":\"2025-08-26T11:51:24+00:00\",\"dateModified\":\"2025-08-27T05:51:02+00:00\",\"breadcrumb\":{\"@id\":\"https:\\\/\\\/marsizsolt.hu\\\/product\\\/koktelasztal-rozsdamentes-labbal-80-cm-m112-cm\\\/#breadcrumb\"},\"inLanguage\":\"en-US\",\"potentialAction\":[{\"@type\":\"ReadAction\",\"target\":[\"https:\\\/\\\/marsizsolt.hu\\\/product\\\/koktelasztal-rozsdamentes-labbal-80-cm-m112-cm\\\/\"]}]},{\"@type\":\"ImageObject\",\"inLanguage\":\"en-US\",\"@id\":\"https:\\\/\\\/marsizsolt.hu\\\/product\\\/koktelasztal-rozsdamentes-labbal-80-cm-m112-cm\\\/#primaryimage\",\"url\":\"https:\\\/\\\/marsizsolt.hu\\\/wp-content\\\/uploads\\\/2025\\\/08\\\/6101-koktelasztal-rozsdamentes-labbal-80-cm-m-112-cm-.webp\",\"contentUrl\":\"https:\\\/\\\/marsizsolt.hu\\\/wp-content\\\/uploads\\\/2025\\\/08\\\/6101-koktelasztal-rozsdamentes-labbal-80-cm-m-112-cm-.webp\",\"width\":1600,\"height\":1600},{\"@type\":\"BreadcrumbList\",\"@id\":\"https:\\\/\\\/marsizsolt.hu\\\/product\\\/koktelasztal-rozsdamentes-labbal-80-cm-m112-cm\\\/#breadcrumb\",\"itemListElement\":[{\"@type\":\"ListItem\",\"position\":1,\"name\":\"Home\",\"item\":\"https:\\\/\\\/marsizsolt.hu\\\/\"},{\"@type\":\"ListItem\",\"position\":2,\"name\":\"Shop\",\"item\":\"https:\\\/\\\/marsizsolt.hu\\\/shop\\\/\"},{\"@type\":\"ListItem\",\"position\":3,\"name\":\"Kokt\u00e9lasztal rozsdamentes l\u00e1bbal 80 cm, m:112 cm\"}]},{\"@type\":\"WebSite\",\"@id\":\"https:\\\/\\\/marsizsolt.hu\\\/#website\",\"url\":\"https:\\\/\\\/marsizsolt.hu\\\/\",\"name\":\"marsizsolt.hu\",\"description\":\"Marsi Zsolt Catering &amp; Az Udvar \u2013 Az esem\u00e9nyed gasztron\u00f3miai h\u00e1ttere\",\"publisher\":{\"@id\":\"https:\\\/\\\/marsizsolt.hu\\\/#organization\"},\"potentialAction\":[{\"@type\":\"SearchAction\",\"target\":{\"@type\":\"EntryPoint\",\"urlTemplate\":\"https:\\\/\\\/marsizsolt.hu\\\/?s={search_term_string}\"},\"query-input\":{\"@type\":\"PropertyValueSpecification\",\"valueRequired\":true,\"valueName\":\"search_term_string\"}}],\"inLanguage\":\"en-US\"},{\"@type\":\"Organization\",\"@id\":\"https:\\\/\\\/marsizsolt.hu\\\/#organization\",\"name\":\"marsizsolt.hu\",\"url\":\"https:\\\/\\\/marsizsolt.hu\\\/\",\"logo\":{\"@type\":\"ImageObject\",\"inLanguage\":\"en-US\",\"@id\":\"https:\\\/\\\/marsizsolt.hu\\\/#\\\/schema\\\/logo\\\/image\\\/\",\"url\":\"https:\\\/\\\/marsizsolt.hu\\\/wp-content\\\/uploads\\\/2025\\\/04\\\/Catering.svg\",\"contentUrl\":\"https:\\\/\\\/marsizsolt.hu\\\/wp-content\\\/uploads\\\/2025\\\/04\\\/Catering.svg\",\"width\":132,\"height\":243,\"caption\":\"marsizsolt.hu\"},\"image\":{\"@id\":\"https:\\\/\\\/marsizsolt.hu\\\/#\\\/schema\\\/logo\\\/image\\\/\"},\"sameAs\":[\"https:\\\/\\\/www.facebook.com\\\/gasztro.marsi\",\"https:\\\/\\\/www.instagram.com\\\/gasztro.marsi\\\/\"]}]}<\/script>\n<!-- \/ Yoast SEO plugin. -->","yoast_head_json":{"title":"Kokt\u00e9lasztal rozsdamentes l\u00e1bbal 80 cm, m:112 cm | Komplett catering szolg\u00e1ltat\u00e1s \u00e9s eszk\u00f6zpark","robots":{"index":"index","follow":"follow","max-snippet":"max-snippet:-1","max-image-preview":"max-image-preview:large","max-video-preview":"max-video-preview:-1"},"canonical":"https:\/\/marsizsolt.hu\/en\/product\/koktelasztal-rozsdamentes-labbal-80-cm-m112-cm\/","og_locale":"en_US","og_type":"article","og_title":"Kokt\u00e9lasztal rozsdamentes l\u00e1bbal 80 cm, m:112 cm | Komplett catering szolg\u00e1ltat\u00e1s \u00e9s eszk\u00f6zpark","og_description":"Ez a kokt\u00e9lasztal ide\u00e1lis \u00e1ll\u00f3fogad\u00e1sokra, partikra vagy rendezv\u00e9nyekre, ahol a vend\u00e9gek \u00e1llva fogyasztj\u00e1k el italaikat \u00e9s \u00e9teleiket.","og_url":"https:\/\/marsizsolt.hu\/en\/product\/koktelasztal-rozsdamentes-labbal-80-cm-m112-cm\/","og_site_name":"Komplett catering szolg\u00e1ltat\u00e1s \u00e9s eszk\u00f6zpark","article_publisher":"https:\/\/www.facebook.com\/gasztro.marsi","article_modified_time":"2025-08-27T05:51:02+00:00","og_image":[{"width":1600,"height":1600,"url":"https:\/\/marsizsolt.hu\/wp-content\/uploads\/2025\/08\/6101-koktelasztal-rozsdamentes-labbal-80-cm-m-112-cm-.webp","type":"image\/webp"}],"twitter_card":"summary_large_image","schema":{"@context":"https:\/\/schema.org","@graph":[{"@type":"WebPage","@id":"https:\/\/marsizsolt.hu\/product\/koktelasztal-rozsdamentes-labbal-80-cm-m112-cm\/","url":"https:\/\/marsizsolt.hu\/product\/koktelasztal-rozsdamentes-labbal-80-cm-m112-cm\/","name":"Kokt\u00e9lasztal rozsdamentes l\u00e1bbal 80 cm, m:112 cm | Komplett catering szolg\u00e1ltat\u00e1s \u00e9s eszk\u00f6zpark","isPartOf":{"@id":"https:\/\/marsizsolt.hu\/#website"},"primaryImageOfPage":{"@id":"https:\/\/marsizsolt.hu\/product\/koktelasztal-rozsdamentes-labbal-80-cm-m112-cm\/#primaryimage"},"image":{"@id":"https:\/\/marsizsolt.hu\/product\/koktelasztal-rozsdamentes-labbal-80-cm-m112-cm\/#primaryimage"},"thumbnailUrl":"https:\/\/marsizsolt.hu\/wp-content\/uploads\/2025\/08\/6101-koktelasztal-rozsdamentes-labbal-80-cm-m-112-cm-.webp","datePublished":"2025-08-26T11:51:24+00:00","dateModified":"2025-08-27T05:51:02+00:00","breadcrumb":{"@id":"https:\/\/marsizsolt.hu\/product\/koktelasztal-rozsdamentes-labbal-80-cm-m112-cm\/#breadcrumb"},"inLanguage":"en-US","potentialAction":[{"@type":"ReadAction","target":["https:\/\/marsizsolt.hu\/product\/koktelasztal-rozsdamentes-labbal-80-cm-m112-cm\/"]}]},{"@type":"ImageObject","inLanguage":"en-US","@id":"https:\/\/marsizsolt.hu\/product\/koktelasztal-rozsdamentes-labbal-80-cm-m112-cm\/#primaryimage","url":"https:\/\/marsizsolt.hu\/wp-content\/uploads\/2025\/08\/6101-koktelasztal-rozsdamentes-labbal-80-cm-m-112-cm-.webp","contentUrl":"https:\/\/marsizsolt.hu\/wp-content\/uploads\/2025\/08\/6101-koktelasztal-rozsdamentes-labbal-80-cm-m-112-cm-.webp","width":1600,"height":1600},{"@type":"BreadcrumbList","@id":"https:\/\/marsizsolt.hu\/product\/koktelasztal-rozsdamentes-labbal-80-cm-m112-cm\/#breadcrumb","itemListElement":[{"@type":"ListItem","position":1,"name":"Home","item":"https:\/\/marsizsolt.hu\/"},{"@type":"ListItem","position":2,"name":"Shop","item":"https:\/\/marsizsolt.hu\/shop\/"},{"@type":"ListItem","position":3,"name":"Kokt\u00e9lasztal rozsdamentes l\u00e1bbal 80 cm, m:112 cm"}]},{"@type":"WebSite","@id":"https:\/\/marsizsolt.hu\/#website","url":"https:\/\/marsizsolt.hu\/","name":"marsizsolt.hu","description":"Marsi Zsolt Catering &amp; Az Udvar \u2013 Az esem\u00e9nyed gasztron\u00f3miai h\u00e1ttere","publisher":{"@id":"https:\/\/marsizsolt.hu\/#organization"},"potentialAction":[{"@type":"SearchAction","target":{"@type":"EntryPoint","urlTemplate":"https:\/\/marsizsolt.hu\/?s={search_term_string}"},"query-input":{"@type":"PropertyValueSpecification","valueRequired":true,"valueName":"search_term_string"}}],"inLanguage":"en-US"},{"@type":"Organization","@id":"https:\/\/marsizsolt.hu\/#organization","name":"marsizsolt.hu","url":"https:\/\/marsizsolt.hu\/","logo":{"@type":"ImageObject","inLanguage":"en-US","@id":"https:\/\/marsizsolt.hu\/#\/schema\/logo\/image\/","url":"https:\/\/marsizsolt.hu\/wp-content\/uploads\/2025\/04\/Catering.svg","contentUrl":"https:\/\/marsizsolt.hu\/wp-content\/uploads\/2025\/04\/Catering.svg","width":132,"height":243,"caption":"marsizsolt.hu"},"image":{"@id":"https:\/\/marsizsolt.hu\/#\/schema\/logo\/image\/"},"sameAs":["https:\/\/www.facebook.com\/gasztro.marsi","https:\/\/www.instagram.com\/gasztro.marsi\/"]}]}},"_links":{"self":[{"href":"https:\/\/marsizsolt.hu\/en\/wp-json\/wp\/v2\/product\/3366","targetHints":{"allow":["GET"]}}],"collection":[{"href":"https:\/\/marsizsolt.hu\/en\/wp-json\/wp\/v2\/product"}],"about":[{"href":"https:\/\/marsizsolt.hu\/en\/wp-json\/wp\/v2\/types\/product"}],"wp:featuredmedia":[{"embeddable":true,"href":"https:\/\/marsizsolt.hu\/en\/wp-json\/wp\/v2\/media\/3739"}],"wp:attachment":[{"href":"https:\/\/marsizsolt.hu\/en\/wp-json\/wp\/v2\/media?parent=3366"}],"wp:term":[{"taxonomy":"product_brand","embeddable":true,"href":"https:\/\/marsizsolt.hu\/en\/wp-json\/wp\/v2\/product_brand?post=3366"},{"taxonomy":"product_cat","embeddable":true,"href":"https:\/\/marsizsolt.hu\/en\/wp-json\/wp\/v2\/product_cat?post=3366"},{"taxonomy":"product_tag","embeddable":true,"href":"https:\/\/marsizsolt.hu\/en\/wp-json\/wp\/v2\/product_tag?post=3366"}],"curies":[{"name":"wp","href":"https:\/\/api.w.org\/{rel}","templated":true}]}}