{"id":3375,"date":"2025-08-26T12:51:25","date_gmt":"2025-08-26T11:51:25","guid":{"rendered":"https:\/\/marsizsolt.hu\/?post_type=product&#038;p=3375"},"modified":"2025-08-27T06:53:40","modified_gmt":"2025-08-27T05:53:40","slug":"alutent-sator-4x6-m-pvc-380-tetoponyvaval","status":"publish","type":"product","link":"https:\/\/marsizsolt.hu\/en\/product\/alutent-sator-4x6-m-pvc-380-tetoponyvaval\/","title":{"rendered":"Alutent tent 4 x 6 m, 380 PVC roof cover"},"content":{"rendered":"<p>Ez a 4&#215;6 m\u00e9teres Alutent s\u00e1tor nagyobb alapter\u00fcletet biztos\u00edt, mint a 4&#215;4-es v\u00e1ltozat, \u00edgy t\u00f6bb vend\u00e9g befogad\u00e1s\u00e1ra vagy nagyobb ter\u00fcleten zajl\u00f3 tev\u00e9kenys\u00e9gekhez alkalmas. Ide\u00e1lis esk\u00fcv\u0151kre, c\u00e9ges rendezv\u00e9nyekre, v\u00e1s\u00e1rokra. A PVC 380 tet\u0151ponyva itt is garant\u00e1lja az id\u0151j\u00e1r\u00e1s\u00e1ll\u00f3s\u00e1got \u00e9s a tart\u00f3ss\u00e1got.<\/p>","protected":false},"excerpt":{"rendered":"<p>Ez a 4&#215;6 m\u00e9teres Alutent s\u00e1tor nagyobb alapter\u00fcletet biztos\u00edt, mint a 4&#215;4-es v\u00e1ltozat, \u00edgy t\u00f6bb vend\u00e9g befogad\u00e1s\u00e1ra vagy nagyobb ter\u00fcleten zajl\u00f3 tev\u00e9kenys\u00e9gekhez alkalmas. Ide\u00e1lis esk\u00fcv\u0151kre, c\u00e9ges rendezv\u00e9nyekre, v\u00e1s\u00e1rokra. A PVC 380 tet\u0151ponyva itt is garant\u00e1lja az id\u0151j\u00e1r\u00e1s\u00e1ll\u00f3s\u00e1got \u00e9s a tart\u00f3ss\u00e1got.<\/p>","protected":false},"featured_media":3747,"template":"","meta":[],"product_brand":[],"product_cat":[36],"product_tag":[],"class_list":{"0":"post-3375","1":"product","2":"type-product","3":"status-publish","4":"has-post-thumbnail","6":"product_cat-satrak-butorok","8":"first","9":"instock","10":"shipping-taxable","11":"purchasable","12":"product-type-simple"},"yoast_head":"<!-- This site is optimized with the Yoast SEO plugin v27.4 - https:\/\/yoast.com\/product\/yoast-seo-wordpress\/ -->\n<title>Alutent s\u00e1tor 4x6 m PVC 380 tet\u0151ponyv\u00e1val | Komplett catering szolg\u00e1ltat\u00e1s \u00e9s eszk\u00f6zpark<\/title>\n<meta name=\"robots\" content=\"index, follow, max-snippet:-1, max-image-preview:large, max-video-preview:-1\" \/>\n<link rel=\"canonical\" href=\"https:\/\/marsizsolt.hu\/en\/product\/alutent-sator-4x6-m-pvc-380-tetoponyvaval\/\" \/>\n<meta property=\"og:locale\" content=\"en_US\" \/>\n<meta property=\"og:type\" content=\"article\" \/>\n<meta property=\"og:title\" content=\"Alutent s\u00e1tor 4x6 m PVC 380 tet\u0151ponyv\u00e1val | Komplett catering szolg\u00e1ltat\u00e1s \u00e9s eszk\u00f6zpark\" \/>\n<meta property=\"og:description\" content=\"Ez a 4&#215;6 m\u00e9teres Alutent s\u00e1tor nagyobb alapter\u00fcletet biztos\u00edt, mint a 4&#215;4-es v\u00e1ltozat, \u00edgy t\u00f6bb vend\u00e9g befogad\u00e1s\u00e1ra vagy nagyobb ter\u00fcleten zajl\u00f3 tev\u00e9kenys\u00e9gekhez alkalmas. Ide\u00e1lis esk\u00fcv\u0151kre, c\u00e9ges rendezv\u00e9nyekre, v\u00e1s\u00e1rokra. A PVC 380 tet\u0151ponyva itt is garant\u00e1lja az id\u0151j\u00e1r\u00e1s\u00e1ll\u00f3s\u00e1got \u00e9s a tart\u00f3ss\u00e1got.\" \/>\n<meta property=\"og:url\" content=\"https:\/\/marsizsolt.hu\/en\/product\/alutent-sator-4x6-m-pvc-380-tetoponyvaval\/\" \/>\n<meta property=\"og:site_name\" content=\"Komplett catering szolg\u00e1ltat\u00e1s \u00e9s eszk\u00f6zpark\" \/>\n<meta property=\"article:publisher\" content=\"https:\/\/www.facebook.com\/gasztro.marsi\" \/>\n<meta property=\"article:modified_time\" content=\"2025-08-27T05:53:40+00:00\" \/>\n<meta property=\"og:image\" content=\"https:\/\/marsizsolt.hu\/wp-content\/uploads\/2025\/08\/6302-alutent-sator-4x6-m-pvc-380-tetoponyvaval.webp\" \/>\n\t<meta property=\"og:image:width\" content=\"486\" \/>\n\t<meta property=\"og:image:height\" content=\"483\" \/>\n\t<meta property=\"og:image:type\" content=\"image\/webp\" \/>\n<meta name=\"twitter:card\" content=\"summary_large_image\" \/>\n<script type=\"application\/ld+json\" class=\"yoast-schema-graph\">{\"@context\":\"https:\\\/\\\/schema.org\",\"@graph\":[{\"@type\":\"WebPage\",\"@id\":\"https:\\\/\\\/marsizsolt.hu\\\/product\\\/alutent-sator-4x6-m-pvc-380-tetoponyvaval\\\/\",\"url\":\"https:\\\/\\\/marsizsolt.hu\\\/product\\\/alutent-sator-4x6-m-pvc-380-tetoponyvaval\\\/\",\"name\":\"Alutent s\u00e1tor 4x6 m PVC 380 tet\u0151ponyv\u00e1val | Komplett catering szolg\u00e1ltat\u00e1s \u00e9s eszk\u00f6zpark\",\"isPartOf\":{\"@id\":\"https:\\\/\\\/marsizsolt.hu\\\/#website\"},\"primaryImageOfPage\":{\"@id\":\"https:\\\/\\\/marsizsolt.hu\\\/product\\\/alutent-sator-4x6-m-pvc-380-tetoponyvaval\\\/#primaryimage\"},\"image\":{\"@id\":\"https:\\\/\\\/marsizsolt.hu\\\/product\\\/alutent-sator-4x6-m-pvc-380-tetoponyvaval\\\/#primaryimage\"},\"thumbnailUrl\":\"https:\\\/\\\/marsizsolt.hu\\\/wp-content\\\/uploads\\\/2025\\\/08\\\/6302-alutent-sator-4x6-m-pvc-380-tetoponyvaval.webp\",\"datePublished\":\"2025-08-26T11:51:25+00:00\",\"dateModified\":\"2025-08-27T05:53:40+00:00\",\"breadcrumb\":{\"@id\":\"https:\\\/\\\/marsizsolt.hu\\\/product\\\/alutent-sator-4x6-m-pvc-380-tetoponyvaval\\\/#breadcrumb\"},\"inLanguage\":\"en-US\",\"potentialAction\":[{\"@type\":\"ReadAction\",\"target\":[\"https:\\\/\\\/marsizsolt.hu\\\/product\\\/alutent-sator-4x6-m-pvc-380-tetoponyvaval\\\/\"]}]},{\"@type\":\"ImageObject\",\"inLanguage\":\"en-US\",\"@id\":\"https:\\\/\\\/marsizsolt.hu\\\/product\\\/alutent-sator-4x6-m-pvc-380-tetoponyvaval\\\/#primaryimage\",\"url\":\"https:\\\/\\\/marsizsolt.hu\\\/wp-content\\\/uploads\\\/2025\\\/08\\\/6302-alutent-sator-4x6-m-pvc-380-tetoponyvaval.webp\",\"contentUrl\":\"https:\\\/\\\/marsizsolt.hu\\\/wp-content\\\/uploads\\\/2025\\\/08\\\/6302-alutent-sator-4x6-m-pvc-380-tetoponyvaval.webp\",\"width\":486,\"height\":483},{\"@type\":\"BreadcrumbList\",\"@id\":\"https:\\\/\\\/marsizsolt.hu\\\/product\\\/alutent-sator-4x6-m-pvc-380-tetoponyvaval\\\/#breadcrumb\",\"itemListElement\":[{\"@type\":\"ListItem\",\"position\":1,\"name\":\"Home\",\"item\":\"https:\\\/\\\/marsizsolt.hu\\\/\"},{\"@type\":\"ListItem\",\"position\":2,\"name\":\"Shop\",\"item\":\"https:\\\/\\\/marsizsolt.hu\\\/shop\\\/\"},{\"@type\":\"ListItem\",\"position\":3,\"name\":\"Alutent s\u00e1tor 4&#215;6 m PVC 380 tet\u0151ponyv\u00e1val\"}]},{\"@type\":\"WebSite\",\"@id\":\"https:\\\/\\\/marsizsolt.hu\\\/#website\",\"url\":\"https:\\\/\\\/marsizsolt.hu\\\/\",\"name\":\"marsizsolt.hu\",\"description\":\"Marsi Zsolt Catering &amp; Az Udvar \u2013 Az esem\u00e9nyed gasztron\u00f3miai h\u00e1ttere\",\"publisher\":{\"@id\":\"https:\\\/\\\/marsizsolt.hu\\\/#organization\"},\"potentialAction\":[{\"@type\":\"SearchAction\",\"target\":{\"@type\":\"EntryPoint\",\"urlTemplate\":\"https:\\\/\\\/marsizsolt.hu\\\/?s={search_term_string}\"},\"query-input\":{\"@type\":\"PropertyValueSpecification\",\"valueRequired\":true,\"valueName\":\"search_term_string\"}}],\"inLanguage\":\"en-US\"},{\"@type\":\"Organization\",\"@id\":\"https:\\\/\\\/marsizsolt.hu\\\/#organization\",\"name\":\"marsizsolt.hu\",\"url\":\"https:\\\/\\\/marsizsolt.hu\\\/\",\"logo\":{\"@type\":\"ImageObject\",\"inLanguage\":\"en-US\",\"@id\":\"https:\\\/\\\/marsizsolt.hu\\\/#\\\/schema\\\/logo\\\/image\\\/\",\"url\":\"https:\\\/\\\/marsizsolt.hu\\\/wp-content\\\/uploads\\\/2025\\\/04\\\/Catering.svg\",\"contentUrl\":\"https:\\\/\\\/marsizsolt.hu\\\/wp-content\\\/uploads\\\/2025\\\/04\\\/Catering.svg\",\"width\":132,\"height\":243,\"caption\":\"marsizsolt.hu\"},\"image\":{\"@id\":\"https:\\\/\\\/marsizsolt.hu\\\/#\\\/schema\\\/logo\\\/image\\\/\"},\"sameAs\":[\"https:\\\/\\\/www.facebook.com\\\/gasztro.marsi\",\"https:\\\/\\\/www.instagram.com\\\/gasztro.marsi\\\/\"]}]}<\/script>\n<!-- \/ Yoast SEO plugin. -->","yoast_head_json":{"title":"Alutent s\u00e1tor 4x6 m PVC 380 tet\u0151ponyv\u00e1val | Komplett catering szolg\u00e1ltat\u00e1s \u00e9s eszk\u00f6zpark","robots":{"index":"index","follow":"follow","max-snippet":"max-snippet:-1","max-image-preview":"max-image-preview:large","max-video-preview":"max-video-preview:-1"},"canonical":"https:\/\/marsizsolt.hu\/en\/product\/alutent-sator-4x6-m-pvc-380-tetoponyvaval\/","og_locale":"en_US","og_type":"article","og_title":"Alutent s\u00e1tor 4x6 m PVC 380 tet\u0151ponyv\u00e1val | Komplett catering szolg\u00e1ltat\u00e1s \u00e9s eszk\u00f6zpark","og_description":"Ez a 4&#215;6 m\u00e9teres Alutent s\u00e1tor nagyobb alapter\u00fcletet biztos\u00edt, mint a 4&#215;4-es v\u00e1ltozat, \u00edgy t\u00f6bb vend\u00e9g befogad\u00e1s\u00e1ra vagy nagyobb ter\u00fcleten zajl\u00f3 tev\u00e9kenys\u00e9gekhez alkalmas. Ide\u00e1lis esk\u00fcv\u0151kre, c\u00e9ges rendezv\u00e9nyekre, v\u00e1s\u00e1rokra. A PVC 380 tet\u0151ponyva itt is garant\u00e1lja az id\u0151j\u00e1r\u00e1s\u00e1ll\u00f3s\u00e1got \u00e9s a tart\u00f3ss\u00e1got.","og_url":"https:\/\/marsizsolt.hu\/en\/product\/alutent-sator-4x6-m-pvc-380-tetoponyvaval\/","og_site_name":"Komplett catering szolg\u00e1ltat\u00e1s \u00e9s eszk\u00f6zpark","article_publisher":"https:\/\/www.facebook.com\/gasztro.marsi","article_modified_time":"2025-08-27T05:53:40+00:00","og_image":[{"width":486,"height":483,"url":"https:\/\/marsizsolt.hu\/wp-content\/uploads\/2025\/08\/6302-alutent-sator-4x6-m-pvc-380-tetoponyvaval.webp","type":"image\/webp"}],"twitter_card":"summary_large_image","schema":{"@context":"https:\/\/schema.org","@graph":[{"@type":"WebPage","@id":"https:\/\/marsizsolt.hu\/product\/alutent-sator-4x6-m-pvc-380-tetoponyvaval\/","url":"https:\/\/marsizsolt.hu\/product\/alutent-sator-4x6-m-pvc-380-tetoponyvaval\/","name":"Alutent s\u00e1tor 4x6 m PVC 380 tet\u0151ponyv\u00e1val | Komplett catering szolg\u00e1ltat\u00e1s \u00e9s eszk\u00f6zpark","isPartOf":{"@id":"https:\/\/marsizsolt.hu\/#website"},"primaryImageOfPage":{"@id":"https:\/\/marsizsolt.hu\/product\/alutent-sator-4x6-m-pvc-380-tetoponyvaval\/#primaryimage"},"image":{"@id":"https:\/\/marsizsolt.hu\/product\/alutent-sator-4x6-m-pvc-380-tetoponyvaval\/#primaryimage"},"thumbnailUrl":"https:\/\/marsizsolt.hu\/wp-content\/uploads\/2025\/08\/6302-alutent-sator-4x6-m-pvc-380-tetoponyvaval.webp","datePublished":"2025-08-26T11:51:25+00:00","dateModified":"2025-08-27T05:53:40+00:00","breadcrumb":{"@id":"https:\/\/marsizsolt.hu\/product\/alutent-sator-4x6-m-pvc-380-tetoponyvaval\/#breadcrumb"},"inLanguage":"en-US","potentialAction":[{"@type":"ReadAction","target":["https:\/\/marsizsolt.hu\/product\/alutent-sator-4x6-m-pvc-380-tetoponyvaval\/"]}]},{"@type":"ImageObject","inLanguage":"en-US","@id":"https:\/\/marsizsolt.hu\/product\/alutent-sator-4x6-m-pvc-380-tetoponyvaval\/#primaryimage","url":"https:\/\/marsizsolt.hu\/wp-content\/uploads\/2025\/08\/6302-alutent-sator-4x6-m-pvc-380-tetoponyvaval.webp","contentUrl":"https:\/\/marsizsolt.hu\/wp-content\/uploads\/2025\/08\/6302-alutent-sator-4x6-m-pvc-380-tetoponyvaval.webp","width":486,"height":483},{"@type":"BreadcrumbList","@id":"https:\/\/marsizsolt.hu\/product\/alutent-sator-4x6-m-pvc-380-tetoponyvaval\/#breadcrumb","itemListElement":[{"@type":"ListItem","position":1,"name":"Home","item":"https:\/\/marsizsolt.hu\/"},{"@type":"ListItem","position":2,"name":"Shop","item":"https:\/\/marsizsolt.hu\/shop\/"},{"@type":"ListItem","position":3,"name":"Alutent s\u00e1tor 4&#215;6 m PVC 380 tet\u0151ponyv\u00e1val"}]},{"@type":"WebSite","@id":"https:\/\/marsizsolt.hu\/#website","url":"https:\/\/marsizsolt.hu\/","name":"marsizsolt.hu","description":"Marsi Zsolt Catering &amp; Az Udvar \u2013 Az esem\u00e9nyed gasztron\u00f3miai h\u00e1ttere","publisher":{"@id":"https:\/\/marsizsolt.hu\/#organization"},"potentialAction":[{"@type":"SearchAction","target":{"@type":"EntryPoint","urlTemplate":"https:\/\/marsizsolt.hu\/?s={search_term_string}"},"query-input":{"@type":"PropertyValueSpecification","valueRequired":true,"valueName":"search_term_string"}}],"inLanguage":"en-US"},{"@type":"Organization","@id":"https:\/\/marsizsolt.hu\/#organization","name":"marsizsolt.hu","url":"https:\/\/marsizsolt.hu\/","logo":{"@type":"ImageObject","inLanguage":"en-US","@id":"https:\/\/marsizsolt.hu\/#\/schema\/logo\/image\/","url":"https:\/\/marsizsolt.hu\/wp-content\/uploads\/2025\/04\/Catering.svg","contentUrl":"https:\/\/marsizsolt.hu\/wp-content\/uploads\/2025\/04\/Catering.svg","width":132,"height":243,"caption":"marsizsolt.hu"},"image":{"@id":"https:\/\/marsizsolt.hu\/#\/schema\/logo\/image\/"},"sameAs":["https:\/\/www.facebook.com\/gasztro.marsi","https:\/\/www.instagram.com\/gasztro.marsi\/"]}]}},"_links":{"self":[{"href":"https:\/\/marsizsolt.hu\/en\/wp-json\/wp\/v2\/product\/3375","targetHints":{"allow":["GET"]}}],"collection":[{"href":"https:\/\/marsizsolt.hu\/en\/wp-json\/wp\/v2\/product"}],"about":[{"href":"https:\/\/marsizsolt.hu\/en\/wp-json\/wp\/v2\/types\/product"}],"wp:featuredmedia":[{"embeddable":true,"href":"https:\/\/marsizsolt.hu\/en\/wp-json\/wp\/v2\/media\/3747"}],"wp:attachment":[{"href":"https:\/\/marsizsolt.hu\/en\/wp-json\/wp\/v2\/media?parent=3375"}],"wp:term":[{"taxonomy":"product_brand","embeddable":true,"href":"https:\/\/marsizsolt.hu\/en\/wp-json\/wp\/v2\/product_brand?post=3375"},{"taxonomy":"product_cat","embeddable":true,"href":"https:\/\/marsizsolt.hu\/en\/wp-json\/wp\/v2\/product_cat?post=3375"},{"taxonomy":"product_tag","embeddable":true,"href":"https:\/\/marsizsolt.hu\/en\/wp-json\/wp\/v2\/product_tag?post=3375"}],"curies":[{"name":"wp","href":"https:\/\/api.w.org\/{rel}","templated":true}]}}