{"id":3384,"date":"2025-08-26T12:51:27","date_gmt":"2025-08-26T11:51:27","guid":{"rendered":"https:\/\/marsizsolt.hu\/?post_type=product&#038;p=3384"},"modified":"2025-08-27T17:17:21","modified_gmt":"2025-08-27T16:17:21","slug":"evoeszkozpolirozo-rossler-cs-3000-allvannyal","status":"publish","type":"product","link":"https:\/\/marsizsolt.hu\/en\/product\/evoeszkozpolirozo-rossler-cs-3000-allvannyal\/","title":{"rendered":"Ev\u0151eszk\u00f6zpol\u00edroz\u00f3 R\u00f6ssler C&#038;S 3000 \u00e1llv\u00e1nnyal"},"content":{"rendered":"<p>Egy professzion\u00e1lis g\u00e9p az ev\u0151eszk\u00f6z\u00f6k sz\u00e1r\u00edt\u00e1s\u00e1ra \u00e9s pol\u00edroz\u00e1s\u00e1ra. A R\u00f6ssler C&amp;S 3000 modell fert\u0151tlen\u00edt\u0151 funkci\u00f3val is rendelkezik. Az \u00e1llv\u00e1nnyal egy\u00fctt egy komplett munka\u00e1llom\u00e1st alkot. Jelent\u0151sen felgyors\u00edtja \u00e9s egyszer\u0171s\u00edti az ev\u0151eszk\u00f6z\u00f6k tiszt\u00edt\u00e1s\u00e1t nagy forgalm\u00fa \u00e9ttermekben.<\/p>","protected":false},"excerpt":{"rendered":"<p>Egy professzion\u00e1lis g\u00e9p az ev\u0151eszk\u00f6z\u00f6k sz\u00e1r\u00edt\u00e1s\u00e1ra \u00e9s pol\u00edroz\u00e1s\u00e1ra. A R\u00f6ssler C&amp;S 3000 modell fert\u0151tlen\u00edt\u0151 funkci\u00f3val is rendelkezik. Az \u00e1llv\u00e1nnyal egy\u00fctt egy komplett munka\u00e1llom\u00e1st alkot. Jelent\u0151sen felgyors\u00edtja \u00e9s egyszer\u0171s\u00edti az ev\u0151eszk\u00f6z\u00f6k tiszt\u00edt\u00e1s\u00e1t nagy forgalm\u00fa \u00e9ttermekben.<\/p>","protected":false},"featured_media":3756,"template":"","meta":[],"product_brand":[],"product_cat":[37],"product_tag":[],"class_list":{"0":"post-3384","1":"product","2":"type-product","3":"status-publish","4":"has-post-thumbnail","6":"product_cat-kis-es-nagygepek","8":"first","9":"instock","10":"shipping-taxable","11":"purchasable","12":"product-type-simple"},"yoast_head":"<!-- This site is optimized with the Yoast SEO plugin v27.4 - https:\/\/yoast.com\/product\/yoast-seo-wordpress\/ -->\n<title>Ev\u0151eszk\u00f6zpol\u00edroz\u00f3 R\u00f6ssler C&amp;S 3000 \u00e1llv\u00e1nnyal | Komplett catering szolg\u00e1ltat\u00e1s \u00e9s eszk\u00f6zpark<\/title>\n<meta name=\"robots\" content=\"index, follow, max-snippet:-1, max-image-preview:large, max-video-preview:-1\" \/>\n<link rel=\"canonical\" href=\"https:\/\/marsizsolt.hu\/en\/product\/evoeszkozpolirozo-rossler-cs-3000-allvannyal\/\" \/>\n<meta property=\"og:locale\" content=\"en_US\" \/>\n<meta property=\"og:type\" content=\"article\" \/>\n<meta property=\"og:title\" content=\"Ev\u0151eszk\u00f6zpol\u00edroz\u00f3 R\u00f6ssler C&amp;S 3000 \u00e1llv\u00e1nnyal | Komplett catering szolg\u00e1ltat\u00e1s \u00e9s eszk\u00f6zpark\" \/>\n<meta property=\"og:description\" content=\"Egy professzion\u00e1lis g\u00e9p az ev\u0151eszk\u00f6z\u00f6k sz\u00e1r\u00edt\u00e1s\u00e1ra \u00e9s pol\u00edroz\u00e1s\u00e1ra. A R\u00f6ssler C&amp;S 3000 modell fert\u0151tlen\u00edt\u0151 funkci\u00f3val is rendelkezik. Az \u00e1llv\u00e1nnyal egy\u00fctt egy komplett munka\u00e1llom\u00e1st alkot. Jelent\u0151sen felgyors\u00edtja \u00e9s egyszer\u0171s\u00edti az ev\u0151eszk\u00f6z\u00f6k tiszt\u00edt\u00e1s\u00e1t nagy forgalm\u00fa \u00e9ttermekben.\" \/>\n<meta property=\"og:url\" content=\"https:\/\/marsizsolt.hu\/en\/product\/evoeszkozpolirozo-rossler-cs-3000-allvannyal\/\" \/>\n<meta property=\"og:site_name\" content=\"Komplett catering szolg\u00e1ltat\u00e1s \u00e9s eszk\u00f6zpark\" \/>\n<meta property=\"article:publisher\" content=\"https:\/\/www.facebook.com\/gasztro.marsi\" \/>\n<meta property=\"article:modified_time\" content=\"2025-08-27T16:17:21+00:00\" \/>\n<meta property=\"og:image\" content=\"https:\/\/marsizsolt.hu\/wp-content\/uploads\/2025\/08\/7107-evoeszkozpolirozo-rossler-cs-3000-allvannyal-.webp\" \/>\n\t<meta property=\"og:image:width\" content=\"1200\" \/>\n\t<meta property=\"og:image:height\" content=\"900\" \/>\n\t<meta property=\"og:image:type\" content=\"image\/webp\" \/>\n<meta name=\"twitter:card\" content=\"summary_large_image\" \/>\n<script type=\"application\/ld+json\" class=\"yoast-schema-graph\">{\"@context\":\"https:\\\/\\\/schema.org\",\"@graph\":[{\"@type\":\"WebPage\",\"@id\":\"https:\\\/\\\/marsizsolt.hu\\\/product\\\/evoeszkozpolirozo-rossler-cs-3000-allvannyal\\\/\",\"url\":\"https:\\\/\\\/marsizsolt.hu\\\/product\\\/evoeszkozpolirozo-rossler-cs-3000-allvannyal\\\/\",\"name\":\"Ev\u0151eszk\u00f6zpol\u00edroz\u00f3 R\u00f6ssler C&S 3000 \u00e1llv\u00e1nnyal | Komplett catering szolg\u00e1ltat\u00e1s \u00e9s eszk\u00f6zpark\",\"isPartOf\":{\"@id\":\"https:\\\/\\\/marsizsolt.hu\\\/#website\"},\"primaryImageOfPage\":{\"@id\":\"https:\\\/\\\/marsizsolt.hu\\\/product\\\/evoeszkozpolirozo-rossler-cs-3000-allvannyal\\\/#primaryimage\"},\"image\":{\"@id\":\"https:\\\/\\\/marsizsolt.hu\\\/product\\\/evoeszkozpolirozo-rossler-cs-3000-allvannyal\\\/#primaryimage\"},\"thumbnailUrl\":\"https:\\\/\\\/marsizsolt.hu\\\/wp-content\\\/uploads\\\/2025\\\/08\\\/7107-evoeszkozpolirozo-rossler-cs-3000-allvannyal-.webp\",\"datePublished\":\"2025-08-26T11:51:27+00:00\",\"dateModified\":\"2025-08-27T16:17:21+00:00\",\"breadcrumb\":{\"@id\":\"https:\\\/\\\/marsizsolt.hu\\\/product\\\/evoeszkozpolirozo-rossler-cs-3000-allvannyal\\\/#breadcrumb\"},\"inLanguage\":\"en-US\",\"potentialAction\":[{\"@type\":\"ReadAction\",\"target\":[\"https:\\\/\\\/marsizsolt.hu\\\/product\\\/evoeszkozpolirozo-rossler-cs-3000-allvannyal\\\/\"]}]},{\"@type\":\"ImageObject\",\"inLanguage\":\"en-US\",\"@id\":\"https:\\\/\\\/marsizsolt.hu\\\/product\\\/evoeszkozpolirozo-rossler-cs-3000-allvannyal\\\/#primaryimage\",\"url\":\"https:\\\/\\\/marsizsolt.hu\\\/wp-content\\\/uploads\\\/2025\\\/08\\\/7107-evoeszkozpolirozo-rossler-cs-3000-allvannyal-.webp\",\"contentUrl\":\"https:\\\/\\\/marsizsolt.hu\\\/wp-content\\\/uploads\\\/2025\\\/08\\\/7107-evoeszkozpolirozo-rossler-cs-3000-allvannyal-.webp\",\"width\":1200,\"height\":900},{\"@type\":\"BreadcrumbList\",\"@id\":\"https:\\\/\\\/marsizsolt.hu\\\/product\\\/evoeszkozpolirozo-rossler-cs-3000-allvannyal\\\/#breadcrumb\",\"itemListElement\":[{\"@type\":\"ListItem\",\"position\":1,\"name\":\"Home\",\"item\":\"https:\\\/\\\/marsizsolt.hu\\\/\"},{\"@type\":\"ListItem\",\"position\":2,\"name\":\"Shop\",\"item\":\"https:\\\/\\\/marsizsolt.hu\\\/shop\\\/\"},{\"@type\":\"ListItem\",\"position\":3,\"name\":\"Ev\u0151eszk\u00f6zpol\u00edroz\u00f3 R\u00f6ssler C&#038;S 3000 \u00e1llv\u00e1nnyal\"}]},{\"@type\":\"WebSite\",\"@id\":\"https:\\\/\\\/marsizsolt.hu\\\/#website\",\"url\":\"https:\\\/\\\/marsizsolt.hu\\\/\",\"name\":\"marsizsolt.hu\",\"description\":\"Marsi Zsolt Catering &amp; Az Udvar \u2013 Az esem\u00e9nyed gasztron\u00f3miai h\u00e1ttere\",\"publisher\":{\"@id\":\"https:\\\/\\\/marsizsolt.hu\\\/#organization\"},\"potentialAction\":[{\"@type\":\"SearchAction\",\"target\":{\"@type\":\"EntryPoint\",\"urlTemplate\":\"https:\\\/\\\/marsizsolt.hu\\\/?s={search_term_string}\"},\"query-input\":{\"@type\":\"PropertyValueSpecification\",\"valueRequired\":true,\"valueName\":\"search_term_string\"}}],\"inLanguage\":\"en-US\"},{\"@type\":\"Organization\",\"@id\":\"https:\\\/\\\/marsizsolt.hu\\\/#organization\",\"name\":\"marsizsolt.hu\",\"url\":\"https:\\\/\\\/marsizsolt.hu\\\/\",\"logo\":{\"@type\":\"ImageObject\",\"inLanguage\":\"en-US\",\"@id\":\"https:\\\/\\\/marsizsolt.hu\\\/#\\\/schema\\\/logo\\\/image\\\/\",\"url\":\"https:\\\/\\\/marsizsolt.hu\\\/wp-content\\\/uploads\\\/2025\\\/04\\\/Catering.svg\",\"contentUrl\":\"https:\\\/\\\/marsizsolt.hu\\\/wp-content\\\/uploads\\\/2025\\\/04\\\/Catering.svg\",\"width\":132,\"height\":243,\"caption\":\"marsizsolt.hu\"},\"image\":{\"@id\":\"https:\\\/\\\/marsizsolt.hu\\\/#\\\/schema\\\/logo\\\/image\\\/\"},\"sameAs\":[\"https:\\\/\\\/www.facebook.com\\\/gasztro.marsi\",\"https:\\\/\\\/www.instagram.com\\\/gasztro.marsi\\\/\"]}]}<\/script>\n<!-- \/ Yoast SEO plugin. -->","yoast_head_json":{"title":"Ev\u0151eszk\u00f6zpol\u00edroz\u00f3 R\u00f6ssler C&S 3000 \u00e1llv\u00e1nnyal | Komplett catering szolg\u00e1ltat\u00e1s \u00e9s eszk\u00f6zpark","robots":{"index":"index","follow":"follow","max-snippet":"max-snippet:-1","max-image-preview":"max-image-preview:large","max-video-preview":"max-video-preview:-1"},"canonical":"https:\/\/marsizsolt.hu\/en\/product\/evoeszkozpolirozo-rossler-cs-3000-allvannyal\/","og_locale":"en_US","og_type":"article","og_title":"Ev\u0151eszk\u00f6zpol\u00edroz\u00f3 R\u00f6ssler C&S 3000 \u00e1llv\u00e1nnyal | Komplett catering szolg\u00e1ltat\u00e1s \u00e9s eszk\u00f6zpark","og_description":"Egy professzion\u00e1lis g\u00e9p az ev\u0151eszk\u00f6z\u00f6k sz\u00e1r\u00edt\u00e1s\u00e1ra \u00e9s pol\u00edroz\u00e1s\u00e1ra. A R\u00f6ssler C&amp;S 3000 modell fert\u0151tlen\u00edt\u0151 funkci\u00f3val is rendelkezik. Az \u00e1llv\u00e1nnyal egy\u00fctt egy komplett munka\u00e1llom\u00e1st alkot. Jelent\u0151sen felgyors\u00edtja \u00e9s egyszer\u0171s\u00edti az ev\u0151eszk\u00f6z\u00f6k tiszt\u00edt\u00e1s\u00e1t nagy forgalm\u00fa \u00e9ttermekben.","og_url":"https:\/\/marsizsolt.hu\/en\/product\/evoeszkozpolirozo-rossler-cs-3000-allvannyal\/","og_site_name":"Komplett catering szolg\u00e1ltat\u00e1s \u00e9s eszk\u00f6zpark","article_publisher":"https:\/\/www.facebook.com\/gasztro.marsi","article_modified_time":"2025-08-27T16:17:21+00:00","og_image":[{"width":1200,"height":900,"url":"https:\/\/marsizsolt.hu\/wp-content\/uploads\/2025\/08\/7107-evoeszkozpolirozo-rossler-cs-3000-allvannyal-.webp","type":"image\/webp"}],"twitter_card":"summary_large_image","schema":{"@context":"https:\/\/schema.org","@graph":[{"@type":"WebPage","@id":"https:\/\/marsizsolt.hu\/product\/evoeszkozpolirozo-rossler-cs-3000-allvannyal\/","url":"https:\/\/marsizsolt.hu\/product\/evoeszkozpolirozo-rossler-cs-3000-allvannyal\/","name":"Ev\u0151eszk\u00f6zpol\u00edroz\u00f3 R\u00f6ssler C&S 3000 \u00e1llv\u00e1nnyal | Komplett catering szolg\u00e1ltat\u00e1s \u00e9s eszk\u00f6zpark","isPartOf":{"@id":"https:\/\/marsizsolt.hu\/#website"},"primaryImageOfPage":{"@id":"https:\/\/marsizsolt.hu\/product\/evoeszkozpolirozo-rossler-cs-3000-allvannyal\/#primaryimage"},"image":{"@id":"https:\/\/marsizsolt.hu\/product\/evoeszkozpolirozo-rossler-cs-3000-allvannyal\/#primaryimage"},"thumbnailUrl":"https:\/\/marsizsolt.hu\/wp-content\/uploads\/2025\/08\/7107-evoeszkozpolirozo-rossler-cs-3000-allvannyal-.webp","datePublished":"2025-08-26T11:51:27+00:00","dateModified":"2025-08-27T16:17:21+00:00","breadcrumb":{"@id":"https:\/\/marsizsolt.hu\/product\/evoeszkozpolirozo-rossler-cs-3000-allvannyal\/#breadcrumb"},"inLanguage":"en-US","potentialAction":[{"@type":"ReadAction","target":["https:\/\/marsizsolt.hu\/product\/evoeszkozpolirozo-rossler-cs-3000-allvannyal\/"]}]},{"@type":"ImageObject","inLanguage":"en-US","@id":"https:\/\/marsizsolt.hu\/product\/evoeszkozpolirozo-rossler-cs-3000-allvannyal\/#primaryimage","url":"https:\/\/marsizsolt.hu\/wp-content\/uploads\/2025\/08\/7107-evoeszkozpolirozo-rossler-cs-3000-allvannyal-.webp","contentUrl":"https:\/\/marsizsolt.hu\/wp-content\/uploads\/2025\/08\/7107-evoeszkozpolirozo-rossler-cs-3000-allvannyal-.webp","width":1200,"height":900},{"@type":"BreadcrumbList","@id":"https:\/\/marsizsolt.hu\/product\/evoeszkozpolirozo-rossler-cs-3000-allvannyal\/#breadcrumb","itemListElement":[{"@type":"ListItem","position":1,"name":"Home","item":"https:\/\/marsizsolt.hu\/"},{"@type":"ListItem","position":2,"name":"Shop","item":"https:\/\/marsizsolt.hu\/shop\/"},{"@type":"ListItem","position":3,"name":"Ev\u0151eszk\u00f6zpol\u00edroz\u00f3 R\u00f6ssler C&#038;S 3000 \u00e1llv\u00e1nnyal"}]},{"@type":"WebSite","@id":"https:\/\/marsizsolt.hu\/#website","url":"https:\/\/marsizsolt.hu\/","name":"marsizsolt.hu","description":"Marsi Zsolt Catering &amp; Az Udvar \u2013 Az esem\u00e9nyed gasztron\u00f3miai h\u00e1ttere","publisher":{"@id":"https:\/\/marsizsolt.hu\/#organization"},"potentialAction":[{"@type":"SearchAction","target":{"@type":"EntryPoint","urlTemplate":"https:\/\/marsizsolt.hu\/?s={search_term_string}"},"query-input":{"@type":"PropertyValueSpecification","valueRequired":true,"valueName":"search_term_string"}}],"inLanguage":"en-US"},{"@type":"Organization","@id":"https:\/\/marsizsolt.hu\/#organization","name":"marsizsolt.hu","url":"https:\/\/marsizsolt.hu\/","logo":{"@type":"ImageObject","inLanguage":"en-US","@id":"https:\/\/marsizsolt.hu\/#\/schema\/logo\/image\/","url":"https:\/\/marsizsolt.hu\/wp-content\/uploads\/2025\/04\/Catering.svg","contentUrl":"https:\/\/marsizsolt.hu\/wp-content\/uploads\/2025\/04\/Catering.svg","width":132,"height":243,"caption":"marsizsolt.hu"},"image":{"@id":"https:\/\/marsizsolt.hu\/#\/schema\/logo\/image\/"},"sameAs":["https:\/\/www.facebook.com\/gasztro.marsi","https:\/\/www.instagram.com\/gasztro.marsi\/"]}]}},"_links":{"self":[{"href":"https:\/\/marsizsolt.hu\/en\/wp-json\/wp\/v2\/product\/3384","targetHints":{"allow":["GET"]}}],"collection":[{"href":"https:\/\/marsizsolt.hu\/en\/wp-json\/wp\/v2\/product"}],"about":[{"href":"https:\/\/marsizsolt.hu\/en\/wp-json\/wp\/v2\/types\/product"}],"wp:featuredmedia":[{"embeddable":true,"href":"https:\/\/marsizsolt.hu\/en\/wp-json\/wp\/v2\/media\/3756"}],"wp:attachment":[{"href":"https:\/\/marsizsolt.hu\/en\/wp-json\/wp\/v2\/media?parent=3384"}],"wp:term":[{"taxonomy":"product_brand","embeddable":true,"href":"https:\/\/marsizsolt.hu\/en\/wp-json\/wp\/v2\/product_brand?post=3384"},{"taxonomy":"product_cat","embeddable":true,"href":"https:\/\/marsizsolt.hu\/en\/wp-json\/wp\/v2\/product_cat?post=3384"},{"taxonomy":"product_tag","embeddable":true,"href":"https:\/\/marsizsolt.hu\/en\/wp-json\/wp\/v2\/product_tag?post=3384"}],"curies":[{"name":"wp","href":"https:\/\/api.w.org\/{rel}","templated":true}]}}