{"id":3388,"date":"2025-08-26T12:51:27","date_gmt":"2025-08-26T11:51:27","guid":{"rendered":"https:\/\/marsizsolt.hu\/?post_type=product&#038;p=3388"},"modified":"2025-08-27T17:18:21","modified_gmt":"2025-08-27T16:18:21","slug":"rostlap-asztali-650x600","status":"publish","type":"product","link":"https:\/\/marsizsolt.hu\/en\/product\/rostlap-asztali-650x600\/","title":{"rendered":"Rostlap asztali 650&#215;600"},"content":{"rendered":"<p>\u00c1ltal\u00e1noss\u00e1gban a rostlap egy sima fel\u00fclet\u0171 s\u00fct\u0151lap, amely kiv\u00e1l\u00f3an alkalmas h\u00fasok, z\u00f6lds\u00e9gek, palacsint\u00e1k vagy toj\u00e1s s\u00fct\u00e9s\u00e9re kev\u00e9s olajjal. Gyakran haszn\u00e1lj\u00e1k professzion\u00e1lis konyh\u00e1kban, mivel egyenletes h\u0151eloszl\u00e1st biztos\u00edt.<\/p>","protected":false},"excerpt":{"rendered":"<p>\u00c1ltal\u00e1noss\u00e1gban a rostlap egy sima fel\u00fclet\u0171 s\u00fct\u0151lap, amely kiv\u00e1l\u00f3an alkalmas h\u00fasok, z\u00f6lds\u00e9gek, palacsint\u00e1k vagy toj\u00e1s s\u00fct\u00e9s\u00e9re kev\u00e9s olajjal. Gyakran haszn\u00e1lj\u00e1k professzion\u00e1lis konyh\u00e1kban, mivel egyenletes h\u0151eloszl\u00e1st biztos\u00edt.<\/p>","protected":false},"featured_media":3760,"template":"","meta":[],"product_brand":[],"product_cat":[37],"product_tag":[],"class_list":{"0":"post-3388","1":"product","2":"type-product","3":"status-publish","4":"has-post-thumbnail","6":"product_cat-kis-es-nagygepek","8":"first","9":"instock","10":"shipping-taxable","11":"purchasable","12":"product-type-simple"},"yoast_head":"<!-- This site is optimized with the Yoast SEO plugin v27.4 - https:\/\/yoast.com\/product\/yoast-seo-wordpress\/ -->\n<title>Rostlap asztali 650x600 | Komplett catering szolg\u00e1ltat\u00e1s \u00e9s eszk\u00f6zpark<\/title>\n<meta name=\"robots\" content=\"index, follow, max-snippet:-1, max-image-preview:large, max-video-preview:-1\" \/>\n<link rel=\"canonical\" href=\"https:\/\/marsizsolt.hu\/en\/product\/rostlap-asztali-650x600\/\" \/>\n<meta property=\"og:locale\" content=\"en_US\" \/>\n<meta property=\"og:type\" content=\"article\" \/>\n<meta property=\"og:title\" content=\"Rostlap asztali 650x600 | Komplett catering szolg\u00e1ltat\u00e1s \u00e9s eszk\u00f6zpark\" \/>\n<meta property=\"og:description\" content=\"\u00c1ltal\u00e1noss\u00e1gban a rostlap egy sima fel\u00fclet\u0171 s\u00fct\u0151lap, amely kiv\u00e1l\u00f3an alkalmas h\u00fasok, z\u00f6lds\u00e9gek, palacsint\u00e1k vagy toj\u00e1s s\u00fct\u00e9s\u00e9re kev\u00e9s olajjal. Gyakran haszn\u00e1lj\u00e1k professzion\u00e1lis konyh\u00e1kban, mivel egyenletes h\u0151eloszl\u00e1st biztos\u00edt.\" \/>\n<meta property=\"og:url\" content=\"https:\/\/marsizsolt.hu\/en\/product\/rostlap-asztali-650x600\/\" \/>\n<meta property=\"og:site_name\" content=\"Komplett catering szolg\u00e1ltat\u00e1s \u00e9s eszk\u00f6zpark\" \/>\n<meta property=\"article:publisher\" content=\"https:\/\/www.facebook.com\/gasztro.marsi\" \/>\n<meta property=\"article:modified_time\" content=\"2025-08-27T16:18:21+00:00\" \/>\n<meta property=\"og:image\" content=\"https:\/\/marsizsolt.hu\/wp-content\/uploads\/2025\/08\/7204-rostlap-asztali-650x600-1.webp\" \/>\n\t<meta property=\"og:image:width\" content=\"600\" \/>\n\t<meta property=\"og:image:height\" content=\"564\" \/>\n\t<meta property=\"og:image:type\" content=\"image\/webp\" \/>\n<meta name=\"twitter:card\" content=\"summary_large_image\" \/>\n<script type=\"application\/ld+json\" class=\"yoast-schema-graph\">{\"@context\":\"https:\\\/\\\/schema.org\",\"@graph\":[{\"@type\":\"WebPage\",\"@id\":\"https:\\\/\\\/marsizsolt.hu\\\/product\\\/rostlap-asztali-650x600\\\/\",\"url\":\"https:\\\/\\\/marsizsolt.hu\\\/product\\\/rostlap-asztali-650x600\\\/\",\"name\":\"Rostlap asztali 650x600 | Komplett catering szolg\u00e1ltat\u00e1s \u00e9s eszk\u00f6zpark\",\"isPartOf\":{\"@id\":\"https:\\\/\\\/marsizsolt.hu\\\/#website\"},\"primaryImageOfPage\":{\"@id\":\"https:\\\/\\\/marsizsolt.hu\\\/product\\\/rostlap-asztali-650x600\\\/#primaryimage\"},\"image\":{\"@id\":\"https:\\\/\\\/marsizsolt.hu\\\/product\\\/rostlap-asztali-650x600\\\/#primaryimage\"},\"thumbnailUrl\":\"https:\\\/\\\/marsizsolt.hu\\\/wp-content\\\/uploads\\\/2025\\\/08\\\/7204-rostlap-asztali-650x600-1.webp\",\"datePublished\":\"2025-08-26T11:51:27+00:00\",\"dateModified\":\"2025-08-27T16:18:21+00:00\",\"breadcrumb\":{\"@id\":\"https:\\\/\\\/marsizsolt.hu\\\/product\\\/rostlap-asztali-650x600\\\/#breadcrumb\"},\"inLanguage\":\"en-US\",\"potentialAction\":[{\"@type\":\"ReadAction\",\"target\":[\"https:\\\/\\\/marsizsolt.hu\\\/product\\\/rostlap-asztali-650x600\\\/\"]}]},{\"@type\":\"ImageObject\",\"inLanguage\":\"en-US\",\"@id\":\"https:\\\/\\\/marsizsolt.hu\\\/product\\\/rostlap-asztali-650x600\\\/#primaryimage\",\"url\":\"https:\\\/\\\/marsizsolt.hu\\\/wp-content\\\/uploads\\\/2025\\\/08\\\/7204-rostlap-asztali-650x600-1.webp\",\"contentUrl\":\"https:\\\/\\\/marsizsolt.hu\\\/wp-content\\\/uploads\\\/2025\\\/08\\\/7204-rostlap-asztali-650x600-1.webp\",\"width\":600,\"height\":564},{\"@type\":\"BreadcrumbList\",\"@id\":\"https:\\\/\\\/marsizsolt.hu\\\/product\\\/rostlap-asztali-650x600\\\/#breadcrumb\",\"itemListElement\":[{\"@type\":\"ListItem\",\"position\":1,\"name\":\"Home\",\"item\":\"https:\\\/\\\/marsizsolt.hu\\\/\"},{\"@type\":\"ListItem\",\"position\":2,\"name\":\"Shop\",\"item\":\"https:\\\/\\\/marsizsolt.hu\\\/shop\\\/\"},{\"@type\":\"ListItem\",\"position\":3,\"name\":\"Rostlap asztali 650&#215;600\"}]},{\"@type\":\"WebSite\",\"@id\":\"https:\\\/\\\/marsizsolt.hu\\\/#website\",\"url\":\"https:\\\/\\\/marsizsolt.hu\\\/\",\"name\":\"marsizsolt.hu\",\"description\":\"Marsi Zsolt Catering &amp; Az Udvar \u2013 Az esem\u00e9nyed gasztron\u00f3miai h\u00e1ttere\",\"publisher\":{\"@id\":\"https:\\\/\\\/marsizsolt.hu\\\/#organization\"},\"potentialAction\":[{\"@type\":\"SearchAction\",\"target\":{\"@type\":\"EntryPoint\",\"urlTemplate\":\"https:\\\/\\\/marsizsolt.hu\\\/?s={search_term_string}\"},\"query-input\":{\"@type\":\"PropertyValueSpecification\",\"valueRequired\":true,\"valueName\":\"search_term_string\"}}],\"inLanguage\":\"en-US\"},{\"@type\":\"Organization\",\"@id\":\"https:\\\/\\\/marsizsolt.hu\\\/#organization\",\"name\":\"marsizsolt.hu\",\"url\":\"https:\\\/\\\/marsizsolt.hu\\\/\",\"logo\":{\"@type\":\"ImageObject\",\"inLanguage\":\"en-US\",\"@id\":\"https:\\\/\\\/marsizsolt.hu\\\/#\\\/schema\\\/logo\\\/image\\\/\",\"url\":\"https:\\\/\\\/marsizsolt.hu\\\/wp-content\\\/uploads\\\/2025\\\/04\\\/Catering.svg\",\"contentUrl\":\"https:\\\/\\\/marsizsolt.hu\\\/wp-content\\\/uploads\\\/2025\\\/04\\\/Catering.svg\",\"width\":132,\"height\":243,\"caption\":\"marsizsolt.hu\"},\"image\":{\"@id\":\"https:\\\/\\\/marsizsolt.hu\\\/#\\\/schema\\\/logo\\\/image\\\/\"},\"sameAs\":[\"https:\\\/\\\/www.facebook.com\\\/gasztro.marsi\",\"https:\\\/\\\/www.instagram.com\\\/gasztro.marsi\\\/\"]}]}<\/script>\n<!-- \/ Yoast SEO plugin. -->","yoast_head_json":{"title":"Rostlap asztali 650x600 | Komplett catering szolg\u00e1ltat\u00e1s \u00e9s eszk\u00f6zpark","robots":{"index":"index","follow":"follow","max-snippet":"max-snippet:-1","max-image-preview":"max-image-preview:large","max-video-preview":"max-video-preview:-1"},"canonical":"https:\/\/marsizsolt.hu\/en\/product\/rostlap-asztali-650x600\/","og_locale":"en_US","og_type":"article","og_title":"Rostlap asztali 650x600 | Komplett catering szolg\u00e1ltat\u00e1s \u00e9s eszk\u00f6zpark","og_description":"\u00c1ltal\u00e1noss\u00e1gban a rostlap egy sima fel\u00fclet\u0171 s\u00fct\u0151lap, amely kiv\u00e1l\u00f3an alkalmas h\u00fasok, z\u00f6lds\u00e9gek, palacsint\u00e1k vagy toj\u00e1s s\u00fct\u00e9s\u00e9re kev\u00e9s olajjal. Gyakran haszn\u00e1lj\u00e1k professzion\u00e1lis konyh\u00e1kban, mivel egyenletes h\u0151eloszl\u00e1st biztos\u00edt.","og_url":"https:\/\/marsizsolt.hu\/en\/product\/rostlap-asztali-650x600\/","og_site_name":"Komplett catering szolg\u00e1ltat\u00e1s \u00e9s eszk\u00f6zpark","article_publisher":"https:\/\/www.facebook.com\/gasztro.marsi","article_modified_time":"2025-08-27T16:18:21+00:00","og_image":[{"width":600,"height":564,"url":"https:\/\/marsizsolt.hu\/wp-content\/uploads\/2025\/08\/7204-rostlap-asztali-650x600-1.webp","type":"image\/webp"}],"twitter_card":"summary_large_image","schema":{"@context":"https:\/\/schema.org","@graph":[{"@type":"WebPage","@id":"https:\/\/marsizsolt.hu\/product\/rostlap-asztali-650x600\/","url":"https:\/\/marsizsolt.hu\/product\/rostlap-asztali-650x600\/","name":"Rostlap asztali 650x600 | Komplett catering szolg\u00e1ltat\u00e1s \u00e9s eszk\u00f6zpark","isPartOf":{"@id":"https:\/\/marsizsolt.hu\/#website"},"primaryImageOfPage":{"@id":"https:\/\/marsizsolt.hu\/product\/rostlap-asztali-650x600\/#primaryimage"},"image":{"@id":"https:\/\/marsizsolt.hu\/product\/rostlap-asztali-650x600\/#primaryimage"},"thumbnailUrl":"https:\/\/marsizsolt.hu\/wp-content\/uploads\/2025\/08\/7204-rostlap-asztali-650x600-1.webp","datePublished":"2025-08-26T11:51:27+00:00","dateModified":"2025-08-27T16:18:21+00:00","breadcrumb":{"@id":"https:\/\/marsizsolt.hu\/product\/rostlap-asztali-650x600\/#breadcrumb"},"inLanguage":"en-US","potentialAction":[{"@type":"ReadAction","target":["https:\/\/marsizsolt.hu\/product\/rostlap-asztali-650x600\/"]}]},{"@type":"ImageObject","inLanguage":"en-US","@id":"https:\/\/marsizsolt.hu\/product\/rostlap-asztali-650x600\/#primaryimage","url":"https:\/\/marsizsolt.hu\/wp-content\/uploads\/2025\/08\/7204-rostlap-asztali-650x600-1.webp","contentUrl":"https:\/\/marsizsolt.hu\/wp-content\/uploads\/2025\/08\/7204-rostlap-asztali-650x600-1.webp","width":600,"height":564},{"@type":"BreadcrumbList","@id":"https:\/\/marsizsolt.hu\/product\/rostlap-asztali-650x600\/#breadcrumb","itemListElement":[{"@type":"ListItem","position":1,"name":"Home","item":"https:\/\/marsizsolt.hu\/"},{"@type":"ListItem","position":2,"name":"Shop","item":"https:\/\/marsizsolt.hu\/shop\/"},{"@type":"ListItem","position":3,"name":"Rostlap asztali 650&#215;600"}]},{"@type":"WebSite","@id":"https:\/\/marsizsolt.hu\/#website","url":"https:\/\/marsizsolt.hu\/","name":"marsizsolt.hu","description":"Marsi Zsolt Catering &amp; Az Udvar \u2013 Az esem\u00e9nyed gasztron\u00f3miai h\u00e1ttere","publisher":{"@id":"https:\/\/marsizsolt.hu\/#organization"},"potentialAction":[{"@type":"SearchAction","target":{"@type":"EntryPoint","urlTemplate":"https:\/\/marsizsolt.hu\/?s={search_term_string}"},"query-input":{"@type":"PropertyValueSpecification","valueRequired":true,"valueName":"search_term_string"}}],"inLanguage":"en-US"},{"@type":"Organization","@id":"https:\/\/marsizsolt.hu\/#organization","name":"marsizsolt.hu","url":"https:\/\/marsizsolt.hu\/","logo":{"@type":"ImageObject","inLanguage":"en-US","@id":"https:\/\/marsizsolt.hu\/#\/schema\/logo\/image\/","url":"https:\/\/marsizsolt.hu\/wp-content\/uploads\/2025\/04\/Catering.svg","contentUrl":"https:\/\/marsizsolt.hu\/wp-content\/uploads\/2025\/04\/Catering.svg","width":132,"height":243,"caption":"marsizsolt.hu"},"image":{"@id":"https:\/\/marsizsolt.hu\/#\/schema\/logo\/image\/"},"sameAs":["https:\/\/www.facebook.com\/gasztro.marsi","https:\/\/www.instagram.com\/gasztro.marsi\/"]}]}},"_links":{"self":[{"href":"https:\/\/marsizsolt.hu\/en\/wp-json\/wp\/v2\/product\/3388","targetHints":{"allow":["GET"]}}],"collection":[{"href":"https:\/\/marsizsolt.hu\/en\/wp-json\/wp\/v2\/product"}],"about":[{"href":"https:\/\/marsizsolt.hu\/en\/wp-json\/wp\/v2\/types\/product"}],"wp:featuredmedia":[{"embeddable":true,"href":"https:\/\/marsizsolt.hu\/en\/wp-json\/wp\/v2\/media\/3760"}],"wp:attachment":[{"href":"https:\/\/marsizsolt.hu\/en\/wp-json\/wp\/v2\/media?parent=3388"}],"wp:term":[{"taxonomy":"product_brand","embeddable":true,"href":"https:\/\/marsizsolt.hu\/en\/wp-json\/wp\/v2\/product_brand?post=3388"},{"taxonomy":"product_cat","embeddable":true,"href":"https:\/\/marsizsolt.hu\/en\/wp-json\/wp\/v2\/product_cat?post=3388"},{"taxonomy":"product_tag","embeddable":true,"href":"https:\/\/marsizsolt.hu\/en\/wp-json\/wp\/v2\/product_tag?post=3388"}],"curies":[{"name":"wp","href":"https:\/\/api.w.org\/{rel}","templated":true}]}}