{"id":3402,"date":"2025-08-26T12:51:29","date_gmt":"2025-08-26T11:51:29","guid":{"rendered":"https:\/\/marsizsolt.hu\/?post_type=product&#038;p=3402"},"modified":"2025-08-27T14:49:02","modified_gmt":"2025-08-27T13:49:02","slug":"fedok-16-60-cm","status":"publish","type":"product","link":"https:\/\/marsizsolt.hu\/en\/product\/fedok-16-60-cm\/","title":{"rendered":"Fed\u0151k 16-60 cm"},"content":{"rendered":"<p>A megfelel\u0151 m\u00e9ret\u0171 fed\u0151k (16-60 cm) elengedhetetlenek a hat\u00e9kony f\u0151z\u00e9shez. Seg\u00edts\u00e9g\u00fckkel az \u00e9telek hamarabb elk\u00e9sz\u00fclnek, energi\u00e1t takar\u00edthat meg, \u00e9s megakad\u00e1lyozza a h\u0151, illetve a g\u0151z t\u00e1voz\u00e1s\u00e1t. A rozsdamentes ac\u00e9l fed\u0151k strapab\u00edr\u00f3ak, k\u00f6nnyen tiszt\u00edthat\u00f3k, \u00e9s hossz\u00fa \u00e9lettartamukkal \u00e9vekig a konyha megb\u00edzhat\u00f3 r\u00e9szei lesznek. V\u00e1lasszon a m\u00e9retek k\u00f6z\u00fcl, hogy t\u00f6k\u00e9letesen illeszkedjenek l\u00e1basaihoz \u00e9s fazekaihoz.<\/p>","protected":false},"excerpt":{"rendered":"<p>A megfelel\u0151 m\u00e9ret\u0171 fed\u0151k (16-60 cm) elengedhetetlenek a hat\u00e9kony f\u0151z\u00e9shez. Seg\u00edts\u00e9g\u00fckkel az \u00e9telek hamarabb elk\u00e9sz\u00fclnek, energi\u00e1t takar\u00edthat meg, \u00e9s megakad\u00e1lyozza a h\u0151, illetve a g\u0151z t\u00e1voz\u00e1s\u00e1t. A rozsdamentes ac\u00e9l fed\u0151k strapab\u00edr\u00f3ak, k\u00f6nnyen tiszt\u00edthat\u00f3k, \u00e9s hossz\u00fa \u00e9lettartamukkal \u00e9vekig a konyha megb\u00edzhat\u00f3 r\u00e9szei lesznek. V\u00e1lasszon a m\u00e9retek k\u00f6z\u00fcl, hogy t\u00f6k\u00e9letesen illeszkedjenek l\u00e1basaihoz \u00e9s fazekaihoz.<\/p>","protected":false},"featured_media":3774,"template":"","meta":[],"product_brand":[],"product_cat":[38],"product_tag":[],"class_list":{"0":"post-3402","1":"product","2":"type-product","3":"status-publish","4":"has-post-thumbnail","6":"product_cat-konyhai-fozoeszkozok","8":"first","9":"instock","10":"shipping-taxable","11":"purchasable","12":"product-type-simple"},"yoast_head":"<!-- This site is optimized with the Yoast SEO plugin v27.4 - https:\/\/yoast.com\/product\/yoast-seo-wordpress\/ -->\n<title>Fed\u0151k 16-60 cm | Komplett catering szolg\u00e1ltat\u00e1s \u00e9s eszk\u00f6zpark<\/title>\n<meta name=\"robots\" content=\"index, follow, max-snippet:-1, max-image-preview:large, max-video-preview:-1\" \/>\n<link rel=\"canonical\" href=\"https:\/\/marsizsolt.hu\/en\/product\/fedok-16-60-cm\/\" \/>\n<meta property=\"og:locale\" content=\"en_US\" \/>\n<meta property=\"og:type\" content=\"article\" \/>\n<meta property=\"og:title\" content=\"Fed\u0151k 16-60 cm | Komplett catering szolg\u00e1ltat\u00e1s \u00e9s eszk\u00f6zpark\" \/>\n<meta property=\"og:description\" content=\"A megfelel\u0151 m\u00e9ret\u0171 fed\u0151k (16-60 cm) elengedhetetlenek a hat\u00e9kony f\u0151z\u00e9shez. Seg\u00edts\u00e9g\u00fckkel az \u00e9telek hamarabb elk\u00e9sz\u00fclnek, energi\u00e1t takar\u00edthat meg, \u00e9s megakad\u00e1lyozza a h\u0151, illetve a g\u0151z t\u00e1voz\u00e1s\u00e1t. A rozsdamentes ac\u00e9l fed\u0151k strapab\u00edr\u00f3ak, k\u00f6nnyen tiszt\u00edthat\u00f3k, \u00e9s hossz\u00fa \u00e9lettartamukkal \u00e9vekig a konyha megb\u00edzhat\u00f3 r\u00e9szei lesznek. V\u00e1lasszon a m\u00e9retek k\u00f6z\u00fcl, hogy t\u00f6k\u00e9letesen illeszkedjenek l\u00e1basaihoz \u00e9s fazekaihoz.\" \/>\n<meta property=\"og:url\" content=\"https:\/\/marsizsolt.hu\/en\/product\/fedok-16-60-cm\/\" \/>\n<meta property=\"og:site_name\" content=\"Komplett catering szolg\u00e1ltat\u00e1s \u00e9s eszk\u00f6zpark\" \/>\n<meta property=\"article:publisher\" content=\"https:\/\/www.facebook.com\/gasztro.marsi\" \/>\n<meta property=\"article:modified_time\" content=\"2025-08-27T13:49:02+00:00\" \/>\n<meta property=\"og:image\" content=\"https:\/\/marsizsolt.hu\/wp-content\/uploads\/2025\/08\/8140-fedok-16-60-cm.webp\" \/>\n\t<meta property=\"og:image:width\" content=\"900\" \/>\n\t<meta property=\"og:image:height\" content=\"900\" \/>\n\t<meta property=\"og:image:type\" content=\"image\/webp\" \/>\n<meta name=\"twitter:card\" content=\"summary_large_image\" \/>\n<script type=\"application\/ld+json\" class=\"yoast-schema-graph\">{\"@context\":\"https:\\\/\\\/schema.org\",\"@graph\":[{\"@type\":\"WebPage\",\"@id\":\"https:\\\/\\\/marsizsolt.hu\\\/product\\\/fedok-16-60-cm\\\/\",\"url\":\"https:\\\/\\\/marsizsolt.hu\\\/product\\\/fedok-16-60-cm\\\/\",\"name\":\"Fed\u0151k 16-60 cm | Komplett catering szolg\u00e1ltat\u00e1s \u00e9s eszk\u00f6zpark\",\"isPartOf\":{\"@id\":\"https:\\\/\\\/marsizsolt.hu\\\/#website\"},\"primaryImageOfPage\":{\"@id\":\"https:\\\/\\\/marsizsolt.hu\\\/product\\\/fedok-16-60-cm\\\/#primaryimage\"},\"image\":{\"@id\":\"https:\\\/\\\/marsizsolt.hu\\\/product\\\/fedok-16-60-cm\\\/#primaryimage\"},\"thumbnailUrl\":\"https:\\\/\\\/marsizsolt.hu\\\/wp-content\\\/uploads\\\/2025\\\/08\\\/8140-fedok-16-60-cm.webp\",\"datePublished\":\"2025-08-26T11:51:29+00:00\",\"dateModified\":\"2025-08-27T13:49:02+00:00\",\"breadcrumb\":{\"@id\":\"https:\\\/\\\/marsizsolt.hu\\\/product\\\/fedok-16-60-cm\\\/#breadcrumb\"},\"inLanguage\":\"en-US\",\"potentialAction\":[{\"@type\":\"ReadAction\",\"target\":[\"https:\\\/\\\/marsizsolt.hu\\\/product\\\/fedok-16-60-cm\\\/\"]}]},{\"@type\":\"ImageObject\",\"inLanguage\":\"en-US\",\"@id\":\"https:\\\/\\\/marsizsolt.hu\\\/product\\\/fedok-16-60-cm\\\/#primaryimage\",\"url\":\"https:\\\/\\\/marsizsolt.hu\\\/wp-content\\\/uploads\\\/2025\\\/08\\\/8140-fedok-16-60-cm.webp\",\"contentUrl\":\"https:\\\/\\\/marsizsolt.hu\\\/wp-content\\\/uploads\\\/2025\\\/08\\\/8140-fedok-16-60-cm.webp\",\"width\":900,\"height\":900},{\"@type\":\"BreadcrumbList\",\"@id\":\"https:\\\/\\\/marsizsolt.hu\\\/product\\\/fedok-16-60-cm\\\/#breadcrumb\",\"itemListElement\":[{\"@type\":\"ListItem\",\"position\":1,\"name\":\"Home\",\"item\":\"https:\\\/\\\/marsizsolt.hu\\\/\"},{\"@type\":\"ListItem\",\"position\":2,\"name\":\"Shop\",\"item\":\"https:\\\/\\\/marsizsolt.hu\\\/shop\\\/\"},{\"@type\":\"ListItem\",\"position\":3,\"name\":\"Fed\u0151k 16-60 cm\"}]},{\"@type\":\"WebSite\",\"@id\":\"https:\\\/\\\/marsizsolt.hu\\\/#website\",\"url\":\"https:\\\/\\\/marsizsolt.hu\\\/\",\"name\":\"marsizsolt.hu\",\"description\":\"Marsi Zsolt Catering &amp; Az Udvar \u2013 Az esem\u00e9nyed gasztron\u00f3miai h\u00e1ttere\",\"publisher\":{\"@id\":\"https:\\\/\\\/marsizsolt.hu\\\/#organization\"},\"potentialAction\":[{\"@type\":\"SearchAction\",\"target\":{\"@type\":\"EntryPoint\",\"urlTemplate\":\"https:\\\/\\\/marsizsolt.hu\\\/?s={search_term_string}\"},\"query-input\":{\"@type\":\"PropertyValueSpecification\",\"valueRequired\":true,\"valueName\":\"search_term_string\"}}],\"inLanguage\":\"en-US\"},{\"@type\":\"Organization\",\"@id\":\"https:\\\/\\\/marsizsolt.hu\\\/#organization\",\"name\":\"marsizsolt.hu\",\"url\":\"https:\\\/\\\/marsizsolt.hu\\\/\",\"logo\":{\"@type\":\"ImageObject\",\"inLanguage\":\"en-US\",\"@id\":\"https:\\\/\\\/marsizsolt.hu\\\/#\\\/schema\\\/logo\\\/image\\\/\",\"url\":\"https:\\\/\\\/marsizsolt.hu\\\/wp-content\\\/uploads\\\/2025\\\/04\\\/Catering.svg\",\"contentUrl\":\"https:\\\/\\\/marsizsolt.hu\\\/wp-content\\\/uploads\\\/2025\\\/04\\\/Catering.svg\",\"width\":132,\"height\":243,\"caption\":\"marsizsolt.hu\"},\"image\":{\"@id\":\"https:\\\/\\\/marsizsolt.hu\\\/#\\\/schema\\\/logo\\\/image\\\/\"},\"sameAs\":[\"https:\\\/\\\/www.facebook.com\\\/gasztro.marsi\",\"https:\\\/\\\/www.instagram.com\\\/gasztro.marsi\\\/\"]}]}<\/script>\n<!-- \/ Yoast SEO plugin. -->","yoast_head_json":{"title":"Fed\u0151k 16-60 cm | Komplett catering szolg\u00e1ltat\u00e1s \u00e9s eszk\u00f6zpark","robots":{"index":"index","follow":"follow","max-snippet":"max-snippet:-1","max-image-preview":"max-image-preview:large","max-video-preview":"max-video-preview:-1"},"canonical":"https:\/\/marsizsolt.hu\/en\/product\/fedok-16-60-cm\/","og_locale":"en_US","og_type":"article","og_title":"Fed\u0151k 16-60 cm | Komplett catering szolg\u00e1ltat\u00e1s \u00e9s eszk\u00f6zpark","og_description":"A megfelel\u0151 m\u00e9ret\u0171 fed\u0151k (16-60 cm) elengedhetetlenek a hat\u00e9kony f\u0151z\u00e9shez. Seg\u00edts\u00e9g\u00fckkel az \u00e9telek hamarabb elk\u00e9sz\u00fclnek, energi\u00e1t takar\u00edthat meg, \u00e9s megakad\u00e1lyozza a h\u0151, illetve a g\u0151z t\u00e1voz\u00e1s\u00e1t. A rozsdamentes ac\u00e9l fed\u0151k strapab\u00edr\u00f3ak, k\u00f6nnyen tiszt\u00edthat\u00f3k, \u00e9s hossz\u00fa \u00e9lettartamukkal \u00e9vekig a konyha megb\u00edzhat\u00f3 r\u00e9szei lesznek. V\u00e1lasszon a m\u00e9retek k\u00f6z\u00fcl, hogy t\u00f6k\u00e9letesen illeszkedjenek l\u00e1basaihoz \u00e9s fazekaihoz.","og_url":"https:\/\/marsizsolt.hu\/en\/product\/fedok-16-60-cm\/","og_site_name":"Komplett catering szolg\u00e1ltat\u00e1s \u00e9s eszk\u00f6zpark","article_publisher":"https:\/\/www.facebook.com\/gasztro.marsi","article_modified_time":"2025-08-27T13:49:02+00:00","og_image":[{"width":900,"height":900,"url":"https:\/\/marsizsolt.hu\/wp-content\/uploads\/2025\/08\/8140-fedok-16-60-cm.webp","type":"image\/webp"}],"twitter_card":"summary_large_image","schema":{"@context":"https:\/\/schema.org","@graph":[{"@type":"WebPage","@id":"https:\/\/marsizsolt.hu\/product\/fedok-16-60-cm\/","url":"https:\/\/marsizsolt.hu\/product\/fedok-16-60-cm\/","name":"Fed\u0151k 16-60 cm | Komplett catering szolg\u00e1ltat\u00e1s \u00e9s eszk\u00f6zpark","isPartOf":{"@id":"https:\/\/marsizsolt.hu\/#website"},"primaryImageOfPage":{"@id":"https:\/\/marsizsolt.hu\/product\/fedok-16-60-cm\/#primaryimage"},"image":{"@id":"https:\/\/marsizsolt.hu\/product\/fedok-16-60-cm\/#primaryimage"},"thumbnailUrl":"https:\/\/marsizsolt.hu\/wp-content\/uploads\/2025\/08\/8140-fedok-16-60-cm.webp","datePublished":"2025-08-26T11:51:29+00:00","dateModified":"2025-08-27T13:49:02+00:00","breadcrumb":{"@id":"https:\/\/marsizsolt.hu\/product\/fedok-16-60-cm\/#breadcrumb"},"inLanguage":"en-US","potentialAction":[{"@type":"ReadAction","target":["https:\/\/marsizsolt.hu\/product\/fedok-16-60-cm\/"]}]},{"@type":"ImageObject","inLanguage":"en-US","@id":"https:\/\/marsizsolt.hu\/product\/fedok-16-60-cm\/#primaryimage","url":"https:\/\/marsizsolt.hu\/wp-content\/uploads\/2025\/08\/8140-fedok-16-60-cm.webp","contentUrl":"https:\/\/marsizsolt.hu\/wp-content\/uploads\/2025\/08\/8140-fedok-16-60-cm.webp","width":900,"height":900},{"@type":"BreadcrumbList","@id":"https:\/\/marsizsolt.hu\/product\/fedok-16-60-cm\/#breadcrumb","itemListElement":[{"@type":"ListItem","position":1,"name":"Home","item":"https:\/\/marsizsolt.hu\/"},{"@type":"ListItem","position":2,"name":"Shop","item":"https:\/\/marsizsolt.hu\/shop\/"},{"@type":"ListItem","position":3,"name":"Fed\u0151k 16-60 cm"}]},{"@type":"WebSite","@id":"https:\/\/marsizsolt.hu\/#website","url":"https:\/\/marsizsolt.hu\/","name":"marsizsolt.hu","description":"Marsi Zsolt Catering &amp; Az Udvar \u2013 Az esem\u00e9nyed gasztron\u00f3miai h\u00e1ttere","publisher":{"@id":"https:\/\/marsizsolt.hu\/#organization"},"potentialAction":[{"@type":"SearchAction","target":{"@type":"EntryPoint","urlTemplate":"https:\/\/marsizsolt.hu\/?s={search_term_string}"},"query-input":{"@type":"PropertyValueSpecification","valueRequired":true,"valueName":"search_term_string"}}],"inLanguage":"en-US"},{"@type":"Organization","@id":"https:\/\/marsizsolt.hu\/#organization","name":"marsizsolt.hu","url":"https:\/\/marsizsolt.hu\/","logo":{"@type":"ImageObject","inLanguage":"en-US","@id":"https:\/\/marsizsolt.hu\/#\/schema\/logo\/image\/","url":"https:\/\/marsizsolt.hu\/wp-content\/uploads\/2025\/04\/Catering.svg","contentUrl":"https:\/\/marsizsolt.hu\/wp-content\/uploads\/2025\/04\/Catering.svg","width":132,"height":243,"caption":"marsizsolt.hu"},"image":{"@id":"https:\/\/marsizsolt.hu\/#\/schema\/logo\/image\/"},"sameAs":["https:\/\/www.facebook.com\/gasztro.marsi","https:\/\/www.instagram.com\/gasztro.marsi\/"]}]}},"_links":{"self":[{"href":"https:\/\/marsizsolt.hu\/en\/wp-json\/wp\/v2\/product\/3402","targetHints":{"allow":["GET"]}}],"collection":[{"href":"https:\/\/marsizsolt.hu\/en\/wp-json\/wp\/v2\/product"}],"about":[{"href":"https:\/\/marsizsolt.hu\/en\/wp-json\/wp\/v2\/types\/product"}],"wp:featuredmedia":[{"embeddable":true,"href":"https:\/\/marsizsolt.hu\/en\/wp-json\/wp\/v2\/media\/3774"}],"wp:attachment":[{"href":"https:\/\/marsizsolt.hu\/en\/wp-json\/wp\/v2\/media?parent=3402"}],"wp:term":[{"taxonomy":"product_brand","embeddable":true,"href":"https:\/\/marsizsolt.hu\/en\/wp-json\/wp\/v2\/product_brand?post=3402"},{"taxonomy":"product_cat","embeddable":true,"href":"https:\/\/marsizsolt.hu\/en\/wp-json\/wp\/v2\/product_cat?post=3402"},{"taxonomy":"product_tag","embeddable":true,"href":"https:\/\/marsizsolt.hu\/en\/wp-json\/wp\/v2\/product_tag?post=3402"}],"curies":[{"name":"wp","href":"https:\/\/api.w.org\/{rel}","templated":true}]}}