{"id":3407,"date":"2025-08-26T12:51:29","date_gmt":"2025-08-26T11:51:29","guid":{"rendered":"https:\/\/marsizsolt.hu\/?post_type=product&#038;p=3407"},"modified":"2025-08-27T17:09:53","modified_gmt":"2025-08-27T16:09:53","slug":"egyeb-rozsdamentes-eszkozok","status":"publish","type":"product","link":"https:\/\/marsizsolt.hu\/en\/product\/egyeb-rozsdamentes-eszkozok\/","title":{"rendered":"Egy\u00e9b rozsdamentes eszk\u00f6z\u00f6k"},"content":{"rendered":"<p>P\u00e9ld\u00e1ul mobil reg\u00e1lkocsi 15 db GN 1\/1-hez, ami egy n\u00e9lk\u00fcl\u00f6zhetetlen eszk\u00f6z a professzion\u00e1lis konyh\u00e1kban, vend\u00e9gl\u00e1t\u00f3helyeken \u00e9s catering c\u00e9gekn\u00e9l. A term\u00e9k neve is sejteti, hogy a Gastronorm (GN) szabv\u00e1ny szerinti ed\u00e9nyekkel val\u00f3 kompatibilit\u00e1s a legfontosabb tulajdons\u00e1ga. Ez a term\u00e9k a t\u00e1rol\u00e1st, sz\u00e1ll\u00edt\u00e1st \u00e9s a t\u00e1lal\u00e1st teszi k\u00f6nnyebb\u00e9 \u00e9s gyorsabb\u00e1.<\/p>","protected":false},"excerpt":{"rendered":"<p>P\u00e9ld\u00e1ul mobil reg\u00e1lkocsi 15 db GN 1\/1-hez, ami egy n\u00e9lk\u00fcl\u00f6zhetetlen eszk\u00f6z a professzion\u00e1lis konyh\u00e1kban, vend\u00e9gl\u00e1t\u00f3helyeken \u00e9s catering c\u00e9gekn\u00e9l. A term\u00e9k neve is sejteti, hogy a Gastronorm (GN) szabv\u00e1ny szerinti ed\u00e9nyekkel val\u00f3 kompatibilit\u00e1s a legfontosabb tulajdons\u00e1ga. Ez a term\u00e9k a t\u00e1rol\u00e1st, sz\u00e1ll\u00edt\u00e1st \u00e9s a t\u00e1lal\u00e1st teszi k\u00f6nnyebb\u00e9 \u00e9s gyorsabb\u00e1.<\/p>","protected":false},"featured_media":3779,"template":"","meta":[],"product_brand":[],"product_cat":[38],"product_tag":[],"class_list":{"0":"post-3407","1":"product","2":"type-product","3":"status-publish","4":"has-post-thumbnail","6":"product_cat-konyhai-fozoeszkozok","8":"first","9":"instock","10":"shipping-taxable","11":"purchasable","12":"product-type-simple"},"yoast_head":"<!-- This site is optimized with the Yoast SEO plugin v27.4 - https:\/\/yoast.com\/product\/yoast-seo-wordpress\/ -->\n<title>Egy\u00e9b rozsdamentes eszk\u00f6z\u00f6k | Komplett catering szolg\u00e1ltat\u00e1s \u00e9s eszk\u00f6zpark<\/title>\n<meta name=\"robots\" content=\"index, follow, max-snippet:-1, max-image-preview:large, max-video-preview:-1\" \/>\n<link rel=\"canonical\" href=\"https:\/\/marsizsolt.hu\/en\/product\/egyeb-rozsdamentes-eszkozok\/\" \/>\n<meta property=\"og:locale\" content=\"en_US\" \/>\n<meta property=\"og:type\" content=\"article\" \/>\n<meta property=\"og:title\" content=\"Egy\u00e9b rozsdamentes eszk\u00f6z\u00f6k | Komplett catering szolg\u00e1ltat\u00e1s \u00e9s eszk\u00f6zpark\" \/>\n<meta property=\"og:description\" content=\"P\u00e9ld\u00e1ul mobil reg\u00e1lkocsi 15 db GN 1\/1-hez, ami egy n\u00e9lk\u00fcl\u00f6zhetetlen eszk\u00f6z a professzion\u00e1lis konyh\u00e1kban, vend\u00e9gl\u00e1t\u00f3helyeken \u00e9s catering c\u00e9gekn\u00e9l. A term\u00e9k neve is sejteti, hogy a Gastronorm (GN) szabv\u00e1ny szerinti ed\u00e9nyekkel val\u00f3 kompatibilit\u00e1s a legfontosabb tulajdons\u00e1ga. Ez a term\u00e9k a t\u00e1rol\u00e1st, sz\u00e1ll\u00edt\u00e1st \u00e9s a t\u00e1lal\u00e1st teszi k\u00f6nnyebb\u00e9 \u00e9s gyorsabb\u00e1.\" \/>\n<meta property=\"og:url\" content=\"https:\/\/marsizsolt.hu\/en\/product\/egyeb-rozsdamentes-eszkozok\/\" \/>\n<meta property=\"og:site_name\" content=\"Komplett catering szolg\u00e1ltat\u00e1s \u00e9s eszk\u00f6zpark\" \/>\n<meta property=\"article:publisher\" content=\"https:\/\/www.facebook.com\/gasztro.marsi\" \/>\n<meta property=\"article:modified_time\" content=\"2025-08-27T16:09:53+00:00\" \/>\n<meta property=\"og:image\" content=\"https:\/\/marsizsolt.hu\/wp-content\/uploads\/2025\/08\/8220-egyeb-rozsdamentes-eszkozok.webp\" \/>\n\t<meta property=\"og:image:width\" content=\"579\" \/>\n\t<meta property=\"og:image:height\" content=\"916\" \/>\n\t<meta property=\"og:image:type\" content=\"image\/webp\" \/>\n<meta name=\"twitter:card\" content=\"summary_large_image\" \/>\n<script type=\"application\/ld+json\" class=\"yoast-schema-graph\">{\"@context\":\"https:\\\/\\\/schema.org\",\"@graph\":[{\"@type\":\"WebPage\",\"@id\":\"https:\\\/\\\/marsizsolt.hu\\\/product\\\/egyeb-rozsdamentes-eszkozok\\\/\",\"url\":\"https:\\\/\\\/marsizsolt.hu\\\/product\\\/egyeb-rozsdamentes-eszkozok\\\/\",\"name\":\"Egy\u00e9b rozsdamentes eszk\u00f6z\u00f6k | Komplett catering szolg\u00e1ltat\u00e1s \u00e9s eszk\u00f6zpark\",\"isPartOf\":{\"@id\":\"https:\\\/\\\/marsizsolt.hu\\\/#website\"},\"primaryImageOfPage\":{\"@id\":\"https:\\\/\\\/marsizsolt.hu\\\/product\\\/egyeb-rozsdamentes-eszkozok\\\/#primaryimage\"},\"image\":{\"@id\":\"https:\\\/\\\/marsizsolt.hu\\\/product\\\/egyeb-rozsdamentes-eszkozok\\\/#primaryimage\"},\"thumbnailUrl\":\"https:\\\/\\\/marsizsolt.hu\\\/wp-content\\\/uploads\\\/2025\\\/08\\\/8220-egyeb-rozsdamentes-eszkozok.webp\",\"datePublished\":\"2025-08-26T11:51:29+00:00\",\"dateModified\":\"2025-08-27T16:09:53+00:00\",\"breadcrumb\":{\"@id\":\"https:\\\/\\\/marsizsolt.hu\\\/product\\\/egyeb-rozsdamentes-eszkozok\\\/#breadcrumb\"},\"inLanguage\":\"en-US\",\"potentialAction\":[{\"@type\":\"ReadAction\",\"target\":[\"https:\\\/\\\/marsizsolt.hu\\\/product\\\/egyeb-rozsdamentes-eszkozok\\\/\"]}]},{\"@type\":\"ImageObject\",\"inLanguage\":\"en-US\",\"@id\":\"https:\\\/\\\/marsizsolt.hu\\\/product\\\/egyeb-rozsdamentes-eszkozok\\\/#primaryimage\",\"url\":\"https:\\\/\\\/marsizsolt.hu\\\/wp-content\\\/uploads\\\/2025\\\/08\\\/8220-egyeb-rozsdamentes-eszkozok.webp\",\"contentUrl\":\"https:\\\/\\\/marsizsolt.hu\\\/wp-content\\\/uploads\\\/2025\\\/08\\\/8220-egyeb-rozsdamentes-eszkozok.webp\",\"width\":579,\"height\":916},{\"@type\":\"BreadcrumbList\",\"@id\":\"https:\\\/\\\/marsizsolt.hu\\\/product\\\/egyeb-rozsdamentes-eszkozok\\\/#breadcrumb\",\"itemListElement\":[{\"@type\":\"ListItem\",\"position\":1,\"name\":\"Home\",\"item\":\"https:\\\/\\\/marsizsolt.hu\\\/\"},{\"@type\":\"ListItem\",\"position\":2,\"name\":\"Shop\",\"item\":\"https:\\\/\\\/marsizsolt.hu\\\/shop\\\/\"},{\"@type\":\"ListItem\",\"position\":3,\"name\":\"Egy\u00e9b rozsdamentes eszk\u00f6z\u00f6k\"}]},{\"@type\":\"WebSite\",\"@id\":\"https:\\\/\\\/marsizsolt.hu\\\/#website\",\"url\":\"https:\\\/\\\/marsizsolt.hu\\\/\",\"name\":\"marsizsolt.hu\",\"description\":\"Marsi Zsolt Catering &amp; Az Udvar \u2013 Az esem\u00e9nyed gasztron\u00f3miai h\u00e1ttere\",\"publisher\":{\"@id\":\"https:\\\/\\\/marsizsolt.hu\\\/#organization\"},\"potentialAction\":[{\"@type\":\"SearchAction\",\"target\":{\"@type\":\"EntryPoint\",\"urlTemplate\":\"https:\\\/\\\/marsizsolt.hu\\\/?s={search_term_string}\"},\"query-input\":{\"@type\":\"PropertyValueSpecification\",\"valueRequired\":true,\"valueName\":\"search_term_string\"}}],\"inLanguage\":\"en-US\"},{\"@type\":\"Organization\",\"@id\":\"https:\\\/\\\/marsizsolt.hu\\\/#organization\",\"name\":\"marsizsolt.hu\",\"url\":\"https:\\\/\\\/marsizsolt.hu\\\/\",\"logo\":{\"@type\":\"ImageObject\",\"inLanguage\":\"en-US\",\"@id\":\"https:\\\/\\\/marsizsolt.hu\\\/#\\\/schema\\\/logo\\\/image\\\/\",\"url\":\"https:\\\/\\\/marsizsolt.hu\\\/wp-content\\\/uploads\\\/2025\\\/04\\\/Catering.svg\",\"contentUrl\":\"https:\\\/\\\/marsizsolt.hu\\\/wp-content\\\/uploads\\\/2025\\\/04\\\/Catering.svg\",\"width\":132,\"height\":243,\"caption\":\"marsizsolt.hu\"},\"image\":{\"@id\":\"https:\\\/\\\/marsizsolt.hu\\\/#\\\/schema\\\/logo\\\/image\\\/\"},\"sameAs\":[\"https:\\\/\\\/www.facebook.com\\\/gasztro.marsi\",\"https:\\\/\\\/www.instagram.com\\\/gasztro.marsi\\\/\"]}]}<\/script>\n<!-- \/ Yoast SEO plugin. -->","yoast_head_json":{"title":"Egy\u00e9b rozsdamentes eszk\u00f6z\u00f6k | Komplett catering szolg\u00e1ltat\u00e1s \u00e9s eszk\u00f6zpark","robots":{"index":"index","follow":"follow","max-snippet":"max-snippet:-1","max-image-preview":"max-image-preview:large","max-video-preview":"max-video-preview:-1"},"canonical":"https:\/\/marsizsolt.hu\/en\/product\/egyeb-rozsdamentes-eszkozok\/","og_locale":"en_US","og_type":"article","og_title":"Egy\u00e9b rozsdamentes eszk\u00f6z\u00f6k | Komplett catering szolg\u00e1ltat\u00e1s \u00e9s eszk\u00f6zpark","og_description":"P\u00e9ld\u00e1ul mobil reg\u00e1lkocsi 15 db GN 1\/1-hez, ami egy n\u00e9lk\u00fcl\u00f6zhetetlen eszk\u00f6z a professzion\u00e1lis konyh\u00e1kban, vend\u00e9gl\u00e1t\u00f3helyeken \u00e9s catering c\u00e9gekn\u00e9l. A term\u00e9k neve is sejteti, hogy a Gastronorm (GN) szabv\u00e1ny szerinti ed\u00e9nyekkel val\u00f3 kompatibilit\u00e1s a legfontosabb tulajdons\u00e1ga. Ez a term\u00e9k a t\u00e1rol\u00e1st, sz\u00e1ll\u00edt\u00e1st \u00e9s a t\u00e1lal\u00e1st teszi k\u00f6nnyebb\u00e9 \u00e9s gyorsabb\u00e1.","og_url":"https:\/\/marsizsolt.hu\/en\/product\/egyeb-rozsdamentes-eszkozok\/","og_site_name":"Komplett catering szolg\u00e1ltat\u00e1s \u00e9s eszk\u00f6zpark","article_publisher":"https:\/\/www.facebook.com\/gasztro.marsi","article_modified_time":"2025-08-27T16:09:53+00:00","og_image":[{"width":579,"height":916,"url":"https:\/\/marsizsolt.hu\/wp-content\/uploads\/2025\/08\/8220-egyeb-rozsdamentes-eszkozok.webp","type":"image\/webp"}],"twitter_card":"summary_large_image","schema":{"@context":"https:\/\/schema.org","@graph":[{"@type":"WebPage","@id":"https:\/\/marsizsolt.hu\/product\/egyeb-rozsdamentes-eszkozok\/","url":"https:\/\/marsizsolt.hu\/product\/egyeb-rozsdamentes-eszkozok\/","name":"Egy\u00e9b rozsdamentes eszk\u00f6z\u00f6k | Komplett catering szolg\u00e1ltat\u00e1s \u00e9s eszk\u00f6zpark","isPartOf":{"@id":"https:\/\/marsizsolt.hu\/#website"},"primaryImageOfPage":{"@id":"https:\/\/marsizsolt.hu\/product\/egyeb-rozsdamentes-eszkozok\/#primaryimage"},"image":{"@id":"https:\/\/marsizsolt.hu\/product\/egyeb-rozsdamentes-eszkozok\/#primaryimage"},"thumbnailUrl":"https:\/\/marsizsolt.hu\/wp-content\/uploads\/2025\/08\/8220-egyeb-rozsdamentes-eszkozok.webp","datePublished":"2025-08-26T11:51:29+00:00","dateModified":"2025-08-27T16:09:53+00:00","breadcrumb":{"@id":"https:\/\/marsizsolt.hu\/product\/egyeb-rozsdamentes-eszkozok\/#breadcrumb"},"inLanguage":"en-US","potentialAction":[{"@type":"ReadAction","target":["https:\/\/marsizsolt.hu\/product\/egyeb-rozsdamentes-eszkozok\/"]}]},{"@type":"ImageObject","inLanguage":"en-US","@id":"https:\/\/marsizsolt.hu\/product\/egyeb-rozsdamentes-eszkozok\/#primaryimage","url":"https:\/\/marsizsolt.hu\/wp-content\/uploads\/2025\/08\/8220-egyeb-rozsdamentes-eszkozok.webp","contentUrl":"https:\/\/marsizsolt.hu\/wp-content\/uploads\/2025\/08\/8220-egyeb-rozsdamentes-eszkozok.webp","width":579,"height":916},{"@type":"BreadcrumbList","@id":"https:\/\/marsizsolt.hu\/product\/egyeb-rozsdamentes-eszkozok\/#breadcrumb","itemListElement":[{"@type":"ListItem","position":1,"name":"Home","item":"https:\/\/marsizsolt.hu\/"},{"@type":"ListItem","position":2,"name":"Shop","item":"https:\/\/marsizsolt.hu\/shop\/"},{"@type":"ListItem","position":3,"name":"Egy\u00e9b rozsdamentes eszk\u00f6z\u00f6k"}]},{"@type":"WebSite","@id":"https:\/\/marsizsolt.hu\/#website","url":"https:\/\/marsizsolt.hu\/","name":"marsizsolt.hu","description":"Marsi Zsolt Catering &amp; Az Udvar \u2013 Az esem\u00e9nyed gasztron\u00f3miai h\u00e1ttere","publisher":{"@id":"https:\/\/marsizsolt.hu\/#organization"},"potentialAction":[{"@type":"SearchAction","target":{"@type":"EntryPoint","urlTemplate":"https:\/\/marsizsolt.hu\/?s={search_term_string}"},"query-input":{"@type":"PropertyValueSpecification","valueRequired":true,"valueName":"search_term_string"}}],"inLanguage":"en-US"},{"@type":"Organization","@id":"https:\/\/marsizsolt.hu\/#organization","name":"marsizsolt.hu","url":"https:\/\/marsizsolt.hu\/","logo":{"@type":"ImageObject","inLanguage":"en-US","@id":"https:\/\/marsizsolt.hu\/#\/schema\/logo\/image\/","url":"https:\/\/marsizsolt.hu\/wp-content\/uploads\/2025\/04\/Catering.svg","contentUrl":"https:\/\/marsizsolt.hu\/wp-content\/uploads\/2025\/04\/Catering.svg","width":132,"height":243,"caption":"marsizsolt.hu"},"image":{"@id":"https:\/\/marsizsolt.hu\/#\/schema\/logo\/image\/"},"sameAs":["https:\/\/www.facebook.com\/gasztro.marsi","https:\/\/www.instagram.com\/gasztro.marsi\/"]}]}},"_links":{"self":[{"href":"https:\/\/marsizsolt.hu\/en\/wp-json\/wp\/v2\/product\/3407","targetHints":{"allow":["GET"]}}],"collection":[{"href":"https:\/\/marsizsolt.hu\/en\/wp-json\/wp\/v2\/product"}],"about":[{"href":"https:\/\/marsizsolt.hu\/en\/wp-json\/wp\/v2\/types\/product"}],"wp:featuredmedia":[{"embeddable":true,"href":"https:\/\/marsizsolt.hu\/en\/wp-json\/wp\/v2\/media\/3779"}],"wp:attachment":[{"href":"https:\/\/marsizsolt.hu\/en\/wp-json\/wp\/v2\/media?parent=3407"}],"wp:term":[{"taxonomy":"product_brand","embeddable":true,"href":"https:\/\/marsizsolt.hu\/en\/wp-json\/wp\/v2\/product_brand?post=3407"},{"taxonomy":"product_cat","embeddable":true,"href":"https:\/\/marsizsolt.hu\/en\/wp-json\/wp\/v2\/product_cat?post=3407"},{"taxonomy":"product_tag","embeddable":true,"href":"https:\/\/marsizsolt.hu\/en\/wp-json\/wp\/v2\/product_tag?post=3407"}],"curies":[{"name":"wp","href":"https:\/\/api.w.org\/{rel}","templated":true}]}}